{"id":976,"date":"2015-12-14T15:12:09","date_gmt":"2015-12-14T14:12:09","guid":{"rendered":"http:\/\/persoclo.fr\/?post_type=product&#038;p=976"},"modified":"2020-04-10T18:29:20","modified_gmt":"2020-04-10T17:29:20","slug":"tapis-grande-taille","status":"publish","type":"product","link":"https:\/\/persoclo.fr\/en\/shopping\/tapis-grande-taille\/","title":{"rendered":"Tapis Nuage &#8211; 100% Made in France"},"content":{"rendered":"<p><strong>Composition: <\/strong>Le tapis est compos\u00e9 de 100% de fibres modacrylique<\/p>\n<p><strong>Entretien:\u00a0<\/strong>Lavable en machine \u00e0 30\u00b0 (mode d\u00e9licat) et s\u00e9chage \u00e0 plat.<\/p>\n<p><strong>Dimensions:<\/strong> 140*100 cm<\/p>\n","protected":false},"excerpt":{"rendered":"<p><img loading=\"lazy\" decoding=\"async\" class=\"aligncenter size-full wp-image-3805\" src=\"http:\/\/persoclo.fr\/wp-content\/uploads\/2017\/05\/H.png\" alt=\"\" width=\"815\" height=\"294\" srcset=\"https:\/\/persoclo.fr\/wp-content\/uploads\/2017\/05\/H.png 815w, https:\/\/persoclo.fr\/wp-content\/uploads\/2017\/05\/H-600x216.png 600w, https:\/\/persoclo.fr\/wp-content\/uploads\/2017\/05\/H-300x108.png 300w, https:\/\/persoclo.fr\/wp-content\/uploads\/2017\/05\/H-768x277.png 768w\" sizes=\"auto, (max-width: 815px) 100vw, 815px\" \/><\/p>\n<p>Ce tapis Pilepoil en forme de nuage apportera une touche de douceur dans la chambre de votre enfant. Ce sera pour ce dernier une v\u00e9ritable aire de jeux. Avec cette fausse fourrure tricot\u00e9e en France, pas de pertes de poils. Un aspect naturel et soyeux. Antid\u00e9rapant contre-coller directement, le tapis Pilepoil assure une s\u00e9curit\u00e9 pour tous.<\/p>\n<p><img loading=\"lazy\" decoding=\"async\" class=\"aligncenter size-full wp-image-3893\" src=\"http:\/\/persoclo.fr\/wp-content\/uploads\/2015\/12\/tapis-nuage1.png\" alt=\"\" width=\"520\" height=\"237\" srcset=\"https:\/\/persoclo.fr\/wp-content\/uploads\/2015\/12\/tapis-nuage1.png 520w, https:\/\/persoclo.fr\/wp-content\/uploads\/2015\/12\/tapis-nuage1-300x137.png 300w\" sizes=\"auto, (max-width: 520px) 100vw, 520px\" \/><\/p>\n","protected":false},"featured_media":973,"comment_status":"open","ping_status":"closed","template":"","meta":[],"product_brand":[],"product_cat":[25,220,42],"product_tag":[85],"class_list":{"0":"post-976","1":"product","2":"type-product","3":"status-publish","4":"has-post-thumbnail","6":"product_cat-surprises","7":"product_cat-maison-deco","8":"product_cat-tout","9":"product_tag-pilepoil","10":"product_shipping_class-classe-1","12":"first","13":"instock","14":"taxable","15":"shipping-taxable","16":"purchasable","17":"product-type-variable"},"translation":{"provider":"WPGlobus","version":"3.0.2","language":"en","enabled_languages":["fr","en"],"languages":{"fr":{"title":true,"content":true,"excerpt":true},"en":{"title":false,"content":false,"excerpt":false}}},"aioseo_notices":[],"_links":{"self":[{"href":"https:\/\/persoclo.fr\/en\/wp-json\/wp\/v2\/product\/976","targetHints":{"allow":["GET"]}}],"collection":[{"href":"https:\/\/persoclo.fr\/en\/wp-json\/wp\/v2\/product"}],"about":[{"href":"https:\/\/persoclo.fr\/en\/wp-json\/wp\/v2\/types\/product"}],"replies":[{"embeddable":true,"href":"https:\/\/persoclo.fr\/en\/wp-json\/wp\/v2\/comments?post=976"}],"wp:featuredmedia":[{"embeddable":true,"href":"https:\/\/persoclo.fr\/en\/wp-json\/wp\/v2\/media\/973"}],"wp:attachment":[{"href":"https:\/\/persoclo.fr\/en\/wp-json\/wp\/v2\/media?parent=976"}],"wp:term":[{"taxonomy":"product_brand","embeddable":true,"href":"https:\/\/persoclo.fr\/en\/wp-json\/wp\/v2\/product_brand?post=976"},{"taxonomy":"product_cat","embeddable":true,"href":"https:\/\/persoclo.fr\/en\/wp-json\/wp\/v2\/product_cat?post=976"},{"taxonomy":"product_tag","embeddable":true,"href":"https:\/\/persoclo.fr\/en\/wp-json\/wp\/v2\/product_tag?post=976"}],"curies":[{"name":"wp","href":"https:\/\/api.w.org\/{rel}","templated":true}]}}