{"id":790,"date":"2016-01-12T09:23:15","date_gmt":"2016-01-12T08:23:15","guid":{"rendered":"http:\/\/persoclo.fr\/?post_type=product&#038;p=790"},"modified":"2017-08-30T01:31:44","modified_gmt":"2017-08-30T00:31:44","slug":"gobi-bouteille-ecologique-personnalisable-made-in-france","status":"publish","type":"product","link":"https:\/\/persoclo.fr\/en\/shopping\/gobi-bouteille-ecologique-personnalisable-made-in-france\/","title":{"rendered":"Bouteille \u00e9cologique personnalisable &#038; made in France"},"content":{"rendered":"","protected":false},"excerpt":{"rendered":"<p>1. Il est personnalisable \u00e0 l\u2019infini gr\u00e2ce \u00e0 la carte int\u00e9rieure, \u00e0 choisir dans nos collections ou facile \u00e0 cr\u00e9er sur <a href=\"http:\/\/www.begobi.com\/gobi-cards\/\" target=\"_blank\">www.begobi.com<\/a>. Chacun peut diff\u00e9rencier sa bouteille au bureau ou dans la famille !<\/p>\n<p>2. Il est vraiment green : \u00e9co-con\u00e7u, sans BPA, il est con\u00e7u pour \u00eatre utilis\u00e9 pendant des ann\u00e9es et remplacer toutes les bouteilles et gobelets jetables.<\/p>\n<p>3. Il est pratique et \u00e9conomique : lavable en machine, l\u00e9ger, il s\u2019emporte partout : Une famille habitu\u00e9e \u00e0 acheter des bouteilles jetables fait des milliers d\u2019euros d\u2019\u00e9conomie gr\u00e2ce \u00e0 Gobi !<\/p>\n<p>4. Il a un design unique et il est 100% made in France ! Designer : C\u00e9dric Ragot ; fabrication dans le Val de Marne ; jeune entreprise fran\u00e7aise<\/p>\n<p>5. Il plait aux parents pour le bureau et la vie quotidienne et aux enfants et aux ados parce qu\u2019il est fun.<\/p>\n","protected":false},"featured_media":791,"comment_status":"open","ping_status":"closed","template":"","meta":[],"product_brand":[],"product_cat":[25,207,110],"product_tag":[127],"class_list":{"0":"post-790","1":"product","2":"type-product","3":"status-publish","4":"has-post-thumbnail","6":"product_cat-surprises","7":"product_cat-accessoires","8":"product_cat-personnalisable","9":"product_tag-gobi","11":"first","12":"instock","13":"taxable","14":"shipping-taxable","15":"purchasable","16":"product-type-variable","17":"has-default-attributes"},"translation":{"provider":"WPGlobus","version":"3.0.2","language":"en","enabled_languages":["fr","en"],"languages":{"fr":{"title":true,"content":false,"excerpt":true},"en":{"title":false,"content":false,"excerpt":false}}},"aioseo_notices":[],"_links":{"self":[{"href":"https:\/\/persoclo.fr\/en\/wp-json\/wp\/v2\/product\/790","targetHints":{"allow":["GET"]}}],"collection":[{"href":"https:\/\/persoclo.fr\/en\/wp-json\/wp\/v2\/product"}],"about":[{"href":"https:\/\/persoclo.fr\/en\/wp-json\/wp\/v2\/types\/product"}],"replies":[{"embeddable":true,"href":"https:\/\/persoclo.fr\/en\/wp-json\/wp\/v2\/comments?post=790"}],"wp:featuredmedia":[{"embeddable":true,"href":"https:\/\/persoclo.fr\/en\/wp-json\/wp\/v2\/media\/791"}],"wp:attachment":[{"href":"https:\/\/persoclo.fr\/en\/wp-json\/wp\/v2\/media?parent=790"}],"wp:term":[{"taxonomy":"product_brand","embeddable":true,"href":"https:\/\/persoclo.fr\/en\/wp-json\/wp\/v2\/product_brand?post=790"},{"taxonomy":"product_cat","embeddable":true,"href":"https:\/\/persoclo.fr\/en\/wp-json\/wp\/v2\/product_cat?post=790"},{"taxonomy":"product_tag","embeddable":true,"href":"https:\/\/persoclo.fr\/en\/wp-json\/wp\/v2\/product_tag?post=790"}],"curies":[{"name":"wp","href":"https:\/\/api.w.org\/{rel}","templated":true}]}}