{"id":6235,"date":"2019-04-12T00:49:04","date_gmt":"2019-04-11T23:49:04","guid":{"rendered":"https:\/\/persoclo.fr\/?post_type=product&#038;p=6235"},"modified":"2019-04-12T01:28:20","modified_gmt":"2019-04-12T00:28:20","slug":"coffret-bebe-lingettesbox","status":"publish","type":"product","link":"https:\/\/persoclo.fr\/en\/shopping\/coffret-bebe-lingettesbox\/","title":{"rendered":"Coffret b\u00e9b\u00e9 (Lingettes+Box)"},"content":{"rendered":"<p><strong>Composition et dimension<br \/>\n<\/strong><\/p>\n<p>Nous utilisons des textiles garantis sans produits n\u00e9fastes pour la peau et l\u2019environnement (label OEKO-TEX\u00ae)<\/p>\n<ul>\n<li>Cotons\/Lingettes bifaces (10 cm) : 100% coton, 100% polyester<\/li>\n<li>Box (12 cm) : 100% coton<\/li>\n<li>Filet de lavage (20 cm) : 100% polyester<\/li>\n<\/ul>\n","protected":false},"excerpt":{"rendered":"<p>Le coffret de d\u00e9barbouillage contient:<\/p>\n<ul>\n<li>10 lingettes lavables et r\u00e9utilisables<\/li>\n<li>1 box de rangement El\u00e9fun<\/li>\n<li>1 notice d&#8217;utilisation<\/li>\n<\/ul>\n<p>10 lingettes b\u00e9b\u00e9 lavables remplacent 7000 cotons jetables et permettent d&#8217;\u00e9conomiser environ 150 \u20ac par an.<\/p>\n<ul>\n<li>Une face \u00e9ponge pour le d\u00e9barbouillage<\/li>\n<li>Une face molleton pour appliquer le soin<\/li>\n<li>Recommand\u00e9es pour la peau sensible de b\u00e9b\u00e9<\/li>\n<\/ul>\n<ul>\n<li>R\u00e9utilisables plus de 300 fois<\/li>\n<li>Lavables en machine de 30\u00b0C \u00e0 60\u00b0C<\/li>\n<li>Textiles sans produits toxiques (label OEKO-TEX\u00ae)<\/li>\n<\/ul>\n<p style=\"text-align: center;\"><strong>100% Made in France et Responsable.<\/strong><\/p>\n<p style=\"text-align: center;\">S\u00e9lectionnez un mod\u00e8le pour afficher la photo correspondante&#8230;<\/p>\n","protected":false},"featured_media":6259,"comment_status":"open","ping_status":"closed","template":"","meta":[],"product_brand":[],"product_cat":[25,148,42],"product_tag":[547],"class_list":{"0":"post-6235","1":"product","2":"type-product","3":"status-publish","4":"has-post-thumbnail","6":"product_cat-surprises","7":"product_cat-cosmetique","8":"product_cat-tout","9":"product_tag-clarange","11":"first","12":"instock","13":"taxable","14":"shipping-taxable","15":"purchasable","16":"product-type-variable"},"translation":{"provider":"WPGlobus","version":"3.0.2","language":"en","enabled_languages":["fr","en"],"languages":{"fr":{"title":true,"content":true,"excerpt":true},"en":{"title":false,"content":false,"excerpt":false}}},"aioseo_notices":[],"_links":{"self":[{"href":"https:\/\/persoclo.fr\/en\/wp-json\/wp\/v2\/product\/6235","targetHints":{"allow":["GET"]}}],"collection":[{"href":"https:\/\/persoclo.fr\/en\/wp-json\/wp\/v2\/product"}],"about":[{"href":"https:\/\/persoclo.fr\/en\/wp-json\/wp\/v2\/types\/product"}],"replies":[{"embeddable":true,"href":"https:\/\/persoclo.fr\/en\/wp-json\/wp\/v2\/comments?post=6235"}],"wp:featuredmedia":[{"embeddable":true,"href":"https:\/\/persoclo.fr\/en\/wp-json\/wp\/v2\/media\/6259"}],"wp:attachment":[{"href":"https:\/\/persoclo.fr\/en\/wp-json\/wp\/v2\/media?parent=6235"}],"wp:term":[{"taxonomy":"product_brand","embeddable":true,"href":"https:\/\/persoclo.fr\/en\/wp-json\/wp\/v2\/product_brand?post=6235"},{"taxonomy":"product_cat","embeddable":true,"href":"https:\/\/persoclo.fr\/en\/wp-json\/wp\/v2\/product_cat?post=6235"},{"taxonomy":"product_tag","embeddable":true,"href":"https:\/\/persoclo.fr\/en\/wp-json\/wp\/v2\/product_tag?post=6235"}],"curies":[{"name":"wp","href":"https:\/\/api.w.org\/{rel}","templated":true}]}}