{"id":6167,"date":"2019-04-11T05:42:09","date_gmt":"2019-04-11T04:42:09","guid":{"rendered":"https:\/\/persoclo.fr\/?post_type=product&#038;p=6167"},"modified":"2019-04-11T06:18:46","modified_gmt":"2019-04-11T05:18:46","slug":"coffret-de-demaquillage-lingettes-reutilisables","status":"publish","type":"product","link":"https:\/\/persoclo.fr\/en\/shopping\/coffret-de-demaquillage-lingettes-reutilisables\/","title":{"rendered":"Coffret de d\u00e9maquillage (Box+Lingettes r\u00e9utilisables)"},"content":{"rendered":"<p><strong>Composition et dimension<br \/>\n<\/strong><\/p>\n<p>Nous utilisons des textiles garantis sans produits n\u00e9fastes pour la peau et l\u2019environnement (label OEKO-TEX\u00ae)<\/p>\n<ul>\n<li>Cotons d\u00e9maquillants bifaces (10 cm) : 100% coton, 100% polyester<\/li>\n<li>Box Baln\u00e9a (12 cm) : 100% coton<\/li>\n<li>Filet de lavage (20 cm) : 100% polyester<\/li>\n<\/ul>\n","protected":false},"excerpt":{"rendered":"<p>Ce super coffret contient:<\/p>\n<ul>\n<li>10 cotons d\u00e9maquillants lavables et r\u00e9utilisables<\/li>\n<li>1 box de rangement<\/li>\n<li>1 filet de lavage<\/li>\n<li>1 notice d&#8217;utilisation<\/li>\n<\/ul>\n<p>10 cotons d\u00e9maquillants r\u00e9utilisables remplacent 4000 cotons jetables et permettent d&#8217;\u00e9conomiser environ 40\u20ac par an.<\/p>\n<p><strong>Utilisation des cotons d\u00e9maquillants r\u00e9utilisables<br \/>\n<\/strong><\/p>\n<p>Pour un d\u00e9maquillage sans contrainte, appliquez votre produit d\u00e9maquillant habituel : lait, eau micellaire, lotion ou mousse nettoyante sur votre coton lavable. Chaque coton est \u00e0 usage unique, apr\u00e8s utilisation, glissez-le dans le filet de lavage.<\/p>\n<p><strong>Le + : un seul coton suffit pour un d\u00e9maquillage efficace !<br \/>\n<\/strong><\/p>\n<p><em>Deux faces pour 2 utilisations diff\u00e9rentes :<\/em><\/p>\n<ul>\n<li>La face en \u00e9ponge de coton est recommand\u00e9e pour nettoyer quotidiennement le visage. Ses longues bouclettes d\u00e9sincrustent et purifient les pores de l&#8217;\u00e9piderme. Votre peau est nette et \u00e9clatante de sant\u00e9.<\/li>\n<li>La face molleton, douce et moelleuse offre l&#8217;avantage de d\u00e9maquiller d\u00e9licatement vos yeux sensibles.<\/li>\n<\/ul>\n<p><strong>Le filet de lavage<br \/>\n<\/strong><\/p>\n<p>Il permet de stocker vos cotons d\u00e9maquillants usag\u00e9s en attentant votre prochaine machine. Afin de ne pas avoir \u00e0 chercher vos cotons dans les jambes de pantalon, manches de pull, nous pr\u00e9conisons le filet de lavage, pratique et fonctionnel.<\/p>\n<p><strong>La box<\/strong><\/p>\n<p>La box en tissu pratique et fonctionnelle, permet un acc\u00e8s facile \u00e0 vos cotons d\u00e9maquillants r\u00e9utilisables Clarange.<\/p>\n<p style=\"text-align: center;\"><strong>100% Made in France et Responsable.<\/strong><\/p>\n<p style=\"text-align: center;\">S\u00e9lectionnez un mod\u00e8le pour afficher la photo correspondante&#8230;<\/p>\n","protected":false},"featured_media":6202,"comment_status":"open","ping_status":"closed","template":"","meta":[],"product_brand":[],"product_cat":[25,148,42],"product_tag":[547],"class_list":{"0":"post-6167","1":"product","2":"type-product","3":"status-publish","4":"has-post-thumbnail","6":"product_cat-surprises","7":"product_cat-cosmetique","8":"product_cat-tout","9":"product_tag-clarange","11":"first","12":"instock","13":"taxable","14":"shipping-taxable","15":"purchasable","16":"product-type-variable"},"translation":{"provider":"WPGlobus","version":"3.0.2","language":"en","enabled_languages":["fr","en"],"languages":{"fr":{"title":true,"content":true,"excerpt":true},"en":{"title":false,"content":false,"excerpt":false}}},"aioseo_notices":[],"_links":{"self":[{"href":"https:\/\/persoclo.fr\/en\/wp-json\/wp\/v2\/product\/6167","targetHints":{"allow":["GET"]}}],"collection":[{"href":"https:\/\/persoclo.fr\/en\/wp-json\/wp\/v2\/product"}],"about":[{"href":"https:\/\/persoclo.fr\/en\/wp-json\/wp\/v2\/types\/product"}],"replies":[{"embeddable":true,"href":"https:\/\/persoclo.fr\/en\/wp-json\/wp\/v2\/comments?post=6167"}],"wp:featuredmedia":[{"embeddable":true,"href":"https:\/\/persoclo.fr\/en\/wp-json\/wp\/v2\/media\/6202"}],"wp:attachment":[{"href":"https:\/\/persoclo.fr\/en\/wp-json\/wp\/v2\/media?parent=6167"}],"wp:term":[{"taxonomy":"product_brand","embeddable":true,"href":"https:\/\/persoclo.fr\/en\/wp-json\/wp\/v2\/product_brand?post=6167"},{"taxonomy":"product_cat","embeddable":true,"href":"https:\/\/persoclo.fr\/en\/wp-json\/wp\/v2\/product_cat?post=6167"},{"taxonomy":"product_tag","embeddable":true,"href":"https:\/\/persoclo.fr\/en\/wp-json\/wp\/v2\/product_tag?post=6167"}],"curies":[{"name":"wp","href":"https:\/\/api.w.org\/{rel}","templated":true}]}}