{"id":6121,"date":"2019-04-08T22:04:44","date_gmt":"2019-04-08T21:04:44","guid":{"rendered":"https:\/\/persoclo.fr\/?post_type=product&#038;p=6121"},"modified":"2019-04-08T23:13:54","modified_gmt":"2019-04-08T22:13:54","slug":"cotons-demaquillants-reutilisables","status":"publish","type":"product","link":"https:\/\/persoclo.fr\/en\/shopping\/cotons-demaquillants-reutilisables\/","title":{"rendered":"Cotons d\u00e9maquillants r\u00e9utilisables"},"content":{"rendered":"<div id=\"pl-6121\"  class=\"panel-layout\" ><div id=\"pg-6121-0\"  class=\"panel-grid panel-no-style\" ><div id=\"pgc-6121-0-0\"  class=\"panel-grid-cell\" ><div id=\"panel-6121-0-0-0\" class=\"so-panel widget widget_sow-editor panel-first-child panel-last-child\" data-index=\"0\" ><div\n\t\t\t\n\t\t\tclass=\"so-widget-sow-editor so-widget-sow-editor-base\"\n\t\t\t\n\t\t>\n<div class=\"siteorigin-widget-tinymce textwidget\">\n\t<p>Ce lot bicolore contient:<\/p>\n<ul>\n<li>5 cotons d\u00e9maquillants roses lavables<\/li>\n<li>5 cotons d\u00e9maquillants lavables gris<\/li>\n<li>1 notice d'utilisation<\/li>\n<\/ul>\n<p>&nbsp;<\/p>\n<p>10 cotons d\u00e9maquillants r\u00e9utilisables remplacent 4000 cotons jetables et permettent d'\u00e9conomiser environ 40 \u20ac par an.<\/p>\n<\/div>\n<\/div><\/div><\/div><\/div><\/div>","protected":false},"excerpt":{"rendered":"<ul>\n<li>Un c\u00f4t\u00e9 \u00e9ponge pour le d\u00e9maquillage du visage<\/li>\n<li>Une face molleton pour le d\u00e9maquillage des yeux<\/li>\n<li>Recommand\u00e9 pour les peaux sensibles<\/li>\n<li>R\u00e9utilisables plus de 300 fois<\/li>\n<\/ul>\n<ul>\n<li>Lavables en machine de 30 \u00b0 C \u00e0 60 \u00b0 C<\/li>\n<li>Textiles sans produits toxiques (label OEKO-TEX\u00ae)<\/li>\n<li>Fabrication fran\u00e7aise<\/li>\n<\/ul>\n","protected":false},"featured_media":6125,"comment_status":"open","ping_status":"closed","template":"","meta":[],"product_brand":[],"product_cat":[148,42],"product_tag":[547],"class_list":{"0":"post-6121","1":"product","2":"type-product","3":"status-publish","4":"has-post-thumbnail","6":"product_cat-cosmetique","7":"product_cat-tout","8":"product_tag-clarange","9":"product_shipping_class-classe-1","11":"first","12":"instock","13":"taxable","14":"shipping-taxable","15":"purchasable","16":"product-type-simple"},"translation":{"provider":"WPGlobus","version":"3.0.2","language":"en","enabled_languages":["fr","en"],"languages":{"fr":{"title":true,"content":true,"excerpt":true},"en":{"title":false,"content":false,"excerpt":false}}},"aioseo_notices":[],"_links":{"self":[{"href":"https:\/\/persoclo.fr\/en\/wp-json\/wp\/v2\/product\/6121","targetHints":{"allow":["GET"]}}],"collection":[{"href":"https:\/\/persoclo.fr\/en\/wp-json\/wp\/v2\/product"}],"about":[{"href":"https:\/\/persoclo.fr\/en\/wp-json\/wp\/v2\/types\/product"}],"replies":[{"embeddable":true,"href":"https:\/\/persoclo.fr\/en\/wp-json\/wp\/v2\/comments?post=6121"}],"wp:featuredmedia":[{"embeddable":true,"href":"https:\/\/persoclo.fr\/en\/wp-json\/wp\/v2\/media\/6125"}],"wp:attachment":[{"href":"https:\/\/persoclo.fr\/en\/wp-json\/wp\/v2\/media?parent=6121"}],"wp:term":[{"taxonomy":"product_brand","embeddable":true,"href":"https:\/\/persoclo.fr\/en\/wp-json\/wp\/v2\/product_brand?post=6121"},{"taxonomy":"product_cat","embeddable":true,"href":"https:\/\/persoclo.fr\/en\/wp-json\/wp\/v2\/product_cat?post=6121"},{"taxonomy":"product_tag","embeddable":true,"href":"https:\/\/persoclo.fr\/en\/wp-json\/wp\/v2\/product_tag?post=6121"}],"curies":[{"name":"wp","href":"https:\/\/api.w.org\/{rel}","templated":true}]}}