{"id":6111,"date":"2019-04-08T02:05:15","date_gmt":"2019-04-08T01:05:15","guid":{"rendered":"https:\/\/persoclo.fr\/?post_type=product&#038;p=6111"},"modified":"2019-04-08T02:05:16","modified_gmt":"2019-04-08T01:05:16","slug":"lingettes-bebe-reutilisables","status":"publish","type":"product","link":"https:\/\/persoclo.fr\/en\/shopping\/lingettes-bebe-reutilisables\/","title":{"rendered":"Lingettes b\u00e9b\u00e9 r\u00e9utilisables"},"content":{"rendered":"<div id=\"pl-6111\"  class=\"panel-layout\" ><div id=\"pg-6111-0\"  class=\"panel-grid panel-no-style\" ><div id=\"pgc-6111-0-0\"  class=\"panel-grid-cell\" ><div id=\"panel-6111-0-0-0\" class=\"so-panel widget widget_sow-editor panel-first-child panel-last-child\" data-index=\"0\" ><div\n\t\t\t\n\t\t\tclass=\"so-widget-sow-editor so-widget-sow-editor-base\"\n\t\t\t\n\t\t>\n<div class=\"siteorigin-widget-tinymce textwidget\">\n\t<ul>\n<li>Une face \u00e9ponge pour le d\u00e9barbouillage<\/li>\n<li>Une face molleton pour appliquer le soin<\/li>\n<li>Recommand\u00e9es pour la peau sensible de b\u00e9b\u00e9<\/li>\n<\/ul>\n<ul>\n<li>R\u00e9utilisables plus de 300 fois<\/li>\n<li>Lavables en machine de 30\u00b0C \u00e0 60\u00b0C<\/li>\n<li>Textiles sans produits toxiques (label OEKO-TEX\u00ae)<\/li>\n<li>Fabrication fran\u00e7aise<\/li>\n<\/ul>\n<p><strong>Comment utiliser nos lingettes b\u00e9b\u00e9 lavables ?<br \/>\n<\/strong><\/p>\n<p>- Simplement humidifi\u00e9e, la lingette d\u00e9barbouille sans irriter.<\/p>\n<p>- En remplacement du gant de toilette et d'un simple geste, l'enfant est autonome et se d\u00e9barbouille seul apr\u00e8s le go\u00fbter...sans inonder la salle de bains.<\/p>\n<p>Nos lingettes passent en machine de 30\u00b0C \u00e0 60\u00b0C jusqu'\u00e0 300 fois. Lavez-les avec le reste de votre linge et, si vous le souhaitez, le programme doux de votre s\u00e8che-linge donnera douceur, souplesse et gonflant \u00e0 vos lingettes.<\/p>\n<\/div>\n<\/div><\/div><\/div><\/div><\/div>","protected":false},"excerpt":{"rendered":"<p><strong>Ce lot bicolore contient 10 lingettes lavables:<\/strong><\/p>\n<ul>\n<li>5 lingettes bleues<\/li>\n<li>5 lingettes oranges<\/li>\n<li>1 notice d&#8217;utilisation<\/li>\n<\/ul>\n<p>10 lingettes b\u00e9b\u00e9 lavables remplacent 7000 cotons jetables et permettent d&#8217;\u00e9conomiser environ 150\u20ac par an.<\/p>\n<p><em>2 faces : <\/em>Une face hypoallerg\u00e9nique en coton et une autre face molleton, douce et et confortable.<\/p>\n<p><em>2 couleurs pour dissocier les usages : <\/em>Une couleur pour le haut du corps et une autre pour le bas du corps.<\/p>\n","protected":false},"featured_media":6115,"comment_status":"open","ping_status":"closed","template":"","meta":[],"product_brand":[],"product_cat":[52,148,42],"product_tag":[547],"class_list":{"0":"post-6111","1":"product","2":"type-product","3":"status-publish","4":"has-post-thumbnail","6":"product_cat-bebe","7":"product_cat-cosmetique","8":"product_cat-tout","9":"product_tag-clarange","10":"product_shipping_class-classe-1","12":"first","13":"instock","14":"taxable","15":"shipping-taxable","16":"purchasable","17":"product-type-simple"},"translation":{"provider":"WPGlobus","version":"3.0.2","language":"en","enabled_languages":["fr","en"],"languages":{"fr":{"title":true,"content":true,"excerpt":true},"en":{"title":false,"content":false,"excerpt":false}}},"aioseo_notices":[],"_links":{"self":[{"href":"https:\/\/persoclo.fr\/en\/wp-json\/wp\/v2\/product\/6111","targetHints":{"allow":["GET"]}}],"collection":[{"href":"https:\/\/persoclo.fr\/en\/wp-json\/wp\/v2\/product"}],"about":[{"href":"https:\/\/persoclo.fr\/en\/wp-json\/wp\/v2\/types\/product"}],"replies":[{"embeddable":true,"href":"https:\/\/persoclo.fr\/en\/wp-json\/wp\/v2\/comments?post=6111"}],"wp:featuredmedia":[{"embeddable":true,"href":"https:\/\/persoclo.fr\/en\/wp-json\/wp\/v2\/media\/6115"}],"wp:attachment":[{"href":"https:\/\/persoclo.fr\/en\/wp-json\/wp\/v2\/media?parent=6111"}],"wp:term":[{"taxonomy":"product_brand","embeddable":true,"href":"https:\/\/persoclo.fr\/en\/wp-json\/wp\/v2\/product_brand?post=6111"},{"taxonomy":"product_cat","embeddable":true,"href":"https:\/\/persoclo.fr\/en\/wp-json\/wp\/v2\/product_cat?post=6111"},{"taxonomy":"product_tag","embeddable":true,"href":"https:\/\/persoclo.fr\/en\/wp-json\/wp\/v2\/product_tag?post=6111"}],"curies":[{"name":"wp","href":"https:\/\/api.w.org\/{rel}","templated":true}]}}