{"id":5068,"date":"2016-05-25T07:53:21","date_gmt":"2016-05-25T06:53:21","guid":{"rendered":"https:\/\/persoclo.fr\/produit\/gift-card\/"},"modified":"2019-03-01T06:44:16","modified_gmt":"2019-03-01T05:44:16","slug":"cadeau","status":"publish","type":"product","link":"https:\/\/persoclo.fr\/en\/shopping\/cadeau\/","title":{"rendered":"Carte cadeau"},"content":{"rendered":"","protected":false},"excerpt":{"rendered":"<p>Offrez un cadeau qui a du sens.Laissez le b\u00e9n\u00e9ficiaire choisir lui m\u00eame dans notre catalogue 100% Made in France.Vous recevrez un code, correspondant au montant de votre choix, \u00e0 entrer lors de votre prochain achat. Si vous souhaitez recevoir une carte cadeau par courrier, faites le nous savoir!!! \ud83d\ude42<\/p>\n","protected":false},"featured_media":5899,"comment_status":"open","ping_status":"closed","template":"","meta":[],"product_brand":[],"product_cat":[41],"product_tag":[545],"class_list":{"0":"post-5068","1":"product","2":"type-product","3":"status-publish","4":"has-post-thumbnail","6":"product_cat-persoclo","7":"product_tag-carte-cadeau","9":"first","10":"instock","11":"purchasable","12":"product-type-simple"},"translation":{"provider":"WPGlobus","version":"3.0.2","language":"en","enabled_languages":["fr","en"],"languages":{"fr":{"title":true,"content":false,"excerpt":true},"en":{"title":false,"content":false,"excerpt":false}}},"aioseo_notices":[],"_links":{"self":[{"href":"https:\/\/persoclo.fr\/en\/wp-json\/wp\/v2\/product\/5068","targetHints":{"allow":["GET"]}}],"collection":[{"href":"https:\/\/persoclo.fr\/en\/wp-json\/wp\/v2\/product"}],"about":[{"href":"https:\/\/persoclo.fr\/en\/wp-json\/wp\/v2\/types\/product"}],"replies":[{"embeddable":true,"href":"https:\/\/persoclo.fr\/en\/wp-json\/wp\/v2\/comments?post=5068"}],"wp:featuredmedia":[{"embeddable":true,"href":"https:\/\/persoclo.fr\/en\/wp-json\/wp\/v2\/media\/5899"}],"wp:attachment":[{"href":"https:\/\/persoclo.fr\/en\/wp-json\/wp\/v2\/media?parent=5068"}],"wp:term":[{"taxonomy":"product_brand","embeddable":true,"href":"https:\/\/persoclo.fr\/en\/wp-json\/wp\/v2\/product_brand?post=5068"},{"taxonomy":"product_cat","embeddable":true,"href":"https:\/\/persoclo.fr\/en\/wp-json\/wp\/v2\/product_cat?post=5068"},{"taxonomy":"product_tag","embeddable":true,"href":"https:\/\/persoclo.fr\/en\/wp-json\/wp\/v2\/product_tag?post=5068"}],"curies":[{"name":"wp","href":"https:\/\/api.w.org\/{rel}","templated":true}]}}