{"id":5051,"date":"2018-05-24T21:55:34","date_gmt":"2018-05-24T20:55:34","guid":{"rendered":"https:\/\/persoclo.fr\/?post_type=product&#038;p=5051"},"modified":"2020-09-08T11:05:44","modified_gmt":"2020-09-08T10:05:44","slug":"tapis-fausse-fourrure","status":"publish","type":"product","link":"https:\/\/persoclo.fr\/en\/shopping\/tapis-fausse-fourrure\/","title":{"rendered":"Tapis fausse fourrure"},"content":{"rendered":"","protected":false},"excerpt":{"rendered":"<p class=\"content\" data-hook=\"product-page-description-content\">Ce tapis Pilepoil de forme rectangulaire aux poils long apportera une touche de douceur dans votre chambre ou votre salon.<\/p>\n<p>Made in France, pas de perte de poils, un aspect naturel et soyeux.<\/p>\n<p>Le tapis Pilepoil, assure une s\u00e9curit\u00e9 pour toute la famille avec son antid\u00e9rapant contre-coller directement<\/p>\n<p>&#8230;&#8230;&#8230;&#8230;&#8230;&#8230;&#8230;&#8230;&#8230;&#8230;&#8230;&#8230;&#8230;&#8230;.<\/p>\n<p>Perfect for a livingroom, bedroom, this Faux Sheepskin Rug by Pilepoil will make an interesting home decoration focal point.<\/p>\n","protected":false},"featured_media":5054,"comment_status":"open","ping_status":"closed","template":"","meta":[],"product_brand":[],"product_cat":[84,220,42],"product_tag":[85],"class_list":{"0":"post-5051","1":"product","2":"type-product","3":"status-publish","4":"has-post-thumbnail","6":"product_cat-best-of","7":"product_cat-maison-deco","8":"product_cat-tout","9":"product_tag-pilepoil","11":"first","12":"outofstock","13":"featured","14":"taxable","15":"shipping-taxable","16":"purchasable","17":"product-type-simple"},"translation":{"provider":"WPGlobus","version":"3.0.2","language":"en","enabled_languages":["fr","en"],"languages":{"fr":{"title":true,"content":false,"excerpt":true},"en":{"title":false,"content":false,"excerpt":false}}},"aioseo_notices":[],"_links":{"self":[{"href":"https:\/\/persoclo.fr\/en\/wp-json\/wp\/v2\/product\/5051","targetHints":{"allow":["GET"]}}],"collection":[{"href":"https:\/\/persoclo.fr\/en\/wp-json\/wp\/v2\/product"}],"about":[{"href":"https:\/\/persoclo.fr\/en\/wp-json\/wp\/v2\/types\/product"}],"replies":[{"embeddable":true,"href":"https:\/\/persoclo.fr\/en\/wp-json\/wp\/v2\/comments?post=5051"}],"wp:featuredmedia":[{"embeddable":true,"href":"https:\/\/persoclo.fr\/en\/wp-json\/wp\/v2\/media\/5054"}],"wp:attachment":[{"href":"https:\/\/persoclo.fr\/en\/wp-json\/wp\/v2\/media?parent=5051"}],"wp:term":[{"taxonomy":"product_brand","embeddable":true,"href":"https:\/\/persoclo.fr\/en\/wp-json\/wp\/v2\/product_brand?post=5051"},{"taxonomy":"product_cat","embeddable":true,"href":"https:\/\/persoclo.fr\/en\/wp-json\/wp\/v2\/product_cat?post=5051"},{"taxonomy":"product_tag","embeddable":true,"href":"https:\/\/persoclo.fr\/en\/wp-json\/wp\/v2\/product_tag?post=5051"}],"curies":[{"name":"wp","href":"https:\/\/api.w.org\/{rel}","templated":true}]}}