{"id":5034,"date":"2018-05-18T11:42:07","date_gmt":"2018-05-18T10:42:07","guid":{"rendered":"https:\/\/persoclo.fr\/?post_type=product&#038;p=5034"},"modified":"2018-05-24T07:32:33","modified_gmt":"2018-05-24T06:32:33","slug":"chineur-_-cabas","status":"publish","type":"product","link":"https:\/\/persoclo.fr\/en\/shopping\/chineur-_-cabas\/","title":{"rendered":"CHINEUR &#8211; Cabas"},"content":{"rendered":"<p>Dimensions en cm : 36(h) x 48(L) x 0,5(l)<br \/>\npoche int\u00e9rieure en cm : 19(h) x 46(L)<br \/>\npoids en grammes : 666 (un rire des t\u00e9n\u00e8bres retentit)<\/p>\n<p>Mat\u00e9riaux :<br \/>\n&#8211; Chambre \u00e0 air 100% collect\u00e9e en France.<br \/>\n&#8211; Sangle mi lin \u2013 mi polyamide : Fabrication en France<br \/>\n&#8211; Tissu Filet : Fabrication en Europe<br \/>\n&#8211; Fil : Fabrication en Allemagne<br \/>\n&#8211; Accessoires m\u00e9talliques et plastiques\u00a0: Fabrication en Italie<br \/>\n&#8211; \u00c9tiquette caoutchouc : Fabriqu\u00e9es au Portugal<\/p>\n","protected":false},"excerpt":{"rendered":"<p>Grand cabas, initialement con\u00e7u pour faire ses courses alimentaires, mais peut tr\u00e8s bien convenir pour aller \u00e0 la piscine, \u00e0 la salle de sport, au travail ou chez les amis.<br \/>\nDot\u00e9 d\u2019une large poche filet avec l\u2019ouverture sur la face avant.<br \/>\nDe l\u2019ext\u00e9rieur, personne ne verra rien de ce que vous transportez alors que vous, en un clin d\u2019oeil, saurez retrouver toutes vos affaires.<br \/>\nSa taille est pratique et son entretient tr\u00e8s facile.<br \/>\nSe porte \u00e0 l\u2019\u00e9paule ou \u00e0 la main.<br \/>\nMod\u00e8le plut\u00f4t f\u00e9minin, mais vous \u00eates libres de jouer avec les genres !<\/p>\n<p>Tous les produits FANTOME sont des pi\u00e8ces uniques, fabriqu\u00e9s main dans notre atelier pr\u00e8s de Bordeaux, sans mati\u00e8re animale et sans colle.<br \/>\nChaque article est num\u00e9rot\u00e9 et livr\u00e9 dans son carton d&#8217;emballage individuel. \u2028Les particularit\u00e9s de la chambre \u00e0 air de v\u00e9lo recycl\u00e9e apportent des variations de couleurs, d&#8217;inscriptions et de pr\u00e9sence (ou absence) de rustines.\u2028Entretenez et lavez votre FANTOME \u00e0 l&#8217;aide d&#8217;une eau l\u00e9g\u00e8rement savonneuse.<\/p>\n","protected":false},"featured_media":5038,"comment_status":"open","ping_status":"closed","template":"","meta":[],"product_brand":[],"product_cat":[207,84,524,42],"product_tag":[182],"class_list":{"0":"post-5034","1":"product","2":"type-product","3":"status-publish","4":"has-post-thumbnail","6":"product_cat-accessoires","7":"product_cat-best-of","8":"product_cat-bagagerie","9":"product_cat-tout","10":"product_tag-fantome","12":"first","13":"instock","14":"taxable","15":"shipping-taxable","16":"purchasable","17":"product-type-simple"},"translation":{"provider":"WPGlobus","version":"3.0.2","language":"en","enabled_languages":["fr","en"],"languages":{"fr":{"title":true,"content":true,"excerpt":true},"en":{"title":false,"content":false,"excerpt":false}}},"aioseo_notices":[],"_links":{"self":[{"href":"https:\/\/persoclo.fr\/en\/wp-json\/wp\/v2\/product\/5034","targetHints":{"allow":["GET"]}}],"collection":[{"href":"https:\/\/persoclo.fr\/en\/wp-json\/wp\/v2\/product"}],"about":[{"href":"https:\/\/persoclo.fr\/en\/wp-json\/wp\/v2\/types\/product"}],"replies":[{"embeddable":true,"href":"https:\/\/persoclo.fr\/en\/wp-json\/wp\/v2\/comments?post=5034"}],"wp:featuredmedia":[{"embeddable":true,"href":"https:\/\/persoclo.fr\/en\/wp-json\/wp\/v2\/media\/5038"}],"wp:attachment":[{"href":"https:\/\/persoclo.fr\/en\/wp-json\/wp\/v2\/media?parent=5034"}],"wp:term":[{"taxonomy":"product_brand","embeddable":true,"href":"https:\/\/persoclo.fr\/en\/wp-json\/wp\/v2\/product_brand?post=5034"},{"taxonomy":"product_cat","embeddable":true,"href":"https:\/\/persoclo.fr\/en\/wp-json\/wp\/v2\/product_cat?post=5034"},{"taxonomy":"product_tag","embeddable":true,"href":"https:\/\/persoclo.fr\/en\/wp-json\/wp\/v2\/product_tag?post=5034"}],"curies":[{"name":"wp","href":"https:\/\/api.w.org\/{rel}","templated":true}]}}