{"id":5027,"date":"2018-05-18T11:26:55","date_gmt":"2018-05-18T10:26:55","guid":{"rendered":"https:\/\/persoclo.fr\/?post_type=product&#038;p=5027"},"modified":"2018-05-18T11:26:55","modified_gmt":"2018-05-18T10:26:55","slug":"la-trousse-de-toilette-diy-4-flacons","status":"publish","type":"product","link":"https:\/\/persoclo.fr\/en\/shopping\/la-trousse-de-toilette-diy-4-flacons\/","title":{"rendered":"La Trousse de Toilette DIY 4 flacons"},"content":{"rendered":"<p>Dimensions en cm :<br \/>\nhauteur 10,5 \/ longueur : 16 \/ \u00e9paisseur : 4,5<br \/>\nMat\u00e9riaux :<br \/>\n&#8211; Chambre \u00e0 air 100% collect\u00e9e en France.<br \/>\n&#8211; Flacons en verre et bouchon : Fabrication U.E.<br \/>\n&#8211; Fil : Fabrication en Allemagne<br \/>\n&#8211; Zip : Fabrication en Italie<br \/>\n&#8211; \u00c9tiquette caoutchouc : Fabriqu\u00e9es au Portugal<\/p>\n","protected":false},"excerpt":{"rendered":"<p>N\u00e9cessaire journalier pour un mode de vie d&#8217;aspiration z\u00e9ro d\u00e9chet.<\/p>\n<p>Petite trousse pourvue de quatre flacons en verre de 60ml et d&#8217;un flyer de recettes (dentifrice, soin du visage et du corps, d\u00e9odorant) \u00e0 faire sois-m\u00eame, dont une recette propos\u00e9e par @zerowastefrenchie &#8211; http:\/\/simplyseube.blogspot.fr\/ &#8211; blogueuse z\u00e9ro d\u00e9chet et une autre par @laptitenoisette &#8211; http:\/\/laptitenoisette.com\/ &#8211; blogueuse vegan et bien \u00eatre.<br \/>\nLes recettes sont v\u00e9ganes et faciles \u00e0 faire puisque compos\u00e9es d&#8217;ingr\u00e9dients faciles \u00e0 trouver.<\/p>\n<p>Ce petit coffret s&#8217;adresse aux personnes pratiquant d\u00e9j\u00e0 la slow cosm\u00e9tique et aux personnes d\u00e9sireuses de s&#8217;y mettre.<\/p>\n<p>Unisexe et interg\u00e9n\u00e9rationnel<\/p>\n<p>Tous les produits FANTOME sont des pi\u00e8ces uniques, fabriqu\u00e9s main dans notre atelier pr\u00e8s de Bordeaux, sans mati\u00e8re animale et sans colle.<br \/>\nChaque article est num\u00e9rot\u00e9 et livr\u00e9 dans son carton d&#8217;emballage individuel. \u2028Les particularit\u00e9s de la chambre \u00e0 air de v\u00e9lo recycl\u00e9e apportent des variations de couleurs, d&#8217;inscriptions et de pr\u00e9sence (ou absence) de rustines.<\/p>\n<p>Entretenez et lavez votre FANTOME \u00e0 l&#8217;aide d&#8217;une eau froide l\u00e9g\u00e8rement savonneuse.<\/p>\n","protected":false},"featured_media":5029,"comment_status":"open","ping_status":"closed","template":"","meta":[],"product_brand":[],"product_cat":[25,207,148,524,42],"product_tag":[182],"class_list":{"0":"post-5027","1":"product","2":"type-product","3":"status-publish","4":"has-post-thumbnail","6":"product_cat-surprises","7":"product_cat-accessoires","8":"product_cat-cosmetique","9":"product_cat-bagagerie","10":"product_cat-tout","11":"product_tag-fantome","13":"first","14":"instock","15":"taxable","16":"shipping-taxable","17":"purchasable","18":"product-type-simple"},"translation":{"provider":"WPGlobus","version":"3.0.2","language":"en","enabled_languages":["fr","en"],"languages":{"fr":{"title":true,"content":true,"excerpt":true},"en":{"title":false,"content":false,"excerpt":false}}},"aioseo_notices":[],"_links":{"self":[{"href":"https:\/\/persoclo.fr\/en\/wp-json\/wp\/v2\/product\/5027","targetHints":{"allow":["GET"]}}],"collection":[{"href":"https:\/\/persoclo.fr\/en\/wp-json\/wp\/v2\/product"}],"about":[{"href":"https:\/\/persoclo.fr\/en\/wp-json\/wp\/v2\/types\/product"}],"replies":[{"embeddable":true,"href":"https:\/\/persoclo.fr\/en\/wp-json\/wp\/v2\/comments?post=5027"}],"wp:featuredmedia":[{"embeddable":true,"href":"https:\/\/persoclo.fr\/en\/wp-json\/wp\/v2\/media\/5029"}],"wp:attachment":[{"href":"https:\/\/persoclo.fr\/en\/wp-json\/wp\/v2\/media?parent=5027"}],"wp:term":[{"taxonomy":"product_brand","embeddable":true,"href":"https:\/\/persoclo.fr\/en\/wp-json\/wp\/v2\/product_brand?post=5027"},{"taxonomy":"product_cat","embeddable":true,"href":"https:\/\/persoclo.fr\/en\/wp-json\/wp\/v2\/product_cat?post=5027"},{"taxonomy":"product_tag","embeddable":true,"href":"https:\/\/persoclo.fr\/en\/wp-json\/wp\/v2\/product_tag?post=5027"}],"curies":[{"name":"wp","href":"https:\/\/api.w.org\/{rel}","templated":true}]}}