{"id":4988,"date":"2018-05-18T07:04:15","date_gmt":"2018-05-18T06:04:15","guid":{"rendered":"https:\/\/persoclo.fr\/?post_type=product&#038;p=4988"},"modified":"2018-05-18T07:04:15","modified_gmt":"2018-05-18T06:04:15","slug":"t-shirt-made-in-france-100-coton-bio-noir","status":"publish","type":"product","link":"https:\/\/persoclo.fr\/en\/shopping\/t-shirt-made-in-france-100-coton-bio-noir\/","title":{"rendered":"T-shirt Made in France 100% Coton BIO NOIR"},"content":{"rendered":"<p>caract\u00e9ristiques :<br \/>\n100% Coton Peign\u00e9 Biologique 158g\/m2<br \/>\n&#8211; Maille Pr\u00e9lav\u00e9e<br \/>\n&#8211; Coupe Classique<br \/>\n&#8211; Unisexe.<\/p>\n","protected":false},"excerpt":{"rendered":"<p>Portez notre Logo FANTOME comme un Super H\u00e9ro et montrez que vous \u00eates, comme nous, conscient qu\u2019on pourrait am\u00e9liorer les choses avec un peu plus de raisonnement lors de nos achats.<br \/>\nCoupe classique (type am\u00e9ricaine), coloris noir, s\u00e9rigraphie en blanc.<\/p>\n<p>Ils sont fabriqu\u00e9s en France (certifi\u00e9s Origine France Garantie) et sont en coton issu de l\u2019agriculture biologique.<br \/>\nDans un soucis de r\u00e9duction de production inutile (z\u00e9ro d\u00e9chet) nous avons d\u00e9cid\u00e9 de ne pas inclure d&#8217;\u00e9tiquette suppl\u00e9mentaire dans l&#8217;encolure de nos T-shirts, les tailles \u00e9tant d\u00e9j\u00e0 inscrites dans l&#8217;\u00e9tiquette de c\u00f4t\u00e9.<\/p>\n<p>Lavage \u00e0 30\u00b0C, pas plus !<\/p>\n<p>Enti\u00e8rement tricot\u00e9s et confectionn\u00e9s dans une usine certifi\u00e9e \u00ab Origine France Garantie \u00bb \u00e0 Saint-Andr\u00e9 lez Lille, \u00e0 c\u00f4t\u00e9 de Lille, en France.<br \/>\nS\u00e9rigraphie r\u00e9alis\u00e9e \u00e0 Villeneuve d\u2019Ascq, \u00e0 c\u00f4t\u00e9 de Lille, en France.<\/p>\n","protected":false},"featured_media":4990,"comment_status":"open","ping_status":"closed","template":"","meta":[],"product_brand":[],"product_cat":[6,18,12,38,42,215],"product_tag":[182],"class_list":{"0":"post-4988","1":"product","2":"type-product","3":"status-publish","4":"has-post-thumbnail","6":"product_cat-femme","7":"product_cat-haut-pour-elle","8":"product_cat-homme","9":"product_cat-tee-shirts-pour-lui","10":"product_cat-tout","11":"product_cat-vetements","12":"product_tag-fantome","14":"first","15":"instock","16":"taxable","17":"shipping-taxable","18":"purchasable","19":"product-type-variable"},"translation":{"provider":"WPGlobus","version":"3.0.2","language":"en","enabled_languages":["fr","en"],"languages":{"fr":{"title":true,"content":true,"excerpt":true},"en":{"title":false,"content":false,"excerpt":false}}},"aioseo_notices":[],"_links":{"self":[{"href":"https:\/\/persoclo.fr\/en\/wp-json\/wp\/v2\/product\/4988","targetHints":{"allow":["GET"]}}],"collection":[{"href":"https:\/\/persoclo.fr\/en\/wp-json\/wp\/v2\/product"}],"about":[{"href":"https:\/\/persoclo.fr\/en\/wp-json\/wp\/v2\/types\/product"}],"replies":[{"embeddable":true,"href":"https:\/\/persoclo.fr\/en\/wp-json\/wp\/v2\/comments?post=4988"}],"wp:featuredmedia":[{"embeddable":true,"href":"https:\/\/persoclo.fr\/en\/wp-json\/wp\/v2\/media\/4990"}],"wp:attachment":[{"href":"https:\/\/persoclo.fr\/en\/wp-json\/wp\/v2\/media?parent=4988"}],"wp:term":[{"taxonomy":"product_brand","embeddable":true,"href":"https:\/\/persoclo.fr\/en\/wp-json\/wp\/v2\/product_brand?post=4988"},{"taxonomy":"product_cat","embeddable":true,"href":"https:\/\/persoclo.fr\/en\/wp-json\/wp\/v2\/product_cat?post=4988"},{"taxonomy":"product_tag","embeddable":true,"href":"https:\/\/persoclo.fr\/en\/wp-json\/wp\/v2\/product_tag?post=4988"}],"curies":[{"name":"wp","href":"https:\/\/api.w.org\/{rel}","templated":true}]}}