{"id":4975,"date":"2018-05-18T06:44:27","date_gmt":"2018-05-18T05:44:27","guid":{"rendered":"https:\/\/persoclo.fr\/?post_type=product&#038;p=4975"},"modified":"2018-09-08T22:26:29","modified_gmt":"2018-09-08T21:26:29","slug":"robe-glam","status":"publish","type":"product","link":"https:\/\/persoclo.fr\/en\/shopping\/robe-glam\/","title":{"rendered":"Robe &#8211; Glam"},"content":{"rendered":"<p>Livraison 72h &#8211; 3 jours ouvr\u00e9s<br \/>\nChaque pi\u00e8ce est fabriqu\u00e9e \u00e0 la main dans nos ateliers Proven\u00e7aux<br \/>\nL&#8217;ensemble des composantes du v\u00eatement (tissus, fils, boutons, \u00e9tiquettes &amp; accessoires) sont issues de fabriques Fran\u00e7aises.<br \/>\nRetour : sur simple demande par mail &#8211; voir conditions de vente.<\/p>\n","protected":false},"excerpt":{"rendered":"<p>Glam, la robe totalement glamour ! C\u2019est la pi\u00e8ce habill\u00e9e de l\u2019\u00e9t\u00e9 ! Avec son asym\u00e9trie drap\u00e9e elle sera l\u2019objet de tous les regards. Sa mati\u00e8re stretch \u00e9pousera vos courbes \u00e0 la perfection et r\u00e9v\u00e8lera votre silhouette de femme fatale. La robe id\u00e9ale pour laisser votre sex appeal s\u2019exprimer !<\/p>\n<p><strong>Le petit mot de la Cr\u00e9atrice :<\/strong>: Capeline, solaires vous voil\u00e0 par\u00e9e pour LE look de l\u2019\u00e9t\u00e9 !<\/p>\n<p>&#8211; La robe Glam est fabriqu\u00e9e avec amour, \u00e0 la main.<br \/>\n&#8211; Uni rose poudr\u00e9 : 53% coton, 44% polyester, 3% \u00e9lasthanne<br \/>\n&#8211; Origine mati\u00e8res : R\u00e9gion Alsacienne<br \/>\n&#8211; June se lave d\u00e9licatement \u00e0 la machine \u00e0 30\u00b0C<br \/>\n<b>&#8211; 100% Made in France<\/b><\/p>\n","protected":false},"featured_media":4980,"comment_status":"open","ping_status":"closed","template":"","meta":[],"product_brand":[],"product_cat":[6,205,42,215],"product_tag":[224],"class_list":{"0":"post-4975","1":"product","2":"type-product","3":"status-publish","4":"has-post-thumbnail","6":"product_cat-femme","7":"product_cat-robes","8":"product_cat-tout","9":"product_cat-vetements","10":"product_tag-maison-borelly","12":"first","13":"outofstock","14":"taxable","15":"shipping-taxable","16":"purchasable","17":"product-type-variable"},"translation":{"provider":"WPGlobus","version":"3.0.2","language":"en","enabled_languages":["fr","en"],"languages":{"fr":{"title":true,"content":true,"excerpt":true},"en":{"title":false,"content":false,"excerpt":false}}},"aioseo_notices":[],"_links":{"self":[{"href":"https:\/\/persoclo.fr\/en\/wp-json\/wp\/v2\/product\/4975","targetHints":{"allow":["GET"]}}],"collection":[{"href":"https:\/\/persoclo.fr\/en\/wp-json\/wp\/v2\/product"}],"about":[{"href":"https:\/\/persoclo.fr\/en\/wp-json\/wp\/v2\/types\/product"}],"replies":[{"embeddable":true,"href":"https:\/\/persoclo.fr\/en\/wp-json\/wp\/v2\/comments?post=4975"}],"wp:featuredmedia":[{"embeddable":true,"href":"https:\/\/persoclo.fr\/en\/wp-json\/wp\/v2\/media\/4980"}],"wp:attachment":[{"href":"https:\/\/persoclo.fr\/en\/wp-json\/wp\/v2\/media?parent=4975"}],"wp:term":[{"taxonomy":"product_brand","embeddable":true,"href":"https:\/\/persoclo.fr\/en\/wp-json\/wp\/v2\/product_brand?post=4975"},{"taxonomy":"product_cat","embeddable":true,"href":"https:\/\/persoclo.fr\/en\/wp-json\/wp\/v2\/product_cat?post=4975"},{"taxonomy":"product_tag","embeddable":true,"href":"https:\/\/persoclo.fr\/en\/wp-json\/wp\/v2\/product_tag?post=4975"}],"curies":[{"name":"wp","href":"https:\/\/api.w.org\/{rel}","templated":true}]}}