{"id":4954,"date":"2018-05-18T06:17:31","date_gmt":"2018-05-18T05:17:31","guid":{"rendered":"http:\/\/persoclo.fr\/?post_type=product&#038;p=4954"},"modified":"2018-09-08T22:27:26","modified_gmt":"2018-09-08T21:27:26","slug":"robe-emma","status":"publish","type":"product","link":"https:\/\/persoclo.fr\/en\/shopping\/robe-emma\/","title":{"rendered":"ROBE &#8211; EMMA"},"content":{"rendered":"<p>&#8211; Encolure d\u00e9collet\u00e9 en V<br \/>\n&#8211; Manche 3\/4<br \/>\n&#8211; Coupe ajust\u00e9e<br \/>\n&#8211; D\u00e9coupe milieu dos<br \/>\n<strong>&#8211; Emma est fabriqu\u00e9e en France<\/strong><\/p>\n","protected":false},"excerpt":{"rendered":"<p>Moderne, Emma, aux apparences sage et classique par sa coupe, sublimera toutes les morphologies d\u2019une ligne sensuelle et glamour. Sa mati\u00e8re stretch \u00e9pousera vos courbes et vous promettra une silhouette de femme fatale. La robe id\u00e9ale pour laisser votre sex appeal s\u2019exprimer..<\/p>\n<p><strong>Le petit mot de la Cr\u00e9atrice :<\/strong>Capeline et paire de bottines pour un look totalement f\u00e9minin.<\/p>\n<div class=\"collateral-contenu\">\n<p>&#8211; La robe Emma est fabriqu\u00e9e avec amour, \u00e0 la main.<br \/>\n&#8211; Uni gris : 87% coton, 10% laine, 3% \u00e9lasthanne<br \/>\n&#8211; Origine mati\u00e8res : R\u00e9gion Lyonnaise<br \/>\n&#8211; Emma se lave d\u00e9licatement \u00e0 la machine \u00e0 30\u00b0C<br \/>\n<b>&#8211; 100% Made in France<\/b><\/p>\n<\/div>\n<p>&nbsp;<\/p>\n","protected":false},"featured_media":4959,"comment_status":"open","ping_status":"closed","template":"","meta":[],"product_brand":[],"product_cat":[6,205,42,215],"product_tag":[224],"class_list":{"0":"post-4954","1":"product","2":"type-product","3":"status-publish","4":"has-post-thumbnail","6":"product_cat-femme","7":"product_cat-robes","8":"product_cat-tout","9":"product_cat-vetements","10":"product_tag-maison-borelly","12":"first","13":"outofstock","14":"taxable","15":"shipping-taxable","16":"purchasable","17":"product-type-variable"},"translation":{"provider":"WPGlobus","version":"3.0.2","language":"en","enabled_languages":["fr","en"],"languages":{"fr":{"title":true,"content":true,"excerpt":true},"en":{"title":false,"content":false,"excerpt":false}}},"aioseo_notices":[],"_links":{"self":[{"href":"https:\/\/persoclo.fr\/en\/wp-json\/wp\/v2\/product\/4954","targetHints":{"allow":["GET"]}}],"collection":[{"href":"https:\/\/persoclo.fr\/en\/wp-json\/wp\/v2\/product"}],"about":[{"href":"https:\/\/persoclo.fr\/en\/wp-json\/wp\/v2\/types\/product"}],"replies":[{"embeddable":true,"href":"https:\/\/persoclo.fr\/en\/wp-json\/wp\/v2\/comments?post=4954"}],"wp:featuredmedia":[{"embeddable":true,"href":"https:\/\/persoclo.fr\/en\/wp-json\/wp\/v2\/media\/4959"}],"wp:attachment":[{"href":"https:\/\/persoclo.fr\/en\/wp-json\/wp\/v2\/media?parent=4954"}],"wp:term":[{"taxonomy":"product_brand","embeddable":true,"href":"https:\/\/persoclo.fr\/en\/wp-json\/wp\/v2\/product_brand?post=4954"},{"taxonomy":"product_cat","embeddable":true,"href":"https:\/\/persoclo.fr\/en\/wp-json\/wp\/v2\/product_cat?post=4954"},{"taxonomy":"product_tag","embeddable":true,"href":"https:\/\/persoclo.fr\/en\/wp-json\/wp\/v2\/product_tag?post=4954"}],"curies":[{"name":"wp","href":"https:\/\/api.w.org\/{rel}","templated":true}]}}