{"id":4469,"date":"2017-10-11T23:30:56","date_gmt":"2017-10-11T22:30:56","guid":{"rendered":"http:\/\/persoclo.fr\/?post_type=product&#038;p=4469"},"modified":"2017-10-18T01:22:37","modified_gmt":"2017-10-18T00:22:37","slug":"tote-bag-francais","status":"publish","type":"product","link":"https:\/\/persoclo.fr\/en\/shopping\/tote-bag-francais\/","title":{"rendered":"Tote Bag Fran\u00e7ais"},"content":{"rendered":"<p>100% Coton<\/p>\n<p>Imprim\u00e9 en France.<\/p>\n","protected":false},"excerpt":{"rendered":"<p>Pour tous les go\u00fbts!!! Ce tote bag s&#8217;accordera parfaitement \u00e0 votre personnalit\u00e9 et votre humeur. C&#8217;est aussi l&#8217;occasion d&#8217;offrir un cadeau personnalis\u00e9.<\/p>\n<p style=\"text-align: center;\"><span style=\"color: #3366ff;\"><strong>&#8211;\u00a0 Choisir un mod\u00e8le pour afficher la photo et le prix\u00a0 &#8211;<\/strong><\/span><\/p>\n","protected":false},"featured_media":4470,"comment_status":"open","ping_status":"closed","template":"","meta":[],"product_brand":[],"product_cat":[207,84,6,12,220,524,41,48,42,215],"product_tag":[43,535],"class_list":{"0":"post-4469","1":"product","2":"type-product","3":"status-publish","4":"has-post-thumbnail","6":"product_cat-accessoires","7":"product_cat-best-of","8":"product_cat-femme","9":"product_cat-homme","10":"product_cat-maison-deco","11":"product_cat-bagagerie","12":"product_cat-persoclo","13":"product_cat-sacs-a-main","14":"product_cat-tout","15":"product_cat-vetements","16":"product_tag-persoclo","17":"product_tag-tote-bag","19":"first","20":"instock","21":"taxable","22":"shipping-taxable","23":"purchasable","24":"product-type-variable"},"translation":{"provider":"WPGlobus","version":"3.0.2","language":"en","enabled_languages":["fr","en"],"languages":{"fr":{"title":true,"content":true,"excerpt":true},"en":{"title":false,"content":false,"excerpt":false}}},"aioseo_notices":[],"_links":{"self":[{"href":"https:\/\/persoclo.fr\/en\/wp-json\/wp\/v2\/product\/4469","targetHints":{"allow":["GET"]}}],"collection":[{"href":"https:\/\/persoclo.fr\/en\/wp-json\/wp\/v2\/product"}],"about":[{"href":"https:\/\/persoclo.fr\/en\/wp-json\/wp\/v2\/types\/product"}],"replies":[{"embeddable":true,"href":"https:\/\/persoclo.fr\/en\/wp-json\/wp\/v2\/comments?post=4469"}],"wp:featuredmedia":[{"embeddable":true,"href":"https:\/\/persoclo.fr\/en\/wp-json\/wp\/v2\/media\/4470"}],"wp:attachment":[{"href":"https:\/\/persoclo.fr\/en\/wp-json\/wp\/v2\/media?parent=4469"}],"wp:term":[{"taxonomy":"product_brand","embeddable":true,"href":"https:\/\/persoclo.fr\/en\/wp-json\/wp\/v2\/product_brand?post=4469"},{"taxonomy":"product_cat","embeddable":true,"href":"https:\/\/persoclo.fr\/en\/wp-json\/wp\/v2\/product_cat?post=4469"},{"taxonomy":"product_tag","embeddable":true,"href":"https:\/\/persoclo.fr\/en\/wp-json\/wp\/v2\/product_tag?post=4469"}],"curies":[{"name":"wp","href":"https:\/\/api.w.org\/{rel}","templated":true}]}}