{"id":4220,"date":"2016-05-24T01:43:55","date_gmt":"2016-05-24T00:43:55","guid":{"rendered":"http:\/\/persoclo.fr\/?post_type=product&#038;p=4220"},"modified":"2017-08-30T00:54:44","modified_gmt":"2017-08-29T23:54:44","slug":"grande-trousse-de-toilette-figaro","status":"publish","type":"product","link":"https:\/\/persoclo.fr\/en\/shopping\/grande-trousse-de-toilette-figaro\/","title":{"rendered":"Grande trousse de toilette &#8211; FIGARO"},"content":{"rendered":"<p>Tous les produits FANTOME sont des pi\u00e8ces uniques, fabriqu\u00e9s main dans notre atelier pr\u00e8s de Bordeaux, sans mati\u00e8re animale et sans colle.<br \/>\nChaque article est num\u00e9rot\u00e9 et livr\u00e9 dans son carton d&#8217;emballage individuel. Les particularit\u00e9s de la chambre \u00e0 air de v\u00e9lo recycl\u00e9e apportent des variations de couleurs, d&#8217;inscriptions et de pr\u00e9sence (ou absence) de rustines.<\/p>\n<p>Entretenez et lavez votre FANTOME \u00e0 l&#8217;aide d&#8217;une eau froide l\u00e9g\u00e8rement savonneuse. <span style=\"color: #ffffff;\">Rec123<\/span><\/p>\n","protected":false},"excerpt":{"rendered":"<p>Trousse de toilette de taille grande. Simplicit\u00e9, praticit\u00e9 et \u00e9l\u00e9gance.<br \/>\nUn seul compartiment.<br \/>\nUnisexe et interg\u00e9nerationnel<\/p>\n<p>Dimensions : 25,5 X 15 X 13 cm<br \/>\nPoids : 218g<\/p>\n<p>Mat\u00e9riaux :<br \/>\n&#8211; Chambre \u00e0 air 100% collect\u00e9e en France.<br \/>\n&#8211; Fil : Fabrication en Allemagne<br \/>\n&#8211; Accessoires m\u00e9talliques : Fabrication en Italie<br \/>\n&#8211; \u00c9tiquette caoutchouc : Fabriqu\u00e9es au Portugal<\/p>\n","protected":false},"featured_media":4221,"comment_status":"open","ping_status":"closed","template":"","meta":[],"product_brand":[],"product_cat":[207,148,524,42],"product_tag":[182],"class_list":{"0":"post-4220","1":"product","2":"type-product","3":"status-publish","4":"has-post-thumbnail","6":"product_cat-accessoires","7":"product_cat-cosmetique","8":"product_cat-bagagerie","9":"product_cat-tout","10":"product_tag-fantome","12":"first","13":"instock","14":"taxable","15":"shipping-taxable","16":"purchasable","17":"product-type-simple"},"translation":{"provider":"WPGlobus","version":"3.0.2","language":"en","enabled_languages":["fr","en"],"languages":{"fr":{"title":true,"content":true,"excerpt":true},"en":{"title":false,"content":false,"excerpt":false}}},"aioseo_notices":[],"_links":{"self":[{"href":"https:\/\/persoclo.fr\/en\/wp-json\/wp\/v2\/product\/4220","targetHints":{"allow":["GET"]}}],"collection":[{"href":"https:\/\/persoclo.fr\/en\/wp-json\/wp\/v2\/product"}],"about":[{"href":"https:\/\/persoclo.fr\/en\/wp-json\/wp\/v2\/types\/product"}],"replies":[{"embeddable":true,"href":"https:\/\/persoclo.fr\/en\/wp-json\/wp\/v2\/comments?post=4220"}],"wp:featuredmedia":[{"embeddable":true,"href":"https:\/\/persoclo.fr\/en\/wp-json\/wp\/v2\/media\/4221"}],"wp:attachment":[{"href":"https:\/\/persoclo.fr\/en\/wp-json\/wp\/v2\/media?parent=4220"}],"wp:term":[{"taxonomy":"product_brand","embeddable":true,"href":"https:\/\/persoclo.fr\/en\/wp-json\/wp\/v2\/product_brand?post=4220"},{"taxonomy":"product_cat","embeddable":true,"href":"https:\/\/persoclo.fr\/en\/wp-json\/wp\/v2\/product_cat?post=4220"},{"taxonomy":"product_tag","embeddable":true,"href":"https:\/\/persoclo.fr\/en\/wp-json\/wp\/v2\/product_tag?post=4220"}],"curies":[{"name":"wp","href":"https:\/\/api.w.org\/{rel}","templated":true}]}}