{"id":4214,"date":"2016-05-24T01:22:13","date_gmt":"2016-05-24T00:22:13","guid":{"rendered":"http:\/\/persoclo.fr\/?post_type=product&#038;p=4214"},"modified":"2019-09-20T03:20:51","modified_gmt":"2019-09-20T02:20:51","slug":"pompon-porte-clefs-cancan","status":"publish","type":"product","link":"https:\/\/persoclo.fr\/en\/shopping\/pompon-porte-clefs-cancan\/","title":{"rendered":"Pompon Porte-clefs &#8211; CANCAN"},"content":{"rendered":"<p>Tous les produits FANTOME sont des pi\u00e8ces uniques, fabriqu\u00e9s main dans notre atelier pr\u00e8s de Bordeaux, sans mati\u00e8re animale et sans colle.<br \/>\nChaque article est num\u00e9rot\u00e9 et livr\u00e9 dans son carton d&#8217;emballage individuel. \u2028Les particularit\u00e9s de la chambre \u00e0 air de v\u00e9lo recycl\u00e9e apportent des variations de couleurs, d&#8217;inscriptions et de pr\u00e9sence (ou absence) de rustines.\u2028Entretenez et lavez votre FANTOME \u00e0 l&#8217;aide d&#8217;une eau l\u00e9g\u00e8rement savonneuse.<\/p>\n<p>All FANTOME products are unique items, handmade in our atelier near Bordeaux in France, vegan and without glue.<br \/>\nEvery article is numbered and delivered in its individual cardboard packaging.<br \/>\nThe peculiarities of the recycled bicycle inner tube bring variations of colors, inscriptions and presence (or absence) of rubber patches.<br \/>\nWash your FANTOME with a slightly soapy water and a sponge. <span style=\"color: #ffffff;\">Rec123<\/span><\/p>\n","protected":false},"excerpt":{"rendered":"<p>Gri-gri, pompon et porte-clefs.<br \/>\nAu diable la discr\u00e9tion, place \u00e0 la f\u00e9minit\u00e9 et l\u2019exub\u00e9rance. Vous aimez l\u2019upcycling? montrez-le \ud83d\ude42<br \/>\nVous et votre compagnon avez le m\u00eame sac? Habillez le votre d\u2019un CANCAN pour le diff\u00e9rencier.<br \/>\nJ\u2019ai m\u00eame confi\u00e9 au mien quelques pouvoirs de porte-bonheur\u2026<br \/>\nA vous de vous familiariser avec le v\u00f4tre !<\/p>\n<p>Good luck charm, pompom and key ring.<br \/>\nThe heck with discretion, make room for femininity exuberance! You like upcycling? Show it ! \ud83d\ude42<br \/>\nYou and your partner have the same bag? Dress yours with a CANCAN to differentiate it.<br \/>\nI even gave mine some lucky powers\u2026<\/p>\n<p>dimensions en cm : 27(h) x 11(L)<br \/>\npoids en grammes : 74<\/p>\n<p>Mat\u00e9riaux :<br \/>\n&#8211; Chambre \u00e0 air 100% collect\u00e9e en France.<br \/>\n&#8211; Fil : Fabrication en Allemagne<br \/>\n&#8211; Accessoires m\u00e9talliques et plastiques\u00a0: Fabrication en Italie<\/p>\n","protected":false},"featured_media":4215,"comment_status":"open","ping_status":"closed","template":"","meta":[],"product_brand":[],"product_cat":[207,84,220,42],"product_tag":[182],"class_list":{"0":"post-4214","1":"product","2":"type-product","3":"status-publish","4":"has-post-thumbnail","6":"product_cat-accessoires","7":"product_cat-best-of","8":"product_cat-maison-deco","9":"product_cat-tout","10":"product_tag-fantome","12":"first","13":"outofstock","14":"taxable","15":"shipping-taxable","16":"purchasable","17":"product-type-simple"},"translation":{"provider":"WPGlobus","version":"3.0.2","language":"en","enabled_languages":["fr","en"],"languages":{"fr":{"title":true,"content":true,"excerpt":true},"en":{"title":false,"content":false,"excerpt":false}}},"aioseo_notices":[],"_links":{"self":[{"href":"https:\/\/persoclo.fr\/en\/wp-json\/wp\/v2\/product\/4214","targetHints":{"allow":["GET"]}}],"collection":[{"href":"https:\/\/persoclo.fr\/en\/wp-json\/wp\/v2\/product"}],"about":[{"href":"https:\/\/persoclo.fr\/en\/wp-json\/wp\/v2\/types\/product"}],"replies":[{"embeddable":true,"href":"https:\/\/persoclo.fr\/en\/wp-json\/wp\/v2\/comments?post=4214"}],"wp:featuredmedia":[{"embeddable":true,"href":"https:\/\/persoclo.fr\/en\/wp-json\/wp\/v2\/media\/4215"}],"wp:attachment":[{"href":"https:\/\/persoclo.fr\/en\/wp-json\/wp\/v2\/media?parent=4214"}],"wp:term":[{"taxonomy":"product_brand","embeddable":true,"href":"https:\/\/persoclo.fr\/en\/wp-json\/wp\/v2\/product_brand?post=4214"},{"taxonomy":"product_cat","embeddable":true,"href":"https:\/\/persoclo.fr\/en\/wp-json\/wp\/v2\/product_cat?post=4214"},{"taxonomy":"product_tag","embeddable":true,"href":"https:\/\/persoclo.fr\/en\/wp-json\/wp\/v2\/product_tag?post=4214"}],"curies":[{"name":"wp","href":"https:\/\/api.w.org\/{rel}","templated":true}]}}