{"id":4181,"date":"2016-05-23T22:21:13","date_gmt":"2016-05-23T21:21:13","guid":{"rendered":"http:\/\/persoclo.fr\/?post_type=product&#038;p=4181"},"modified":"2018-09-08T22:31:03","modified_gmt":"2018-09-08T21:31:03","slug":"robe-mahonia","status":"publish","type":"product","link":"https:\/\/persoclo.fr\/en\/shopping\/robe-mahonia\/","title":{"rendered":"ROBE &#8211; MAHONIA"},"content":{"rendered":"<div class=\"product-box-details\">\n<div class=\"collateral-contenu\">\n<p>&#8211; La Robe Mahonia est fabriqu\u00e9e avec amour, \u00e0 la main.<br \/>\n&#8211; Uni noir : 54% coton 29% polyamide 15% viscose 2% \u00e9lasthanne<br \/>\n&#8211; Origine mati\u00e8res : R\u00e9gion Lyonnaise<br \/>\n<b>&#8211; Mahonia se nettoie au pressing \u00e0 sec<br \/>\n<\/b>&#8211; 100% made in France<\/p>\n<\/div>\n<\/div>\n<div class=\"product-box-description\">\n<div class=\"collateral-contenu\">\n<p>Livraison 72h &#8211; 3 jours ouvr\u00e9s<br \/>\nChaque pi\u00e8ce est fabriqu\u00e9e \u00e0 la main dans nos ateliers Proven\u00e7aux<br \/>\nL&#8217;ensemble des composantes du v\u00eatement (tissus, fils, boutons, \u00e9tiquettes &amp; accessoires) sont issues de fabriques Fran\u00e7aises.<br \/>\nRetour : sur simple demande par mail &#8211; voir conditions de vente.<\/p>\n<\/div>\n<\/div>\n","protected":false},"excerpt":{"rendered":"<p>Cette robe, aux apparences sage et classique par sa coupe droite, sublimera toutes les morphologies. Elle d\u00e9voilera votre f\u00e9minit\u00e9 gr\u00e2ce \u00e0 sa d\u00e9coupe graphique dans le dos, r\u00e9v\u00e9lant ainsi votre cambrure, et habillera votre silhouette d\u2019une ligne sensuelle, estivale et glamour.<\/p>\n<p><strong>Le petit mot de la Cr\u00e9atrice :<\/strong> \u00e0 porter avec des escarpins pour voir la vie d\u2019en haut ou des compens\u00e9s nude pour se r\u00e9v\u00e9ler au quotidien. En bref, la robe parfaite pour une \u00ab Date \u00bb<\/p>\n<p>&#8211; Coupe droite<br \/>\n&#8211; Encolure arrondie<br \/>\n&#8211; D\u00e9coupe graphique au niveau du dos<br \/>\n&#8211; Fermeture dos petit bouton dor\u00e9<br \/>\n&#8211; <strong>Mahonia est fabriqu\u00e9e en France<\/strong><\/p>\n<p><img loading=\"lazy\" decoding=\"async\" class=\"aligncenter size-full wp-image-3949\" src=\"http:\/\/persoclo.fr\/wp-content\/uploads\/2017\/05\/j.png\" alt=\"\" width=\"1144\" height=\"428\" srcset=\"https:\/\/persoclo.fr\/wp-content\/uploads\/2017\/05\/j.png 1144w, https:\/\/persoclo.fr\/wp-content\/uploads\/2017\/05\/j-600x224.png 600w, https:\/\/persoclo.fr\/wp-content\/uploads\/2017\/05\/j-300x112.png 300w, https:\/\/persoclo.fr\/wp-content\/uploads\/2017\/05\/j-768x287.png 768w, https:\/\/persoclo.fr\/wp-content\/uploads\/2017\/05\/j-1024x383.png 1024w\" sizes=\"auto, (max-width: 1144px) 100vw, 1144px\" \/><\/p>\n","protected":false},"featured_media":4182,"comment_status":"open","ping_status":"closed","template":"","meta":[],"product_brand":[],"product_cat":[6,205,42,215],"product_tag":[224],"class_list":{"0":"post-4181","1":"product","2":"type-product","3":"status-publish","4":"has-post-thumbnail","6":"product_cat-femme","7":"product_cat-robes","8":"product_cat-tout","9":"product_cat-vetements","10":"product_tag-maison-borelly","11":"product_shipping_class-classe-1","13":"first","14":"outofstock","15":"taxable","16":"shipping-taxable","17":"purchasable","18":"product-type-variable"},"translation":{"provider":"WPGlobus","version":"3.0.2","language":"en","enabled_languages":["fr","en"],"languages":{"fr":{"title":true,"content":true,"excerpt":true},"en":{"title":false,"content":false,"excerpt":false}}},"aioseo_notices":[],"_links":{"self":[{"href":"https:\/\/persoclo.fr\/en\/wp-json\/wp\/v2\/product\/4181","targetHints":{"allow":["GET"]}}],"collection":[{"href":"https:\/\/persoclo.fr\/en\/wp-json\/wp\/v2\/product"}],"about":[{"href":"https:\/\/persoclo.fr\/en\/wp-json\/wp\/v2\/types\/product"}],"replies":[{"embeddable":true,"href":"https:\/\/persoclo.fr\/en\/wp-json\/wp\/v2\/comments?post=4181"}],"wp:featuredmedia":[{"embeddable":true,"href":"https:\/\/persoclo.fr\/en\/wp-json\/wp\/v2\/media\/4182"}],"wp:attachment":[{"href":"https:\/\/persoclo.fr\/en\/wp-json\/wp\/v2\/media?parent=4181"}],"wp:term":[{"taxonomy":"product_brand","embeddable":true,"href":"https:\/\/persoclo.fr\/en\/wp-json\/wp\/v2\/product_brand?post=4181"},{"taxonomy":"product_cat","embeddable":true,"href":"https:\/\/persoclo.fr\/en\/wp-json\/wp\/v2\/product_cat?post=4181"},{"taxonomy":"product_tag","embeddable":true,"href":"https:\/\/persoclo.fr\/en\/wp-json\/wp\/v2\/product_tag?post=4181"}],"curies":[{"name":"wp","href":"https:\/\/api.w.org\/{rel}","templated":true}]}}