{"id":4174,"date":"2016-05-23T22:10:07","date_gmt":"2016-05-23T21:10:07","guid":{"rendered":"http:\/\/persoclo.fr\/?post_type=product&#038;p=4174"},"modified":"2018-09-08T22:31:14","modified_gmt":"2018-09-08T21:31:14","slug":"robe-agnes","status":"publish","type":"product","link":"https:\/\/persoclo.fr\/en\/shopping\/robe-agnes\/","title":{"rendered":"ROBE &#8211; AGNES"},"content":{"rendered":"<div class=\"product-box-details\">\n<div class=\"collateral-contenu\">\n<p>&#8211; La robe Agnes est fabriqu\u00e9e avec amour, \u00e0 la main.<br \/>\n&#8211;\u00a0Uni rose camel : 92% Viscose, 8% \u00e9lasthanne<br \/>\n&#8211; Pliss\u00e9 Rose Poudr\u00e9\u00a0: 100% polyester<br \/>\n&#8211; Origine mati\u00e8res : R\u00e9gion Lyonnaise<br \/>\n&#8211;\u00a0<strong>Agnes se lave d\u00e9licatement \u00e0 30\u00b0C<\/strong><br \/>\n&#8211; 100% Made in France<\/p>\n<\/div>\n<\/div>\n<div class=\"product-box-description\">\n<div class=\"collateral-contenu\">\n<p>Livraison 72h &#8211; 3 jours ouvr\u00e9s<br \/>\nChaque pi\u00e8ce est fabriqu\u00e9e \u00e0 la main dans nos ateliers Proven\u00e7aux<br \/>\nL&#8217;ensemble des composantes du v\u00eatement (tissus, fils, boutons, \u00e9tiquettes &amp; accessoires) sont issues de fabriques Fran\u00e7aises.<br \/>\nRetour : sur simple demande par mail &#8211; voir conditions de vente.<\/p>\n<\/div>\n<\/div>\n","protected":false},"excerpt":{"rendered":"<p>Robe structur\u00e9e avec ses volants manches papillons, Agnes vous s\u00e9duira par sa coupe ajust\u00e9e : le bas est droit, le haut blousant. La pi\u00e8ce s\u2019habille d\u2019un d\u00e9collet\u00e9 en V et de ses volants qui lui procure un jeu de transparence gr\u00e2ce au m\u00e9lange de mati\u00e8res.<\/p>\n<p>&nbsp;<br \/>\n<strong>Le petit mot de la cr\u00e9atrice\u00a0:<\/strong>\u00a0El\u00e9gante et moderne, on aimera la porter de jour comme de nuit, avec une petite paire de bottines. Alice vous offre un look totalement casual.<\/p>\n<p>&nbsp;<br \/>\n&#8211; Coupe ajust\u00e9e<br \/>\n&#8211; D\u00e9collet\u00e9 en V<br \/>\n&#8211;\u00a0D\u00e9coupe \u00e0 la taille<br \/>\n&#8211;\u00a0Volants manches<br \/>\n<strong>&#8211; Agnes est fabriqu\u00e9e en France<\/strong><\/p>\n<p><img loading=\"lazy\" decoding=\"async\" class=\"aligncenter size-full wp-image-3949\" src=\"http:\/\/persoclo.fr\/wp-content\/uploads\/2017\/05\/j.png\" alt=\"\" width=\"1144\" height=\"428\" srcset=\"https:\/\/persoclo.fr\/wp-content\/uploads\/2017\/05\/j.png 1144w, https:\/\/persoclo.fr\/wp-content\/uploads\/2017\/05\/j-600x224.png 600w, https:\/\/persoclo.fr\/wp-content\/uploads\/2017\/05\/j-300x112.png 300w, https:\/\/persoclo.fr\/wp-content\/uploads\/2017\/05\/j-768x287.png 768w, https:\/\/persoclo.fr\/wp-content\/uploads\/2017\/05\/j-1024x383.png 1024w\" sizes=\"auto, (max-width: 1144px) 100vw, 1144px\" \/><\/p>\n","protected":false},"featured_media":4178,"comment_status":"open","ping_status":"closed","template":"","meta":[],"product_brand":[],"product_cat":[6,205,42,215],"product_tag":[224],"class_list":{"0":"post-4174","1":"product","2":"type-product","3":"status-publish","4":"has-post-thumbnail","6":"product_cat-femme","7":"product_cat-robes","8":"product_cat-tout","9":"product_cat-vetements","10":"product_tag-maison-borelly","12":"first","13":"outofstock","14":"taxable","15":"shipping-taxable","16":"purchasable","17":"product-type-variable"},"translation":{"provider":"WPGlobus","version":"3.0.2","language":"en","enabled_languages":["fr","en"],"languages":{"fr":{"title":true,"content":true,"excerpt":true},"en":{"title":false,"content":false,"excerpt":false}}},"aioseo_notices":[],"_links":{"self":[{"href":"https:\/\/persoclo.fr\/en\/wp-json\/wp\/v2\/product\/4174","targetHints":{"allow":["GET"]}}],"collection":[{"href":"https:\/\/persoclo.fr\/en\/wp-json\/wp\/v2\/product"}],"about":[{"href":"https:\/\/persoclo.fr\/en\/wp-json\/wp\/v2\/types\/product"}],"replies":[{"embeddable":true,"href":"https:\/\/persoclo.fr\/en\/wp-json\/wp\/v2\/comments?post=4174"}],"wp:featuredmedia":[{"embeddable":true,"href":"https:\/\/persoclo.fr\/en\/wp-json\/wp\/v2\/media\/4178"}],"wp:attachment":[{"href":"https:\/\/persoclo.fr\/en\/wp-json\/wp\/v2\/media?parent=4174"}],"wp:term":[{"taxonomy":"product_brand","embeddable":true,"href":"https:\/\/persoclo.fr\/en\/wp-json\/wp\/v2\/product_brand?post=4174"},{"taxonomy":"product_cat","embeddable":true,"href":"https:\/\/persoclo.fr\/en\/wp-json\/wp\/v2\/product_cat?post=4174"},{"taxonomy":"product_tag","embeddable":true,"href":"https:\/\/persoclo.fr\/en\/wp-json\/wp\/v2\/product_tag?post=4174"}],"curies":[{"name":"wp","href":"https:\/\/api.w.org\/{rel}","templated":true}]}}