{"id":4167,"date":"2016-05-23T21:58:26","date_gmt":"2016-05-23T20:58:26","guid":{"rendered":"http:\/\/persoclo.fr\/?post_type=product&#038;p=4167"},"modified":"2018-09-08T22:31:25","modified_gmt":"2018-09-08T21:31:25","slug":"jupe-secret","status":"publish","type":"product","link":"https:\/\/persoclo.fr\/en\/shopping\/jupe-secret\/","title":{"rendered":"JUPE &#8211; SECRET"},"content":{"rendered":"<div class=\"product-box-details\">\n<div class=\"collateral-contenu\">\n<p>&#8211; La jupe secret est fabriqu\u00e9e avec amour, \u00e0 la main.<br \/>\n&#8211; Uni noir : 97% coton 3% \u00e9lasthanne<br \/>\n&#8211; Origine mati\u00e8res : R\u00e9gion Lyonnaise<br \/>\n&#8211; Secret se lave \u00e0 la machine \u00e0 30\u00b0C<br \/>\n<b>&#8211; 100% Made in France<\/b><\/p>\n<\/div>\n<\/div>\n<div class=\"product-box-description\">\n<div class=\"collateral-contenu\">\n<p>Livraison 72h &#8211; 3 jours ouvr\u00e9s<br \/>\nChaque pi\u00e8ce est fabriqu\u00e9e \u00e0 la main dans nos ateliers Proven\u00e7aux<br \/>\nL&#8217;ensemble des composantes du v\u00eatement (tissus, fils, boutons, \u00e9tiquettes &amp; accessoires) sont issues de fabriques Fran\u00e7aises.<br \/>\nRetour : sur simple demande par mail &#8211; voir conditions de vente.<\/p>\n<\/div>\n<\/div>\n","protected":false},"excerpt":{"rendered":"<p>Cette jupe midi, vous s\u00e9duira par sa mati\u00e8re stretch, \u00e9pousant parfaitement vos formes et r\u00e9v\u00e9lant votre silhouette la plus f\u00e9minine. Elle deviendra vite un incontournable de vos soir\u00e9es vous conf\u00e9rant un look chic et r\u00e9solument moderne.<\/p>\n<p><strong>Le petit mot de la Cr\u00e9atrice :<\/strong>\u00a0A porter avec une paire de sandales \u00e0 talons et le top col bijou Cherry pour un look working girl d\u00e9contract\u00e9.<\/p>\n<p>&#8211; Taille haute<br \/>\n&#8211; Fermeture invisible milieu dos<br \/>\n&#8211; Fente milieu dos<br \/>\n<strong>&#8211; Secret est fabriqu\u00e9e en France<\/strong><\/p>\n<p><img loading=\"lazy\" decoding=\"async\" class=\"aligncenter size-full wp-image-3949\" src=\"http:\/\/persoclo.fr\/wp-content\/uploads\/2017\/05\/j.png\" alt=\"\" width=\"1144\" height=\"428\" srcset=\"https:\/\/persoclo.fr\/wp-content\/uploads\/2017\/05\/j.png 1144w, https:\/\/persoclo.fr\/wp-content\/uploads\/2017\/05\/j-600x224.png 600w, https:\/\/persoclo.fr\/wp-content\/uploads\/2017\/05\/j-300x112.png 300w, https:\/\/persoclo.fr\/wp-content\/uploads\/2017\/05\/j-768x287.png 768w, https:\/\/persoclo.fr\/wp-content\/uploads\/2017\/05\/j-1024x383.png 1024w\" sizes=\"auto, (max-width: 1144px) 100vw, 1144px\" \/><\/p>\n","protected":false},"featured_media":4168,"comment_status":"open","ping_status":"closed","template":"","meta":[],"product_brand":[],"product_cat":[6,231,42,215],"product_tag":[224],"class_list":{"0":"post-4167","1":"product","2":"type-product","3":"status-publish","4":"has-post-thumbnail","6":"product_cat-femme","7":"product_cat-jupes","8":"product_cat-tout","9":"product_cat-vetements","10":"product_tag-maison-borelly","11":"product_shipping_class-classe-1","13":"first","14":"outofstock","15":"taxable","16":"shipping-taxable","17":"purchasable","18":"product-type-variable"},"translation":{"provider":"WPGlobus","version":"3.0.2","language":"en","enabled_languages":["fr","en"],"languages":{"fr":{"title":true,"content":true,"excerpt":true},"en":{"title":false,"content":false,"excerpt":false}}},"aioseo_notices":[],"_links":{"self":[{"href":"https:\/\/persoclo.fr\/en\/wp-json\/wp\/v2\/product\/4167","targetHints":{"allow":["GET"]}}],"collection":[{"href":"https:\/\/persoclo.fr\/en\/wp-json\/wp\/v2\/product"}],"about":[{"href":"https:\/\/persoclo.fr\/en\/wp-json\/wp\/v2\/types\/product"}],"replies":[{"embeddable":true,"href":"https:\/\/persoclo.fr\/en\/wp-json\/wp\/v2\/comments?post=4167"}],"wp:featuredmedia":[{"embeddable":true,"href":"https:\/\/persoclo.fr\/en\/wp-json\/wp\/v2\/media\/4168"}],"wp:attachment":[{"href":"https:\/\/persoclo.fr\/en\/wp-json\/wp\/v2\/media?parent=4167"}],"wp:term":[{"taxonomy":"product_brand","embeddable":true,"href":"https:\/\/persoclo.fr\/en\/wp-json\/wp\/v2\/product_brand?post=4167"},{"taxonomy":"product_cat","embeddable":true,"href":"https:\/\/persoclo.fr\/en\/wp-json\/wp\/v2\/product_cat?post=4167"},{"taxonomy":"product_tag","embeddable":true,"href":"https:\/\/persoclo.fr\/en\/wp-json\/wp\/v2\/product_tag?post=4167"}],"curies":[{"name":"wp","href":"https:\/\/api.w.org\/{rel}","templated":true}]}}