{"id":4161,"date":"2016-05-23T20:57:44","date_gmt":"2016-05-23T19:57:44","guid":{"rendered":"http:\/\/persoclo.fr\/?post_type=product&#038;p=4161"},"modified":"2017-08-30T02:41:42","modified_gmt":"2017-08-30T01:41:42","slug":"pantalon-78-belladone","status":"publish","type":"product","link":"https:\/\/persoclo.fr\/en\/shopping\/pantalon-78-belladone\/","title":{"rendered":"PANTALON 7\/8 &#8211; BELLADONE"},"content":{"rendered":"<div class=\"product-box-details\">\n<div class=\"collateral-contenu\">\n<p>&#8211; Le pantalon 7\/8 Belladone est fabriqu\u00e9 avec amour, \u00e0 la main<br \/>\n&#8211; Uni noir : 54% coton 29% polyamide 15% viscose 2% \u00e9lasthanne<br \/>\n&#8211; Doublure : 90% coton 10% \u00e9lasthanne<br \/>\n&#8211; Origine mati\u00e8res : R\u00e9gion Lyonnaise<br \/>\n&#8211; <strong>Belladone se nettoie au pressing \u00e0 sec<\/strong><br \/>\n&#8211; 100% Made in France<\/p>\n<\/div>\n<\/div>\n<div class=\"product-box-description\">\n<div class=\"collateral-contenu\">\n<p>Livraison 72h &#8211; 3 jours ouvr\u00e9s<br \/>\nChaque pi\u00e8ce est fabriqu\u00e9e \u00e0 la main dans nos ateliers Proven\u00e7aux<br \/>\nL&#8217;ensemble des composantes du v\u00eatement (tissus, fils, boutons, \u00e9tiquettes &amp; accessoires) sont issues de fabriques Fran\u00e7aises.<br \/>\nRetour : sur simple demande par mail &#8211; voir conditions de vente.<\/p>\n<\/div>\n<\/div>\n","protected":false},"excerpt":{"rendered":"<p>Ce pantalon 7\/8, r\u00e9f\u00e9rence d\u2019une garde-robe moderne, profite d\u2019une taille mi haute, d\u2019une coupe cigarette pour une silhouette flatteuse et \u00e9l\u00e9gante. Sa mati\u00e8re confortable et parfaite donne un effet de seconde peau.<\/p>\n<p><strong>Le petit mot de la Cr\u00e9atrice<\/strong> : A porter avec un petit caraco P\u00e9tunia en soie noir et une veste tailleur pour se transformer en parfaite working girl, ou avec une chemisier peau de b\u00eate pour un look plus sauvage.<\/p>\n<p>Optez pour la version noire, classique et intemporelle.<\/p>\n<p>&#8211; Taille mi-haute<br \/>\n&#8211; Forme Cigarette<br \/>\n&#8211; Fermeture \u00e0 un bouton dor\u00e9 + fermeture \u00e9clair<br \/>\n&#8211; Devant : 2 poches italiennes<br \/>\n&#8211; Dos : 2 fausses poches passepoil\u00e9es<br \/>\n&#8211; Doublure poche coton noir<br \/>\n&#8211; Finition bas de pantalon fente<br \/>\n&#8211; Broderie blason<br \/>\n&#8211; <strong>Belladone est fabriqu\u00e9 en France<\/strong><\/p>\n<p><img loading=\"lazy\" decoding=\"async\" class=\"aligncenter size-full wp-image-3949\" src=\"http:\/\/persoclo.fr\/wp-content\/uploads\/2017\/05\/j.png\" alt=\"\" width=\"1144\" height=\"428\" srcset=\"https:\/\/persoclo.fr\/wp-content\/uploads\/2017\/05\/j.png 1144w, https:\/\/persoclo.fr\/wp-content\/uploads\/2017\/05\/j-600x224.png 600w, https:\/\/persoclo.fr\/wp-content\/uploads\/2017\/05\/j-300x112.png 300w, https:\/\/persoclo.fr\/wp-content\/uploads\/2017\/05\/j-768x287.png 768w, https:\/\/persoclo.fr\/wp-content\/uploads\/2017\/05\/j-1024x383.png 1024w\" sizes=\"auto, (max-width: 1144px) 100vw, 1144px\" \/><\/p>\n","protected":false},"featured_media":4162,"comment_status":"open","ping_status":"closed","template":"","meta":[],"product_brand":[],"product_cat":[6,27,42,215],"product_tag":[224],"class_list":{"0":"post-4161","1":"product","2":"type-product","3":"status-publish","4":"has-post-thumbnail","6":"product_cat-femme","7":"product_cat-pantalons-pour-elle","8":"product_cat-tout","9":"product_cat-vetements","10":"product_tag-maison-borelly","11":"product_shipping_class-classe-1","13":"first","14":"outofstock","15":"taxable","16":"shipping-taxable","17":"purchasable","18":"product-type-variable"},"translation":{"provider":"WPGlobus","version":"3.0.2","language":"en","enabled_languages":["fr","en"],"languages":{"fr":{"title":true,"content":true,"excerpt":true},"en":{"title":false,"content":false,"excerpt":false}}},"aioseo_notices":[],"_links":{"self":[{"href":"https:\/\/persoclo.fr\/en\/wp-json\/wp\/v2\/product\/4161","targetHints":{"allow":["GET"]}}],"collection":[{"href":"https:\/\/persoclo.fr\/en\/wp-json\/wp\/v2\/product"}],"about":[{"href":"https:\/\/persoclo.fr\/en\/wp-json\/wp\/v2\/types\/product"}],"replies":[{"embeddable":true,"href":"https:\/\/persoclo.fr\/en\/wp-json\/wp\/v2\/comments?post=4161"}],"wp:featuredmedia":[{"embeddable":true,"href":"https:\/\/persoclo.fr\/en\/wp-json\/wp\/v2\/media\/4162"}],"wp:attachment":[{"href":"https:\/\/persoclo.fr\/en\/wp-json\/wp\/v2\/media?parent=4161"}],"wp:term":[{"taxonomy":"product_brand","embeddable":true,"href":"https:\/\/persoclo.fr\/en\/wp-json\/wp\/v2\/product_brand?post=4161"},{"taxonomy":"product_cat","embeddable":true,"href":"https:\/\/persoclo.fr\/en\/wp-json\/wp\/v2\/product_cat?post=4161"},{"taxonomy":"product_tag","embeddable":true,"href":"https:\/\/persoclo.fr\/en\/wp-json\/wp\/v2\/product_tag?post=4161"}],"curies":[{"name":"wp","href":"https:\/\/api.w.org\/{rel}","templated":true}]}}