{"id":4153,"date":"2016-05-23T20:28:00","date_gmt":"2016-05-23T19:28:00","guid":{"rendered":"http:\/\/persoclo.fr\/?post_type=product&#038;p=4153"},"modified":"2018-09-08T22:31:40","modified_gmt":"2018-09-08T21:31:40","slug":"jean-slim-gesse","status":"publish","type":"product","link":"https:\/\/persoclo.fr\/en\/shopping\/jean-slim-gesse\/","title":{"rendered":"JEAN SLIM &#8211; GESSE"},"content":{"rendered":"<div class=\"product-box-details\">\n<div class=\"collateral-contenu\">\n<p>&#8211; Le Slim Gesse est fabriqu\u00e9 avec amour, \u00e0 la main.<br \/>\n&#8211; Uni bleu : 97% coton 3% \u00e9lasthanne<br \/>\n&#8211; Doublure : 100% coton<br \/>\n&#8211; Origine mati\u00e8res : R\u00e9gion Lyonnaise<br \/>\n&#8211; <b>Gesse se lave, \u00e0 l\u2019envers, \u00e0 la machine \u00e0 30\u00b0C<\/b><br \/>\n&#8211; 100% Made in France<\/p>\n<\/div>\n<\/div>\n<div class=\"product-box-description\">\n<div class=\"collateral-contenu\">\n<p>Livraison 72h &#8211; 3 jours ouvr\u00e9s<br \/>\nChaque pi\u00e8ce est fabriqu\u00e9e \u00e0 la main dans nos ateliers Proven\u00e7aux<br \/>\nL&#8217;ensemble des composantes du v\u00eatement (tissus, fils, boutons, \u00e9tiquettes &amp; accessoires) sont issues de fabriques Fran\u00e7aises.<br \/>\nRetour : sur simple demande par mail &#8211; voir conditions de vente.<\/p>\n<\/div>\n<\/div>\n","protected":false},"excerpt":{"rendered":"<p>Ce jean, coupe slim, d\u2019une mati\u00e8re stretch et confortable, ne vous quittera plus une fois essay\u00e9. Sa taille ni trop haute, ni trop basse et sa coupe parfaite en font l\u2019id\u00e9al pour sublimer toutes les silhouettes.<\/p>\n<p><strong>Le petit mot de la Cr\u00e9atrice<\/strong> : Portez le avec le top blanc Cam\u00e9lia et la veste tailleur Fushia pour un look estival de tous les jours ou encore avec le haut Capucine pour une silhouette plus moderne.<\/p>\n<p>&#8211; Taille interm\u00e9diaire, ni taille haute, ni taille basse.<br \/>\n&#8211; Fermeture \u00e0 bouton dor\u00e9<br \/>\n&#8211; Fermeture \u00e9clair<br \/>\n&#8211; Devant : 2 poches<br \/>\n&#8211; Dos : 2 poches plaqu\u00e9es<br \/>\n&#8211; Doublure poche coton bleu indigo<br \/>\n&#8211; Broderie blason<br \/>\n&#8211; <strong>Gesse est fabriqu\u00e9 en France<\/strong><\/p>\n<p><img loading=\"lazy\" decoding=\"async\" class=\"aligncenter size-full wp-image-3949\" src=\"http:\/\/persoclo.fr\/wp-content\/uploads\/2017\/05\/j.png\" alt=\"\" width=\"1144\" height=\"428\" srcset=\"https:\/\/persoclo.fr\/wp-content\/uploads\/2017\/05\/j.png 1144w, https:\/\/persoclo.fr\/wp-content\/uploads\/2017\/05\/j-600x224.png 600w, https:\/\/persoclo.fr\/wp-content\/uploads\/2017\/05\/j-300x112.png 300w, https:\/\/persoclo.fr\/wp-content\/uploads\/2017\/05\/j-768x287.png 768w, https:\/\/persoclo.fr\/wp-content\/uploads\/2017\/05\/j-1024x383.png 1024w\" sizes=\"auto, (max-width: 1144px) 100vw, 1144px\" \/><\/p>\n","protected":false},"featured_media":4154,"comment_status":"open","ping_status":"closed","template":"","meta":[],"product_brand":[],"product_cat":[6,27,42,215],"product_tag":[224],"class_list":{"0":"post-4153","1":"product","2":"type-product","3":"status-publish","4":"has-post-thumbnail","6":"product_cat-femme","7":"product_cat-pantalons-pour-elle","8":"product_cat-tout","9":"product_cat-vetements","10":"product_tag-maison-borelly","12":"first","13":"outofstock","14":"taxable","15":"shipping-taxable","16":"purchasable","17":"product-type-variable"},"translation":{"provider":"WPGlobus","version":"3.0.2","language":"en","enabled_languages":["fr","en"],"languages":{"fr":{"title":true,"content":true,"excerpt":true},"en":{"title":false,"content":false,"excerpt":false}}},"aioseo_notices":[],"_links":{"self":[{"href":"https:\/\/persoclo.fr\/en\/wp-json\/wp\/v2\/product\/4153","targetHints":{"allow":["GET"]}}],"collection":[{"href":"https:\/\/persoclo.fr\/en\/wp-json\/wp\/v2\/product"}],"about":[{"href":"https:\/\/persoclo.fr\/en\/wp-json\/wp\/v2\/types\/product"}],"replies":[{"embeddable":true,"href":"https:\/\/persoclo.fr\/en\/wp-json\/wp\/v2\/comments?post=4153"}],"wp:featuredmedia":[{"embeddable":true,"href":"https:\/\/persoclo.fr\/en\/wp-json\/wp\/v2\/media\/4154"}],"wp:attachment":[{"href":"https:\/\/persoclo.fr\/en\/wp-json\/wp\/v2\/media?parent=4153"}],"wp:term":[{"taxonomy":"product_brand","embeddable":true,"href":"https:\/\/persoclo.fr\/en\/wp-json\/wp\/v2\/product_brand?post=4153"},{"taxonomy":"product_cat","embeddable":true,"href":"https:\/\/persoclo.fr\/en\/wp-json\/wp\/v2\/product_cat?post=4153"},{"taxonomy":"product_tag","embeddable":true,"href":"https:\/\/persoclo.fr\/en\/wp-json\/wp\/v2\/product_tag?post=4153"}],"curies":[{"name":"wp","href":"https:\/\/api.w.org\/{rel}","templated":true}]}}