{"id":4140,"date":"2016-05-23T20:02:04","date_gmt":"2016-05-23T19:02:04","guid":{"rendered":"http:\/\/persoclo.fr\/?post_type=product&#038;p=4140"},"modified":"2017-08-30T02:45:11","modified_gmt":"2017-08-30T01:45:11","slug":"robe-bikini","status":"publish","type":"product","link":"https:\/\/persoclo.fr\/en\/shopping\/robe-bikini\/","title":{"rendered":"ROBE &#8211; BIKINI"},"content":{"rendered":"<div class=\"product-box-details\">\n<div class=\"collateral-contenu\">\n<p>&#8211; La robe Bikini est fabriqu\u00e9e avec amour, \u00e0 la main.<br \/>\n&#8211; Imprim\u00e9 unique : 65% coton 35% soie<br \/>\n&#8211; Origine mati\u00e8res : R\u00e9gion Lyonnaise<br \/>\n&#8211; Bikini se lave d\u00e9licatement \u00e0 la machine \u00e0 30\u00b0C<br \/>\n<b>&#8211; 100% Made in France<\/b><\/p>\n<\/div>\n<\/div>\n<div class=\"product-box-description\">\n<div class=\"collateral-contenu\">\n<p>Livraison 72h &#8211; 3 jours ouvr\u00e9s<br \/>\nChaque pi\u00e8ce est fabriqu\u00e9e \u00e0 la main dans nos ateliers Proven\u00e7aux<br \/>\nL&#8217;ensemble des composantes du v\u00eatement (tissus, fils, boutons, \u00e9tiquettes &amp; accessoires) sont issues de fabriques Fran\u00e7aises.<br \/>\nRetour : sur simple demande par mail &#8211; voir conditions de vente.<\/p>\n<\/div>\n<\/div>\n","protected":false},"excerpt":{"rendered":"<p>Bikini est la robe de l\u2019\u00e9t\u00e9, elle vous s\u00e9duira par son jeu graphique obtenu par son imprim\u00e9 unique d\u00e9velopp\u00e9 par La Maison Borrelly. Confectionn\u00e9e dans une \u00e9toffe fluide, avec son effet cache c\u0153ur elle saura vous mettre en valeur et sera votre meilleure amie pour l\u2019\u00e9t\u00e9 et pourquoi pas pour la vie.<\/p>\n<p><strong>Le petit mot de la Cr\u00e9atrice :<\/strong>: Accessoirisez Bikini avec un chapeau en osier, un grand cabas et des sandales pour un look full summer.<\/p>\n<p>&#8211; Coupe fluide<br \/>\n&#8211;\u00a0D\u00e9coupe cache c\u0153ur devant et dos<br \/>\n&#8211;\u00a0Taille ajust\u00e9e \u00e9lastiqu\u00e9e<br \/>\n&#8211;\u00a02 poches discr\u00e8tes devant<br \/>\n&#8211;\u00a0Imprim\u00e9 exclusif d\u00e9velopp\u00e9 par La Maison Borrelly<br \/>\n<strong>&#8211; Bikini est fabriqu\u00e9e en France<\/strong><\/p>\n<p><img loading=\"lazy\" decoding=\"async\" class=\"aligncenter size-full wp-image-3949\" src=\"http:\/\/persoclo.fr\/wp-content\/uploads\/2017\/05\/j.png\" alt=\"\" width=\"1144\" height=\"428\" srcset=\"https:\/\/persoclo.fr\/wp-content\/uploads\/2017\/05\/j.png 1144w, https:\/\/persoclo.fr\/wp-content\/uploads\/2017\/05\/j-600x224.png 600w, https:\/\/persoclo.fr\/wp-content\/uploads\/2017\/05\/j-300x112.png 300w, https:\/\/persoclo.fr\/wp-content\/uploads\/2017\/05\/j-768x287.png 768w, https:\/\/persoclo.fr\/wp-content\/uploads\/2017\/05\/j-1024x383.png 1024w\" sizes=\"auto, (max-width: 1144px) 100vw, 1144px\" \/><\/p>\n","protected":false},"featured_media":4141,"comment_status":"open","ping_status":"closed","template":"","meta":[],"product_brand":[],"product_cat":[6,205,42,215],"product_tag":[224],"class_list":{"0":"post-4140","1":"product","2":"type-product","3":"status-publish","4":"has-post-thumbnail","6":"product_cat-femme","7":"product_cat-robes","8":"product_cat-tout","9":"product_cat-vetements","10":"product_tag-maison-borelly","12":"first","13":"outofstock","14":"taxable","15":"shipping-taxable","16":"purchasable","17":"product-type-variable"},"translation":{"provider":"WPGlobus","version":"3.0.2","language":"en","enabled_languages":["fr","en"],"languages":{"fr":{"title":true,"content":true,"excerpt":true},"en":{"title":false,"content":false,"excerpt":false}}},"aioseo_notices":[],"_links":{"self":[{"href":"https:\/\/persoclo.fr\/en\/wp-json\/wp\/v2\/product\/4140","targetHints":{"allow":["GET"]}}],"collection":[{"href":"https:\/\/persoclo.fr\/en\/wp-json\/wp\/v2\/product"}],"about":[{"href":"https:\/\/persoclo.fr\/en\/wp-json\/wp\/v2\/types\/product"}],"replies":[{"embeddable":true,"href":"https:\/\/persoclo.fr\/en\/wp-json\/wp\/v2\/comments?post=4140"}],"wp:featuredmedia":[{"embeddable":true,"href":"https:\/\/persoclo.fr\/en\/wp-json\/wp\/v2\/media\/4141"}],"wp:attachment":[{"href":"https:\/\/persoclo.fr\/en\/wp-json\/wp\/v2\/media?parent=4140"}],"wp:term":[{"taxonomy":"product_brand","embeddable":true,"href":"https:\/\/persoclo.fr\/en\/wp-json\/wp\/v2\/product_brand?post=4140"},{"taxonomy":"product_cat","embeddable":true,"href":"https:\/\/persoclo.fr\/en\/wp-json\/wp\/v2\/product_cat?post=4140"},{"taxonomy":"product_tag","embeddable":true,"href":"https:\/\/persoclo.fr\/en\/wp-json\/wp\/v2\/product_tag?post=4140"}],"curies":[{"name":"wp","href":"https:\/\/api.w.org\/{rel}","templated":true}]}}