{"id":4117,"date":"2017-05-20T21:03:22","date_gmt":"2017-05-20T20:03:22","guid":{"rendered":"http:\/\/persoclo.fr\/?post_type=product&#038;p=4117"},"modified":"2019-09-12T04:23:53","modified_gmt":"2019-09-12T03:23:53","slug":"boxer-wild","status":"publish","type":"product","link":"https:\/\/persoclo.fr\/en\/shopping\/boxer-wild\/","title":{"rendered":"Boxer Wild"},"content":{"rendered":"<p>La fabrication des boxers GOHIA\u00ae Imprim\u00e9s \u00e0 n\u00e9cessit\u00e9 l&#8217;intervention de 2 bureaux de style et de 6 ateliers de fabrication <strong>tous situ\u00e9s en France<\/strong> b\u00e9n\u00e9ficiant de labels d&#8217;excellence et engag\u00e9s pour:<\/p>\n<ul>\n<li>Un textile \u00e9thique \u00e9co-responsable<\/li>\n<li>Des textiles ne contenant\u00a0<strong>pas d\u2019\u00e9l\u00e9ments chimiques nocifs<\/strong> pour<strong>\u00a0<\/strong>la sant\u00e9 et la peau<\/li>\n<li>La ma\u00eetrise des impacts li\u00e9s \u00e0 l\u2019activit\u00e9 de l\u2019entreprise<\/li>\n<li>Le maintien des emplois en France<\/li>\n<li>La transmission du savoir-faire<br \/>\n<h3 style=\"text-align: center;\"><\/h3>\n<h3 style=\"text-align: center;\">Tissage ou tricotage : France<\/h3>\n<h3 style=\"text-align: center;\">Impression ou teinture : France<\/h3>\n<h3 style=\"text-align: center;\">Confection : France<\/h3>\n<h3 style=\"text-align: center;\">Elastiques &amp; \u00e9tiquettes : France<\/h3>\n<\/li>\n<\/ul>\n<h3><\/h3>\n<h3><\/h3>\n<h3>FICHE TECHNIQUE<\/h3>\n<table class=\"table-data-sheet\">\n<tbody>\n<tr class=\"odd\">\n<td>Lavable en machine<\/td>\n<td>30\u00b0<\/td>\n<\/tr>\n<tr class=\"even\">\n<td>S\u00e8che linge<\/td>\n<td>Non<\/td>\n<\/tr>\n<tr class=\"odd\">\n<td>Repassage<\/td>\n<td>D\u00e9conseill\u00e9<\/td>\n<\/tr>\n<tr class=\"even\">\n<td>Mati\u00e8res<\/td>\n<td>95% coton \/ 5% \u00e9lasthane<\/td>\n<\/tr>\n<tr class=\"odd\">\n<td>Ceinture<\/td>\n<td>45% polyamide \/ 28% polyester \/ 27% \u00e9lastodiene<\/td>\n<\/tr>\n<tr class=\"even\">\n<td>Tour de ceinture Boxer Homme<\/td>\n<td>Taille S de 68 \u00e0 74 cm &#8211; Taille M de 74 \u00e0 82 cm &#8211; Taille L de 82 \u00e0 90 cm &#8211; Taille XL de 90 \u00e0 98 cm &#8211; Taille XXL de 98 \u00e0 106 cm &#8211; Taille XXXL de 106 \u00e0 116 cm<\/td>\n<\/tr>\n<\/tbody>\n<\/table>\n<p>&nbsp;<\/p>\n","protected":false},"excerpt":{"rendered":"<p>Les Boxers Homme\u00a0 GOHIA\u00ae Wild* sont d\u00e9clin\u00e9s sous 2 dessins originaux :<\/p>\n<ul>\n<li>le dessin Temp\u00eate aux nuances de Bleu et de Noir<\/li>\n<li>le dessin Mambo aux nuances orang\u00e9es et noires<\/li>\n<\/ul>\n<p>Construits sur la base du Boxer GOHIA\u00ae original, c&#8217;est pour vous , la garantie d&#8217;un article de qualit\u00e9, unique et con\u00e7u pour garder ses propri\u00e9t\u00e9s initiales tr\u00e8s longtemps.<\/p>\n<p>*Sauvage<\/p>\n","protected":false},"featured_media":4120,"comment_status":"open","ping_status":"closed","template":"","meta":[],"product_brand":[],"product_cat":[25,84,66,12,42,215],"product_tag":[160],"class_list":{"0":"post-4117","1":"product","2":"type-product","3":"status-publish","4":"has-post-thumbnail","6":"product_cat-surprises","7":"product_cat-best-of","8":"product_cat-calecon-boxer-slip","9":"product_cat-homme","10":"product_cat-tout","11":"product_cat-vetements","12":"product_tag-gohia","14":"first","15":"instock","16":"taxable","17":"shipping-taxable","18":"purchasable","19":"product-type-variable"},"translation":{"provider":"WPGlobus","version":"3.0.2","language":"en","enabled_languages":["fr","en"],"languages":{"fr":{"title":true,"content":true,"excerpt":true},"en":{"title":false,"content":false,"excerpt":false}}},"aioseo_notices":[],"_links":{"self":[{"href":"https:\/\/persoclo.fr\/en\/wp-json\/wp\/v2\/product\/4117","targetHints":{"allow":["GET"]}}],"collection":[{"href":"https:\/\/persoclo.fr\/en\/wp-json\/wp\/v2\/product"}],"about":[{"href":"https:\/\/persoclo.fr\/en\/wp-json\/wp\/v2\/types\/product"}],"replies":[{"embeddable":true,"href":"https:\/\/persoclo.fr\/en\/wp-json\/wp\/v2\/comments?post=4117"}],"wp:featuredmedia":[{"embeddable":true,"href":"https:\/\/persoclo.fr\/en\/wp-json\/wp\/v2\/media\/4120"}],"wp:attachment":[{"href":"https:\/\/persoclo.fr\/en\/wp-json\/wp\/v2\/media?parent=4117"}],"wp:term":[{"taxonomy":"product_brand","embeddable":true,"href":"https:\/\/persoclo.fr\/en\/wp-json\/wp\/v2\/product_brand?post=4117"},{"taxonomy":"product_cat","embeddable":true,"href":"https:\/\/persoclo.fr\/en\/wp-json\/wp\/v2\/product_cat?post=4117"},{"taxonomy":"product_tag","embeddable":true,"href":"https:\/\/persoclo.fr\/en\/wp-json\/wp\/v2\/product_tag?post=4117"}],"curies":[{"name":"wp","href":"https:\/\/api.w.org\/{rel}","templated":true}]}}