{"id":4108,"date":"2016-05-20T18:28:30","date_gmt":"2016-05-20T17:28:30","guid":{"rendered":"http:\/\/persoclo.fr\/?post_type=product&#038;p=4108"},"modified":"2017-08-30T01:00:13","modified_gmt":"2017-08-30T00:00:13","slug":"4108","status":"publish","type":"product","link":"https:\/\/persoclo.fr\/en\/shopping\/4108\/","title":{"rendered":"Top Partage"},"content":{"rendered":"<p>Entretien:<br \/>\nLavage machine 40\u00b0C, s\u00e9chage machine max 60\u00b0C, repassage \u00e0 temp\u00e9rature max 150\u00b0C<\/p>\n","protected":false},"excerpt":{"rendered":"<p><span class=\"PBMainTxt\">Composition mati\u00e8re principale\u00a0<\/span><br \/>\n100% Polyester Stretch, \u00e0 partir de fibre Natura (R), qui offre une durabilit\u00e9 exceptionnelle et un toucher coton : ce \u00ab\u00a0coton synth\u00e9tique\u00a0\u00bb est donc sans dommages pour la nature, au contraire du coton naturel qui requiert pr\u00e8s de 30 000 L d\u2019eau pour en produire 1kg. Le tissu principal de \u00ab\u00a0Convivialit\u00e9\u00a0\u00bb\u00a0 est tiss\u00e9 et ennobli par une entreprise fran\u00e7aise en Rh\u00f4ne-Alpes, et certifi\u00e9 selon la norme humano-\u00e9cologique Oeko-Tex (R) Classe 100.<\/p>\n<p><span class=\"PBMainTxt\">Composition doublure<\/span><\/p>\n<p>65% Ac\u00e9tate de cellulose, 35% Polyester<br \/>\nL\u2019ac\u00e9tate de cellulose est une fibre r\u00e9g\u00e9n\u00e9r\u00e9e fabriqu\u00e9e \u00e0 partir de bois de pin. Elle offre une bonne r\u00e9tention de forme et est douce et lustr\u00e9e. La doublure est stretch, pour plus de confort.<\/p>\n<p><img loading=\"lazy\" decoding=\"async\" class=\"aligncenter size-full wp-image-2494\" src=\"http:\/\/persoclo.fr\/wp-content\/uploads\/2016\/07\/tailles-GH.png\" alt=\"\" width=\"1104\" height=\"301\" srcset=\"https:\/\/persoclo.fr\/wp-content\/uploads\/2016\/07\/tailles-GH.png 1104w, https:\/\/persoclo.fr\/wp-content\/uploads\/2016\/07\/tailles-GH-600x164.png 600w, https:\/\/persoclo.fr\/wp-content\/uploads\/2016\/07\/tailles-GH-300x82.png 300w, https:\/\/persoclo.fr\/wp-content\/uploads\/2016\/07\/tailles-GH-768x209.png 768w, https:\/\/persoclo.fr\/wp-content\/uploads\/2016\/07\/tailles-GH-1024x279.png 1024w\" sizes=\"auto, (max-width: 1104px) 100vw, 1104px\" \/><\/p>\n","protected":false},"featured_media":4109,"comment_status":"open","ping_status":"closed","template":"","meta":[],"product_brand":[],"product_cat":[6,18,215],"product_tag":[208],"class_list":{"0":"post-4108","1":"product","2":"type-product","3":"status-publish","4":"has-post-thumbnail","6":"product_cat-femme","7":"product_cat-haut-pour-elle","8":"product_cat-vetements","9":"product_tag-graines-dhorizons","11":"first","12":"instock","13":"taxable","14":"shipping-taxable","15":"purchasable","16":"product-type-variable"},"translation":{"provider":"WPGlobus","version":"3.0.2","language":"en","enabled_languages":["fr","en"],"languages":{"fr":{"title":true,"content":true,"excerpt":true},"en":{"title":false,"content":false,"excerpt":false}}},"aioseo_notices":[],"_links":{"self":[{"href":"https:\/\/persoclo.fr\/en\/wp-json\/wp\/v2\/product\/4108","targetHints":{"allow":["GET"]}}],"collection":[{"href":"https:\/\/persoclo.fr\/en\/wp-json\/wp\/v2\/product"}],"about":[{"href":"https:\/\/persoclo.fr\/en\/wp-json\/wp\/v2\/types\/product"}],"replies":[{"embeddable":true,"href":"https:\/\/persoclo.fr\/en\/wp-json\/wp\/v2\/comments?post=4108"}],"wp:featuredmedia":[{"embeddable":true,"href":"https:\/\/persoclo.fr\/en\/wp-json\/wp\/v2\/media\/4109"}],"wp:attachment":[{"href":"https:\/\/persoclo.fr\/en\/wp-json\/wp\/v2\/media?parent=4108"}],"wp:term":[{"taxonomy":"product_brand","embeddable":true,"href":"https:\/\/persoclo.fr\/en\/wp-json\/wp\/v2\/product_brand?post=4108"},{"taxonomy":"product_cat","embeddable":true,"href":"https:\/\/persoclo.fr\/en\/wp-json\/wp\/v2\/product_cat?post=4108"},{"taxonomy":"product_tag","embeddable":true,"href":"https:\/\/persoclo.fr\/en\/wp-json\/wp\/v2\/product_tag?post=4108"}],"curies":[{"name":"wp","href":"https:\/\/api.w.org\/{rel}","templated":true}]}}