{"id":4100,"date":"2016-05-20T18:23:46","date_gmt":"2016-05-20T17:23:46","guid":{"rendered":"http:\/\/persoclo.fr\/?post_type=product&#038;p=4100"},"modified":"2018-09-08T22:32:08","modified_gmt":"2018-09-08T21:32:08","slug":"top-selina","status":"publish","type":"product","link":"https:\/\/persoclo.fr\/en\/shopping\/top-selina\/","title":{"rendered":"TOP &#8211; S\u00c9LINA"},"content":{"rendered":"<div class=\"product-box-details\">\n<div class=\"collateral-contenu\">\n<p>&#8211; Le top S\u00e9lina est fabriqu\u00e9 avec amour, \u00e0 la main.<br \/>\n&#8211;\u00a0Jacquard : 60% coton 40% polyamide<br \/>\n&#8211;\u00a0<strong>S\u00e9lina se lave d\u00e9licatement \u00e0 30\u00b0C<\/strong><br \/>\n&#8211; Origine mati\u00e8res : R\u00e9gion Lyonnaise<br \/>\n&#8211; 100% Made in France<\/p>\n<\/div>\n<\/div>\n<div class=\"product-box-description\">\n<div class=\"collateral-contenu\">\n<p>Livraison 72h &#8211; 3 jours ouvr\u00e9s<br \/>\nChaque pi\u00e8ce est fabriqu\u00e9e \u00e0 la main dans nos ateliers Proven\u00e7aux<br \/>\nL&#8217;ensemble des composantes du v\u00eatement (tissus, fils, boutons, \u00e9tiquettes &amp; accessoires) sont issues de fabriques Fran\u00e7aises.<br \/>\nRetour : sur simple demande par mail &#8211; voir conditions de vente.<\/p>\n<\/div>\n<\/div>\n","protected":false},"excerpt":{"rendered":"<p>Signature incontournable de la Maison, le top <strong>S\u00e9lina<\/strong> n\u2019aura aucun mal \u00e0 trouver une place dans votre dressing. Sa mati\u00e8re jacquard relief\u00e9e lui procure un touch\u00e9 subtil et sa coupe travaill\u00e9e en font une pi\u00e8ce moderne. Avec son allure r\u00e9solument chic, vous aimerez le porter de jour comme de nuit.<\/p>\n<p><strong>Le petit mot de la cr\u00e9atrice<\/strong>\u00a0:\u00a0Associez S\u00e9lina avec un <a title=\"Pantalon 7\/8 Suhel\" href=\"http:\/\/www.lamaisonborrelly.com\/collection\/pantalon-jupes\/suhel.html\" target=\"_blank\" rel=\"noopener noreferrer\">pantalon 7\/8<\/a> pour un look affirm\u00e9. Ou un <a title=\"Jean slim Taline\" href=\"http:\/\/www.lamaisonborrelly.com\/collection\/pantalon-jupes\/taline.html\" target=\"_blank\" rel=\"noopener noreferrer\">jean slim<\/a> pour une tenue plus d\u00e9contract\u00e9e.<\/p>\n<p>&#8211; Manches courtes<br \/>\n&#8211; Encolure arrondie<br \/>\n&#8211; Petits plis sur le haut de la manche<br \/>\n&#8211; Haut dos : petite goutte ferm\u00e9e par un bouton de nacre naturel blanc<br \/>\n&#8211; Mati\u00e8re jacquard relief\u00e9e<br \/>\n&#8211; S\u00e9lina est fabriqu\u00e9 en France<\/p>\n<p><img loading=\"lazy\" decoding=\"async\" class=\"aligncenter size-full wp-image-3949\" src=\"http:\/\/persoclo.fr\/wp-content\/uploads\/2017\/05\/j.png\" alt=\"\" width=\"1144\" height=\"428\" srcset=\"https:\/\/persoclo.fr\/wp-content\/uploads\/2017\/05\/j.png 1144w, https:\/\/persoclo.fr\/wp-content\/uploads\/2017\/05\/j-600x224.png 600w, https:\/\/persoclo.fr\/wp-content\/uploads\/2017\/05\/j-300x112.png 300w, https:\/\/persoclo.fr\/wp-content\/uploads\/2017\/05\/j-768x287.png 768w, https:\/\/persoclo.fr\/wp-content\/uploads\/2017\/05\/j-1024x383.png 1024w\" sizes=\"auto, (max-width: 1144px) 100vw, 1144px\" \/><\/p>\n","protected":false},"featured_media":4101,"comment_status":"open","ping_status":"closed","template":"","meta":[],"product_brand":[],"product_cat":[6,18,42,215],"product_tag":[224],"class_list":{"0":"post-4100","1":"product","2":"type-product","3":"status-publish","4":"has-post-thumbnail","6":"product_cat-femme","7":"product_cat-haut-pour-elle","8":"product_cat-tout","9":"product_cat-vetements","10":"product_tag-maison-borelly","11":"product_shipping_class-classe-1","13":"first","14":"outofstock","15":"taxable","16":"shipping-taxable","17":"purchasable","18":"product-type-variable"},"translation":{"provider":"WPGlobus","version":"3.0.2","language":"en","enabled_languages":["fr","en"],"languages":{"fr":{"title":true,"content":true,"excerpt":true},"en":{"title":false,"content":false,"excerpt":false}}},"aioseo_notices":[],"_links":{"self":[{"href":"https:\/\/persoclo.fr\/en\/wp-json\/wp\/v2\/product\/4100","targetHints":{"allow":["GET"]}}],"collection":[{"href":"https:\/\/persoclo.fr\/en\/wp-json\/wp\/v2\/product"}],"about":[{"href":"https:\/\/persoclo.fr\/en\/wp-json\/wp\/v2\/types\/product"}],"replies":[{"embeddable":true,"href":"https:\/\/persoclo.fr\/en\/wp-json\/wp\/v2\/comments?post=4100"}],"wp:featuredmedia":[{"embeddable":true,"href":"https:\/\/persoclo.fr\/en\/wp-json\/wp\/v2\/media\/4101"}],"wp:attachment":[{"href":"https:\/\/persoclo.fr\/en\/wp-json\/wp\/v2\/media?parent=4100"}],"wp:term":[{"taxonomy":"product_brand","embeddable":true,"href":"https:\/\/persoclo.fr\/en\/wp-json\/wp\/v2\/product_brand?post=4100"},{"taxonomy":"product_cat","embeddable":true,"href":"https:\/\/persoclo.fr\/en\/wp-json\/wp\/v2\/product_cat?post=4100"},{"taxonomy":"product_tag","embeddable":true,"href":"https:\/\/persoclo.fr\/en\/wp-json\/wp\/v2\/product_tag?post=4100"}],"curies":[{"name":"wp","href":"https:\/\/api.w.org\/{rel}","templated":true}]}}