{"id":4093,"date":"2016-05-20T18:11:43","date_gmt":"2016-05-20T17:11:43","guid":{"rendered":"http:\/\/persoclo.fr\/?post_type=product&#038;p=4093"},"modified":"2018-09-08T22:33:40","modified_gmt":"2018-09-08T21:33:40","slug":"robe-adele","status":"publish","type":"product","link":"https:\/\/persoclo.fr\/en\/shopping\/robe-adele\/","title":{"rendered":"ROBE &#8211; AD\u00c9LE"},"content":{"rendered":"<div class=\"product-box-details\">\n<div class=\"collateral-contenu\">\n<p>&#8211; La Robe Adele est fabriqu\u00e9 avec amour, \u00e0 la main.<br \/>\n&#8211; Uni noir gaufr\u00e9 99% viscose 1% \u00e9lasthanne<br \/>\n&#8211; Uni noir 97% coton 3% \u00e9lasthanne<br \/>\n&#8211; Origine mati\u00e8res : R\u00e9gion Alsacienne<br \/>\n&#8211; Ad\u00e9le se nettoie se nettoie d\u00e9licatement \u00e0 l&#8217;envers \u00e0 30\u00b0C<br \/>\n<b>&#8211; 100% Made in France<\/b><\/p>\n<\/div>\n<\/div>\n<div class=\"product-box-description\">\n<div class=\"collateral-contenu\">\n<p>Livraison 72h &#8211; 3 jours ouvr\u00e9s<br \/>\nChaque pi\u00e8ce est fabriqu\u00e9e \u00e0 la main dans nos ateliers Proven\u00e7aux<br \/>\nL&#8217;ensemble des composantes du v\u00eatement (tissus, fils, boutons, \u00e9tiquettes &amp; accessoires) sont issues de fabriques Fran\u00e7aises.<br \/>\nRetour : sur simple demande par mail &#8211; voir conditions de vente.<\/p>\n<\/div>\n<\/div>\n","protected":false},"excerpt":{"rendered":"<p>Raffin\u00e9e, avec son col orn\u00e9 de bijoux cousus \u00e0 la main,\u00a0Ad\u00e8le exaltera votre f\u00e9minit\u00e9. Sa coupe ajust\u00e9e et ses d\u00e9coupes graphiques apportent une touche moderne au classique de la petite robe noire.<\/p>\n<p><strong>Le petit mot de la Cr\u00e9atrice :<\/strong> Accessoiris\u00e9e avec des couleurs vives, Ad\u00e8le se renouv\u00e8lera facilement et apportera une pointe de raffinement \u00e0 vos tenues de bureau.<\/p>\n<p>&#8211; Coupe Ajust\u00e9e<br \/>\n&#8211; Col chemisier<br \/>\n&#8211; Bijoux cousus main<br \/>\n&#8211; Poches plaqu\u00e9es<br \/>\n&#8211; Noir gaufr\u00e9 : effet relief\u00e9<br \/>\n&#8211; Decoupe graphique devant\/dos<br \/>\n<strong>&#8211; Adele est fabriqu\u00e9 en France<\/strong><\/p>\n<p><img loading=\"lazy\" decoding=\"async\" class=\"aligncenter size-full wp-image-3949\" src=\"http:\/\/persoclo.fr\/wp-content\/uploads\/2017\/05\/j.png\" alt=\"\" width=\"1144\" height=\"428\" srcset=\"https:\/\/persoclo.fr\/wp-content\/uploads\/2017\/05\/j.png 1144w, https:\/\/persoclo.fr\/wp-content\/uploads\/2017\/05\/j-600x224.png 600w, https:\/\/persoclo.fr\/wp-content\/uploads\/2017\/05\/j-300x112.png 300w, https:\/\/persoclo.fr\/wp-content\/uploads\/2017\/05\/j-768x287.png 768w, https:\/\/persoclo.fr\/wp-content\/uploads\/2017\/05\/j-1024x383.png 1024w\" sizes=\"auto, (max-width: 1144px) 100vw, 1144px\" \/><\/p>\n","protected":false},"featured_media":4094,"comment_status":"open","ping_status":"closed","template":"","meta":[],"product_brand":[],"product_cat":[6,205,42,215],"product_tag":[224],"class_list":{"0":"post-4093","1":"product","2":"type-product","3":"status-publish","4":"has-post-thumbnail","6":"product_cat-femme","7":"product_cat-robes","8":"product_cat-tout","9":"product_cat-vetements","10":"product_tag-maison-borelly","12":"first","13":"outofstock","14":"taxable","15":"shipping-taxable","16":"purchasable","17":"product-type-variable"},"translation":{"provider":"WPGlobus","version":"3.0.2","language":"en","enabled_languages":["fr","en"],"languages":{"fr":{"title":true,"content":true,"excerpt":true},"en":{"title":false,"content":false,"excerpt":false}}},"aioseo_notices":[],"_links":{"self":[{"href":"https:\/\/persoclo.fr\/en\/wp-json\/wp\/v2\/product\/4093","targetHints":{"allow":["GET"]}}],"collection":[{"href":"https:\/\/persoclo.fr\/en\/wp-json\/wp\/v2\/product"}],"about":[{"href":"https:\/\/persoclo.fr\/en\/wp-json\/wp\/v2\/types\/product"}],"replies":[{"embeddable":true,"href":"https:\/\/persoclo.fr\/en\/wp-json\/wp\/v2\/comments?post=4093"}],"wp:featuredmedia":[{"embeddable":true,"href":"https:\/\/persoclo.fr\/en\/wp-json\/wp\/v2\/media\/4094"}],"wp:attachment":[{"href":"https:\/\/persoclo.fr\/en\/wp-json\/wp\/v2\/media?parent=4093"}],"wp:term":[{"taxonomy":"product_brand","embeddable":true,"href":"https:\/\/persoclo.fr\/en\/wp-json\/wp\/v2\/product_brand?post=4093"},{"taxonomy":"product_cat","embeddable":true,"href":"https:\/\/persoclo.fr\/en\/wp-json\/wp\/v2\/product_cat?post=4093"},{"taxonomy":"product_tag","embeddable":true,"href":"https:\/\/persoclo.fr\/en\/wp-json\/wp\/v2\/product_tag?post=4093"}],"curies":[{"name":"wp","href":"https:\/\/api.w.org\/{rel}","templated":true}]}}