{"id":4087,"date":"2016-05-20T18:02:48","date_gmt":"2016-05-20T17:02:48","guid":{"rendered":"http:\/\/persoclo.fr\/?post_type=product&#038;p=4087"},"modified":"2017-08-30T02:47:50","modified_gmt":"2017-08-30T01:47:50","slug":"robe-lisa","status":"publish","type":"product","link":"https:\/\/persoclo.fr\/en\/shopping\/robe-lisa\/","title":{"rendered":"ROBE &#8211; LISA"},"content":{"rendered":"<div class=\"product-box-details\">\n<div class=\"collateral-contenu\">\n<p>&#8211; La robe Lisa est fabriqu\u00e9e avec amour, \u00e0 la main.<br \/>\n&#8211;\u00a0Uni orange gaufr\u00e9 : 99% Viscose 1% \u00e9lasthanne<br \/>\n&#8211; Uni bleu : 97% coton 3% \u00e9lasthanne<br \/>\n&#8211; Origine mati\u00e8res : R\u00e9gion Alsace<br \/>\n&#8211;\u00a0<strong>Lysa se lave d\u00e9licatement \u00e0 l&#8217;envers \u00e0 30\u00b0C<\/strong><br \/>\n&#8211; 100% Made in France<\/p>\n<\/div>\n<\/div>\n<div class=\"product-box-description\">\n<div class=\"collateral-contenu\">\n<p>Livraison 72h &#8211; 3 jours ouvr\u00e9s<br \/>\nChaque pi\u00e8ce est fabriqu\u00e9e \u00e0 la main dans nos ateliers Proven\u00e7aux<br \/>\nL&#8217;ensemble des composantes du v\u00eatement (tissus, fils, boutons, \u00e9tiquettes &amp; accessoires) sont issues de fabriques Fran\u00e7aises.<br \/>\nRetour : sur simple demande par mail &#8211; voir conditions de vente.<\/p>\n<\/div>\n<\/div>\n","protected":false},"excerpt":{"rendered":"<p>\u00c9tincelante, Lisa vous garantit une allure graphique et pointue. Fluide, orn\u00e9e de ses bijoux multicolores cousus mains, elle sublimera votre silhouette en toute circonstance. Son orange vif r\u00e9chauffera vos longues journ\u00e9es d\u2019hiver.<\/p>\n<p><strong>Le petit mot de la cr\u00e9atrice\u00a0:<\/strong> Adoptez Lisa pour colorer votre hiver. Bottines aux pieds, pochette \u00e0 la main, vous voici par\u00e9e pour affronter vos journ\u00e9es les plus rudes.<\/p>\n<p>&#8211; Coupe ajust\u00e9e<br \/>\n&#8211; Col chemisier<br \/>\n&#8211; Bijoux cousus main<br \/>\n&#8211; Poches plaqu\u00e9es<br \/>\n&#8211;\u00a0Couleur orange, couleur de l\u2019hiver<br \/>\n&#8211; D\u00e9coupes graphiques devant et dos<br \/>\n<strong>&#8211; Lisa est fabriqu\u00e9e en France<\/strong><\/p>\n<p><img loading=\"lazy\" decoding=\"async\" class=\"aligncenter size-full wp-image-3949\" src=\"http:\/\/persoclo.fr\/wp-content\/uploads\/2017\/05\/j.png\" alt=\"\" width=\"1144\" height=\"428\" srcset=\"https:\/\/persoclo.fr\/wp-content\/uploads\/2017\/05\/j.png 1144w, https:\/\/persoclo.fr\/wp-content\/uploads\/2017\/05\/j-600x224.png 600w, https:\/\/persoclo.fr\/wp-content\/uploads\/2017\/05\/j-300x112.png 300w, https:\/\/persoclo.fr\/wp-content\/uploads\/2017\/05\/j-768x287.png 768w, https:\/\/persoclo.fr\/wp-content\/uploads\/2017\/05\/j-1024x383.png 1024w\" sizes=\"auto, (max-width: 1144px) 100vw, 1144px\" \/><\/p>\n","protected":false},"featured_media":4088,"comment_status":"open","ping_status":"closed","template":"","meta":[],"product_brand":[],"product_cat":[6,205,42,215],"product_tag":[224],"class_list":{"0":"post-4087","1":"product","2":"type-product","3":"status-publish","4":"has-post-thumbnail","6":"product_cat-femme","7":"product_cat-robes","8":"product_cat-tout","9":"product_cat-vetements","10":"product_tag-maison-borelly","12":"first","13":"outofstock","14":"taxable","15":"shipping-taxable","16":"purchasable","17":"product-type-simple"},"translation":{"provider":"WPGlobus","version":"3.0.2","language":"en","enabled_languages":["fr","en"],"languages":{"fr":{"title":true,"content":true,"excerpt":true},"en":{"title":false,"content":false,"excerpt":false}}},"aioseo_notices":[],"_links":{"self":[{"href":"https:\/\/persoclo.fr\/en\/wp-json\/wp\/v2\/product\/4087","targetHints":{"allow":["GET"]}}],"collection":[{"href":"https:\/\/persoclo.fr\/en\/wp-json\/wp\/v2\/product"}],"about":[{"href":"https:\/\/persoclo.fr\/en\/wp-json\/wp\/v2\/types\/product"}],"replies":[{"embeddable":true,"href":"https:\/\/persoclo.fr\/en\/wp-json\/wp\/v2\/comments?post=4087"}],"wp:featuredmedia":[{"embeddable":true,"href":"https:\/\/persoclo.fr\/en\/wp-json\/wp\/v2\/media\/4088"}],"wp:attachment":[{"href":"https:\/\/persoclo.fr\/en\/wp-json\/wp\/v2\/media?parent=4087"}],"wp:term":[{"taxonomy":"product_brand","embeddable":true,"href":"https:\/\/persoclo.fr\/en\/wp-json\/wp\/v2\/product_brand?post=4087"},{"taxonomy":"product_cat","embeddable":true,"href":"https:\/\/persoclo.fr\/en\/wp-json\/wp\/v2\/product_cat?post=4087"},{"taxonomy":"product_tag","embeddable":true,"href":"https:\/\/persoclo.fr\/en\/wp-json\/wp\/v2\/product_tag?post=4087"}],"curies":[{"name":"wp","href":"https:\/\/api.w.org\/{rel}","templated":true}]}}