{"id":4081,"date":"2016-05-20T17:52:46","date_gmt":"2016-05-20T16:52:46","guid":{"rendered":"http:\/\/persoclo.fr\/?post_type=product&#038;p=4081"},"modified":"2017-08-30T02:49:44","modified_gmt":"2017-08-30T01:49:44","slug":"jupe-sylvie","status":"publish","type":"product","link":"https:\/\/persoclo.fr\/en\/shopping\/jupe-sylvie\/","title":{"rendered":"JUPE &#8211; SYLVIE"},"content":{"rendered":"<div class=\"product-box-details\">\n<div class=\"collateral-contenu\">\n<p>&#8211; La jupe Sylvie est fabriqu\u00e9e avec amour, \u00e0 la main.<br \/>\n&#8211; Uni Gris : 87% coton 10% laine 3% \u00e9lasthanne<br \/>\n&#8211; Origine mati\u00e8res : R\u00e9gion Lyonnaise<br \/>\n&#8211; Sylvie se lave d\u00e9licatement \u00e0 la machine \u00e0 30\u00b0C<br \/>\n<b>&#8211; 100% Made in France<\/b><\/p>\n<\/div>\n<\/div>\n<div class=\"product-box-description\">\n<div class=\"collateral-contenu\">\n<p>Livraison 72h &#8211; 3 jours ouvr\u00e9s<br \/>\nChaque pi\u00e8ce est fabriqu\u00e9e \u00e0 la main dans nos ateliers Proven\u00e7aux<br \/>\nL&#8217;ensemble des composantes du v\u00eatement (tissus, fils, boutons, \u00e9tiquettes &amp; accessoires) sont issues de fabriques Fran\u00e7aises.<br \/>\nRetour : sur simple demande par mail &#8211; voir conditions de vente.<\/p>\n<\/div>\n<\/div>\n","protected":false},"excerpt":{"rendered":"<p>Cette jupe midi, vous s\u00e9duira par sa mati\u00e8re stretch, \u00e9pousant parfaitement vos formes et r\u00e9v\u00e9lant votre silhouette la plus f\u00e9minine. Elle deviendra vite un incontournable de vos soir\u00e9es vous conf\u00e9rant un look chic et r\u00e9solument moderne.<\/p>\n<p><strong>Le petit mot de la Cr\u00e9atrice :\u00a0<\/strong>A porter avec le top Clara pour un look working girl d\u00e9contract\u00e9<\/p>\n<p>&#8211; Taille haute<br \/>\n&#8211; Fermeture invisible milieu dos<br \/>\n&#8211; Fente milieu dos<br \/>\n&#8211; Couleur rose poudr\u00e9 effet seconde peau<br \/>\n<strong>&#8211; Sylvie est fabriqu\u00e9e en France<\/strong><\/p>\n","protected":false},"featured_media":4082,"comment_status":"open","ping_status":"closed","template":"","meta":[],"product_brand":[],"product_cat":[6,231,42,215],"product_tag":[224],"class_list":{"0":"post-4081","1":"product","2":"type-product","3":"status-publish","4":"has-post-thumbnail","6":"product_cat-femme","7":"product_cat-jupes","8":"product_cat-tout","9":"product_cat-vetements","10":"product_tag-maison-borelly","11":"product_shipping_class-classe-1","13":"first","14":"outofstock","15":"taxable","16":"shipping-taxable","17":"purchasable","18":"product-type-variable"},"translation":{"provider":"WPGlobus","version":"3.0.2","language":"en","enabled_languages":["fr","en"],"languages":{"fr":{"title":true,"content":true,"excerpt":true},"en":{"title":false,"content":false,"excerpt":false}}},"aioseo_notices":[],"_links":{"self":[{"href":"https:\/\/persoclo.fr\/en\/wp-json\/wp\/v2\/product\/4081","targetHints":{"allow":["GET"]}}],"collection":[{"href":"https:\/\/persoclo.fr\/en\/wp-json\/wp\/v2\/product"}],"about":[{"href":"https:\/\/persoclo.fr\/en\/wp-json\/wp\/v2\/types\/product"}],"replies":[{"embeddable":true,"href":"https:\/\/persoclo.fr\/en\/wp-json\/wp\/v2\/comments?post=4081"}],"wp:featuredmedia":[{"embeddable":true,"href":"https:\/\/persoclo.fr\/en\/wp-json\/wp\/v2\/media\/4082"}],"wp:attachment":[{"href":"https:\/\/persoclo.fr\/en\/wp-json\/wp\/v2\/media?parent=4081"}],"wp:term":[{"taxonomy":"product_brand","embeddable":true,"href":"https:\/\/persoclo.fr\/en\/wp-json\/wp\/v2\/product_brand?post=4081"},{"taxonomy":"product_cat","embeddable":true,"href":"https:\/\/persoclo.fr\/en\/wp-json\/wp\/v2\/product_cat?post=4081"},{"taxonomy":"product_tag","embeddable":true,"href":"https:\/\/persoclo.fr\/en\/wp-json\/wp\/v2\/product_tag?post=4081"}],"curies":[{"name":"wp","href":"https:\/\/api.w.org\/{rel}","templated":true}]}}