{"id":4074,"date":"2017-05-20T17:51:41","date_gmt":"2017-05-20T16:51:41","guid":{"rendered":"http:\/\/persoclo.fr\/?post_type=product&#038;p=4074"},"modified":"2018-09-08T22:27:55","modified_gmt":"2018-09-08T21:27:55","slug":"top-alga","status":"publish","type":"product","link":"https:\/\/persoclo.fr\/en\/shopping\/top-alga\/","title":{"rendered":"TOP &#8211; ALGA"},"content":{"rendered":"<div class=\"product-box-details\">\n<div class=\"collateral-contenu\">\n<p>&#8211; Le top Alga est fabriqu\u00e9 avec amour, \u00e0 la main.<br \/>\n&#8211;\u00a0Uni bordeaux\u00a0: 99% Viscose 1% \u00e9lasthanne<br \/>\n&#8211; Origine mati\u00e8res : R\u00e9gion Alsacienne<br \/>\n&#8211;\u00a0<strong>Alga se lave d\u00e9licatement \u00e0 30\u00b0C<\/strong><br \/>\n&#8211; 100% Made in France<\/p>\n<\/div>\n<\/div>\n<div class=\"product-box-description\">\n<div class=\"collateral-contenu\">\n<p>Livraison 72h &#8211; 3 jours ouvr\u00e9s<br \/>\nChaque pi\u00e8ce est fabriqu\u00e9e \u00e0 la main dans nos ateliers Proven\u00e7aux<br \/>\nL&#8217;ensemble des composantes du v\u00eatement (tissus, fils, boutons, \u00e9tiquettes &amp; accessoires) sont issues de fabriques Fran\u00e7aises.<br \/>\nRetour : sur simple demande par mail &#8211; voir conditions de vente.<\/p>\n<\/div>\n<\/div>\n","protected":false},"excerpt":{"rendered":"<div class=\"short-description\">\n<div class=\"std\">\n<p>Moderne et exclusif. Vous ne retrouverez <strong>Alga<\/strong> nulle part ailleurs. Pi\u00e8ce f\u00e9tiche d\u2019une garde-robe avant-gardiste, elle habillera les femmes pr\u00eates \u00e0 \u00e9crire leur destin\u00e9e avec audace. Avec sa cape chic et mode,\u00a0<strong>Alga\u00a0<\/strong>vous accompagnera dans vos journ\u00e9es comme vos soir\u00e9es.<\/p>\n<p><strong>Le petit mot de la cr\u00e9atrice\u00a0:<\/strong>\u00a0A marier avec un pantalon 7\/8 noir pour un style sophistiqu\u00e9 et recherch\u00e9 ou un pantalon slim bleu marine pour une tenue quotidienne.<\/p>\n<p>&#8211; Sans manche<br \/>\n&#8211; Cape superpos\u00e9e<br \/>\n&#8211; Encolure arrondie<br \/>\n&#8211; Couleur bordeaux<br \/>\n&#8211; Alga est fabriqu\u00e9 en France<\/p>\n<\/div>\n<\/div>\n","protected":false},"featured_media":4075,"comment_status":"open","ping_status":"closed","template":"","meta":[],"product_brand":[],"product_cat":[6,18,42,215],"product_tag":[224],"class_list":{"0":"post-4074","1":"product","2":"type-product","3":"status-publish","4":"has-post-thumbnail","6":"product_cat-femme","7":"product_cat-haut-pour-elle","8":"product_cat-tout","9":"product_cat-vetements","10":"product_tag-maison-borelly","11":"product_shipping_class-classe-1","13":"first","14":"outofstock","15":"taxable","16":"shipping-taxable","17":"purchasable","18":"product-type-variable"},"translation":{"provider":"WPGlobus","version":"3.0.2","language":"en","enabled_languages":["fr","en"],"languages":{"fr":{"title":true,"content":true,"excerpt":true},"en":{"title":false,"content":false,"excerpt":false}}},"aioseo_notices":[],"_links":{"self":[{"href":"https:\/\/persoclo.fr\/en\/wp-json\/wp\/v2\/product\/4074","targetHints":{"allow":["GET"]}}],"collection":[{"href":"https:\/\/persoclo.fr\/en\/wp-json\/wp\/v2\/product"}],"about":[{"href":"https:\/\/persoclo.fr\/en\/wp-json\/wp\/v2\/types\/product"}],"replies":[{"embeddable":true,"href":"https:\/\/persoclo.fr\/en\/wp-json\/wp\/v2\/comments?post=4074"}],"wp:featuredmedia":[{"embeddable":true,"href":"https:\/\/persoclo.fr\/en\/wp-json\/wp\/v2\/media\/4075"}],"wp:attachment":[{"href":"https:\/\/persoclo.fr\/en\/wp-json\/wp\/v2\/media?parent=4074"}],"wp:term":[{"taxonomy":"product_brand","embeddable":true,"href":"https:\/\/persoclo.fr\/en\/wp-json\/wp\/v2\/product_brand?post=4074"},{"taxonomy":"product_cat","embeddable":true,"href":"https:\/\/persoclo.fr\/en\/wp-json\/wp\/v2\/product_cat?post=4074"},{"taxonomy":"product_tag","embeddable":true,"href":"https:\/\/persoclo.fr\/en\/wp-json\/wp\/v2\/product_tag?post=4074"}],"curies":[{"name":"wp","href":"https:\/\/api.w.org\/{rel}","templated":true}]}}