{"id":4066,"date":"2016-05-20T17:38:32","date_gmt":"2016-05-20T16:38:32","guid":{"rendered":"http:\/\/persoclo.fr\/?post_type=product&#038;p=4066"},"modified":"2018-09-08T22:32:20","modified_gmt":"2018-09-08T21:32:20","slug":"robe-bleuet","status":"publish","type":"product","link":"https:\/\/persoclo.fr\/en\/shopping\/robe-bleuet\/","title":{"rendered":"ROBE &#8211; BLEUET"},"content":{"rendered":"<div class=\"product-box-details\">\n<div class=\"collateral-contenu\">\n<p>&#8211; La robe Bleuet est fabriqu\u00e9e avec amour, \u00e0 la main.<br \/>\n&#8211; Uni : 60% coton 40% polyamide<br \/>\n&#8211; Voile : 60% coton 40% soie<br \/>\n&#8211; Origine mati\u00e8res : R\u00e9gion Lyonnaise<br \/>\n&#8211; <b>Bleuet se lave d\u00e9licatement \u00e0 la main<\/b><br \/>\n&#8211; 100% Made in France<\/p>\n<\/div>\n<\/div>\n<div class=\"product-box-description\">\n<div class=\"collateral-contenu\">\n<p>Livraison 72h &#8211; 3 jours ouvr\u00e9s<br \/>\nChaque pi\u00e8ce est fabriqu\u00e9e \u00e0 la main dans nos ateliers Proven\u00e7aux<br \/>\nL&#8217;ensemble des composantes du v\u00eatement (tissus, fils, boutons, \u00e9tiquettes &amp; accessoires) sont issues de fabriques Fran\u00e7aises.<br \/>\nRetour : sur simple demande par mail &#8211; voir conditions de vente.<\/p>\n<\/div>\n<\/div>\n","protected":false},"excerpt":{"rendered":"<p>Robe structur\u00e9e sans manches, Bleuet vous s\u00e9duira par sa coupe ajust\u00e9e : le bas est droit, le haut blousant. Le mod\u00e8le s\u2019habille d\u2019un d\u00e9collet\u00e9 en V et d\u2019une d\u00e9coupe sur le haut pour cr\u00e9er un jeu de transparence gr\u00e2ce au m\u00e9lange de mati\u00e8res.<\/p>\n<p><strong>Le petit mot de la Cr\u00e9atrice<\/strong> : El\u00e9gante et moderne, on aimera la porter au soleil, avec une petite paire de sandales. Par sa couleur bleu indigo, Bleuet vous offre un look totalement casual.<\/p>\n<p>&#8211; Coupe ajust\u00e9e<br \/>\n&#8211; D\u00e9collet\u00e9 en V<br \/>\n&#8211; D\u00e9coupe \u00e0 la taille<br \/>\n&#8211; Petits plis au niveau de la taille<br \/>\n&#8211; Fermeture invisible sur le c\u00f4t\u00e9<br \/>\n&#8211; <strong>Bleuet est fabriqu\u00e9e en France<\/strong><\/p>\n","protected":false},"featured_media":4067,"comment_status":"open","ping_status":"closed","template":"","meta":[],"product_brand":[],"product_cat":[6,205,42,215],"product_tag":[224],"class_list":{"0":"post-4066","1":"product","2":"type-product","3":"status-publish","4":"has-post-thumbnail","6":"product_cat-femme","7":"product_cat-robes","8":"product_cat-tout","9":"product_cat-vetements","10":"product_tag-maison-borelly","12":"first","13":"outofstock","14":"taxable","15":"shipping-taxable","16":"purchasable","17":"product-type-variable"},"translation":{"provider":"WPGlobus","version":"3.0.2","language":"en","enabled_languages":["fr","en"],"languages":{"fr":{"title":true,"content":true,"excerpt":true},"en":{"title":false,"content":false,"excerpt":false}}},"aioseo_notices":[],"_links":{"self":[{"href":"https:\/\/persoclo.fr\/en\/wp-json\/wp\/v2\/product\/4066","targetHints":{"allow":["GET"]}}],"collection":[{"href":"https:\/\/persoclo.fr\/en\/wp-json\/wp\/v2\/product"}],"about":[{"href":"https:\/\/persoclo.fr\/en\/wp-json\/wp\/v2\/types\/product"}],"replies":[{"embeddable":true,"href":"https:\/\/persoclo.fr\/en\/wp-json\/wp\/v2\/comments?post=4066"}],"wp:featuredmedia":[{"embeddable":true,"href":"https:\/\/persoclo.fr\/en\/wp-json\/wp\/v2\/media\/4067"}],"wp:attachment":[{"href":"https:\/\/persoclo.fr\/en\/wp-json\/wp\/v2\/media?parent=4066"}],"wp:term":[{"taxonomy":"product_brand","embeddable":true,"href":"https:\/\/persoclo.fr\/en\/wp-json\/wp\/v2\/product_brand?post=4066"},{"taxonomy":"product_cat","embeddable":true,"href":"https:\/\/persoclo.fr\/en\/wp-json\/wp\/v2\/product_cat?post=4066"},{"taxonomy":"product_tag","embeddable":true,"href":"https:\/\/persoclo.fr\/en\/wp-json\/wp\/v2\/product_tag?post=4066"}],"curies":[{"name":"wp","href":"https:\/\/api.w.org\/{rel}","templated":true}]}}