{"id":4059,"date":"2016-05-20T17:32:32","date_gmt":"2016-05-20T16:32:32","guid":{"rendered":"http:\/\/persoclo.fr\/?post_type=product&#038;p=4059"},"modified":"2018-09-08T22:32:31","modified_gmt":"2018-09-08T21:32:31","slug":"robe-harmony","status":"publish","type":"product","link":"https:\/\/persoclo.fr\/en\/shopping\/robe-harmony\/","title":{"rendered":"ROBE &#8211; HARMONY"},"content":{"rendered":"<div class=\"product-box-details\">\n<div class=\"collateral-contenu\">\n<p>&#8211; La robe Harmony est fabriqu\u00e9e avec amour, \u00e0 la main.<br \/>\n&#8211; Uni rose poudr\u00e9 : 53% coton, 44% polyester, 3% \u00e9lasthanne<br \/>\n&#8211; Uni argent : 97% coton 3% \u00e9lasthanne<br \/>\n&#8211; Origine mati\u00e8res : R\u00e9gion Alsacienne<br \/>\n&#8211; Harmony se lave d\u00e9licatement \u00e0 l&#8217;envers \u00e0 30\u00b0C<br \/>\n<b>&#8211; 100% Made in France<\/b><\/p>\n<\/div>\n<\/div>\n<div class=\"product-box-description\">\n<div class=\"collateral-contenu\">\n<p>Livraison 72h &#8211; 3 jours ouvr\u00e9s<br \/>\nChaque pi\u00e8ce est fabriqu\u00e9e \u00e0 la main dans nos ateliers Proven\u00e7aux<br \/>\nL&#8217;ensemble des composantes du v\u00eatement (tissus, fils, boutons, \u00e9tiquettes &amp; accessoires) sont issues de fabriques Fran\u00e7aises.<br \/>\nRetour : sur simple demande par mail &#8211; voir conditions de vente.<\/p>\n<\/div>\n<\/div>\n","protected":false},"excerpt":{"rendered":"<p>Poudr\u00e9e, Harmony vous garantit une allure graphique et pointue. Fluide, orn\u00e9e de ses bijoux argent\u00e9s cousus mains, elle sublimera votre silhouette en toute circonstance. Son rose seconde peau ne vous quittera pas de l\u2019\u00e9t\u00e9.<\/p>\n<p><strong>Le petit mot de la Cr\u00e9atrice :<\/strong>N\u2019h\u00e9sitez pas \u00e0 casser le look avec une paire de basquettes basse pour style chic et d\u00e9contract\u00e9.<\/p>\n<p>&#8211; Coupe ajust\u00e9e<br \/>\n&#8211; Col chemisier<br \/>\n&#8211; Bijoux cousus main<br \/>\n&#8211; Fermeture invisible sur le c\u00f4t\u00e9<br \/>\n&#8211; Poches plaqu\u00e9es<br \/>\n&#8211;\u00a0Couleur rose poudr\u00e9, couleur de l\u2019\u00e9t\u00e9<br \/>\n&#8211; D\u00e9coupes graphiques devant &amp; dos<br \/>\n<strong>&#8211; Harmony est fabriqu\u00e9e en France<\/strong><\/p>\n","protected":false},"featured_media":4060,"comment_status":"open","ping_status":"closed","template":"","meta":[],"product_brand":[],"product_cat":[6,205,215],"product_tag":[224],"class_list":{"0":"post-4059","1":"product","2":"type-product","3":"status-publish","4":"has-post-thumbnail","6":"product_cat-femme","7":"product_cat-robes","8":"product_cat-vetements","9":"product_tag-maison-borelly","10":"product_shipping_class-classe-1","12":"first","13":"outofstock","14":"taxable","15":"shipping-taxable","16":"purchasable","17":"product-type-variable"},"translation":{"provider":"WPGlobus","version":"3.0.2","language":"en","enabled_languages":["fr","en"],"languages":{"fr":{"title":true,"content":true,"excerpt":true},"en":{"title":false,"content":false,"excerpt":false}}},"aioseo_notices":[],"_links":{"self":[{"href":"https:\/\/persoclo.fr\/en\/wp-json\/wp\/v2\/product\/4059","targetHints":{"allow":["GET"]}}],"collection":[{"href":"https:\/\/persoclo.fr\/en\/wp-json\/wp\/v2\/product"}],"about":[{"href":"https:\/\/persoclo.fr\/en\/wp-json\/wp\/v2\/types\/product"}],"replies":[{"embeddable":true,"href":"https:\/\/persoclo.fr\/en\/wp-json\/wp\/v2\/comments?post=4059"}],"wp:featuredmedia":[{"embeddable":true,"href":"https:\/\/persoclo.fr\/en\/wp-json\/wp\/v2\/media\/4060"}],"wp:attachment":[{"href":"https:\/\/persoclo.fr\/en\/wp-json\/wp\/v2\/media?parent=4059"}],"wp:term":[{"taxonomy":"product_brand","embeddable":true,"href":"https:\/\/persoclo.fr\/en\/wp-json\/wp\/v2\/product_brand?post=4059"},{"taxonomy":"product_cat","embeddable":true,"href":"https:\/\/persoclo.fr\/en\/wp-json\/wp\/v2\/product_cat?post=4059"},{"taxonomy":"product_tag","embeddable":true,"href":"https:\/\/persoclo.fr\/en\/wp-json\/wp\/v2\/product_tag?post=4059"}],"curies":[{"name":"wp","href":"https:\/\/api.w.org\/{rel}","templated":true}]}}