{"id":4052,"date":"2016-05-20T17:23:09","date_gmt":"2016-05-20T16:23:09","guid":{"rendered":"http:\/\/persoclo.fr\/?post_type=product&#038;p=4052"},"modified":"2018-09-08T22:32:42","modified_gmt":"2018-09-08T21:32:42","slug":"pantalon-78-suhel","status":"publish","type":"product","link":"https:\/\/persoclo.fr\/en\/shopping\/pantalon-78-suhel\/","title":{"rendered":"PANTALON 7\/8 &#8211; SUHEL"},"content":{"rendered":"<div class=\"product-box-details\">\n<div class=\"collateral-contenu\">\n<p>&#8211; Le pantalon 7\/8\u00a0Suhel est fabriqu\u00e9 avec amour, \u00e0 la main.<br \/>\n&#8211;\u00a0Uni bordeaux\u00a0: 99% Viscose 1% \u00e9lasthanne<br \/>\n&#8211;\u00a0<strong>Suhel se nettoie \u00e0 la sec<\/strong><br \/>\n&#8211; Origine mati\u00e8res : R\u00e9gion Alsacienne<br \/>\n&#8211; 100% Made in France<\/p>\n<\/div>\n<\/div>\n<div class=\"product-box-description\">\n<div class=\"collateral-contenu\">\n<p>Livraison 72h &#8211; 3 jours ouvr\u00e9s<br \/>\nChaque pi\u00e8ce est fabriqu\u00e9e \u00e0 la main dans nos ateliers Proven\u00e7aux<br \/>\nL&#8217;ensemble des composantes du v\u00eatement (tissus, fils, boutons, \u00e9tiquettes &amp; accessoires) sont issues de fabriques Fran\u00e7aises.<br \/>\nRetour : sur simple demande par mail &#8211; voir conditions de vente.<\/p>\n<\/div>\n<\/div>\n","protected":false},"excerpt":{"rendered":"<p>R\u00e9solument moderne, le pantalon 7\/8 <strong>Suhel<\/strong> se caract\u00e9rise par sa taille mi haute et sa coupe cigarette faisant de lui la r\u00e9f\u00e9rence d\u2019une garde-robe contemporaine. Sa mati\u00e8re l\u00e9g\u00e8re et confortable vous ira comme une seconde peau. Optez pour la version bordeaux, la couleur de l\u2019hiver.<\/p>\n<p><strong>Le petit mot de la cr\u00e9atrice<\/strong>\u00a0:\u00a0A porter avec une veste tailleur et un petit caraco 100% soie pour se transformer en working girl d\u2019excellence. Ou un simple top argent pour un look plus casual.<\/p>\n<p>&#8211; Coupe cigarette<br \/>\n&#8211; Fermeture \u00e0 bouton dor\u00e9<br \/>\n&#8211; Fermeture \u00e9clair<br \/>\n&#8211; Devant 2 poches italiennes<br \/>\n&#8211; Dos 2 fausses poches passpoil\u00e9es<br \/>\n&#8211; Doublure poches coton gris<br \/>\n&#8211; Bordeaux, couleur de l&#8217;hiver<br \/>\n&#8211; Finition bas de pantalon fente<br \/>\n&#8211; Suhel est fabriqu\u00e9 en France<\/p>\n","protected":false},"featured_media":4053,"comment_status":"open","ping_status":"closed","template":"","meta":[],"product_brand":[],"product_cat":[84,6,27,42,215],"product_tag":[224],"class_list":{"0":"post-4052","1":"product","2":"type-product","3":"status-publish","4":"has-post-thumbnail","6":"product_cat-best-of","7":"product_cat-femme","8":"product_cat-pantalons-pour-elle","9":"product_cat-tout","10":"product_cat-vetements","11":"product_tag-maison-borelly","13":"first","14":"outofstock","15":"taxable","16":"shipping-taxable","17":"purchasable","18":"product-type-variable"},"translation":{"provider":"WPGlobus","version":"3.0.2","language":"en","enabled_languages":["fr","en"],"languages":{"fr":{"title":true,"content":true,"excerpt":true},"en":{"title":false,"content":false,"excerpt":false}}},"aioseo_notices":[],"_links":{"self":[{"href":"https:\/\/persoclo.fr\/en\/wp-json\/wp\/v2\/product\/4052","targetHints":{"allow":["GET"]}}],"collection":[{"href":"https:\/\/persoclo.fr\/en\/wp-json\/wp\/v2\/product"}],"about":[{"href":"https:\/\/persoclo.fr\/en\/wp-json\/wp\/v2\/types\/product"}],"replies":[{"embeddable":true,"href":"https:\/\/persoclo.fr\/en\/wp-json\/wp\/v2\/comments?post=4052"}],"wp:featuredmedia":[{"embeddable":true,"href":"https:\/\/persoclo.fr\/en\/wp-json\/wp\/v2\/media\/4053"}],"wp:attachment":[{"href":"https:\/\/persoclo.fr\/en\/wp-json\/wp\/v2\/media?parent=4052"}],"wp:term":[{"taxonomy":"product_brand","embeddable":true,"href":"https:\/\/persoclo.fr\/en\/wp-json\/wp\/v2\/product_brand?post=4052"},{"taxonomy":"product_cat","embeddable":true,"href":"https:\/\/persoclo.fr\/en\/wp-json\/wp\/v2\/product_cat?post=4052"},{"taxonomy":"product_tag","embeddable":true,"href":"https:\/\/persoclo.fr\/en\/wp-json\/wp\/v2\/product_tag?post=4052"}],"curies":[{"name":"wp","href":"https:\/\/api.w.org\/{rel}","templated":true}]}}