{"id":4045,"date":"2016-05-20T16:30:51","date_gmt":"2016-05-20T15:30:51","guid":{"rendered":"http:\/\/persoclo.fr\/?post_type=product&#038;p=4045"},"modified":"2018-09-08T22:32:54","modified_gmt":"2018-09-08T21:32:54","slug":"jupe-swertie","status":"publish","type":"product","link":"https:\/\/persoclo.fr\/en\/shopping\/jupe-swertie\/","title":{"rendered":"JUPE &#8211; SWERTIE"},"content":{"rendered":"<div class=\"product-box-details\">\n<div class=\"collateral-contenu\">\n<p>&#8211; La jupe swertie est fabriqu\u00e9e avec amour, \u00e0 la main.<br \/>\n&#8211; Uni bleu : 97% coton 3% \u00e9lasthanne<br \/>\n&#8211; Origine mati\u00e8res : R\u00e9gion Lyonnaise<br \/>\n&#8211; Swertie se lave \u00e0 la machine \u00e0 30\u00b0C<br \/>\n<b>&#8211; 100% Made in France<\/b><\/p>\n<\/div>\n<\/div>\n<div class=\"product-box-description\">\n<div class=\"collateral-contenu\">\n<p>Livraison 72h &#8211; 3 jours ouvr\u00e9s<br \/>\nChaque pi\u00e8ce est fabriqu\u00e9e \u00e0 la main dans nos ateliers Proven\u00e7aux<br \/>\nL&#8217;ensemble des composantes du v\u00eatement (tissus, fils, boutons, \u00e9tiquettes &amp; accessoires) sont issues de fabriques Fran\u00e7aises.<br \/>\nRetour : sur simple demande par mail &#8211; voir conditions de vente.<\/p>\n<\/div>\n<\/div>\n","protected":false},"excerpt":{"rendered":"<p>La jupe crayon, ou encore appel\u00e9e jupe midi, \u00e9l\u00e9ment fort par son esth\u00e9tique tr\u00e8s f\u00e9minine de la collection printemps \u00e9t\u00e9 2015, se positionne comme la plus chic de sa cat\u00e9gorie. D\u2019une mati\u00e8re stretch et confortable ce mod\u00e8le illuminera votre silhouette.<\/p>\n<p><strong>Le petit mot de la Cr\u00e9atrice :<\/strong> Portez la avec des talons hauts et le top color\u00e9 Iris de mani\u00e8re blousante, la jupe Swertie vous rendra irr\u00e9sistible.<\/p>\n<p>&#8211; Taille haute<br \/>\n&#8211; Fermeture invisible milieu dos<br \/>\n&#8211; Fente milieu dos<br \/>\n<strong>&#8211; Swertie est fabriqu\u00e9e en France<\/strong><\/p>\n","protected":false},"featured_media":4046,"comment_status":"open","ping_status":"closed","template":"","meta":[],"product_brand":[],"product_cat":[6,231,42,215],"product_tag":[224],"class_list":{"0":"post-4045","1":"product","2":"type-product","3":"status-publish","4":"has-post-thumbnail","6":"product_cat-femme","7":"product_cat-jupes","8":"product_cat-tout","9":"product_cat-vetements","10":"product_tag-maison-borelly","11":"product_shipping_class-classe-1","13":"first","14":"outofstock","15":"taxable","16":"shipping-taxable","17":"purchasable","18":"product-type-variable"},"translation":{"provider":"WPGlobus","version":"3.0.2","language":"en","enabled_languages":["fr","en"],"languages":{"fr":{"title":true,"content":true,"excerpt":true},"en":{"title":false,"content":false,"excerpt":false}}},"aioseo_notices":[],"_links":{"self":[{"href":"https:\/\/persoclo.fr\/en\/wp-json\/wp\/v2\/product\/4045","targetHints":{"allow":["GET"]}}],"collection":[{"href":"https:\/\/persoclo.fr\/en\/wp-json\/wp\/v2\/product"}],"about":[{"href":"https:\/\/persoclo.fr\/en\/wp-json\/wp\/v2\/types\/product"}],"replies":[{"embeddable":true,"href":"https:\/\/persoclo.fr\/en\/wp-json\/wp\/v2\/comments?post=4045"}],"wp:featuredmedia":[{"embeddable":true,"href":"https:\/\/persoclo.fr\/en\/wp-json\/wp\/v2\/media\/4046"}],"wp:attachment":[{"href":"https:\/\/persoclo.fr\/en\/wp-json\/wp\/v2\/media?parent=4045"}],"wp:term":[{"taxonomy":"product_brand","embeddable":true,"href":"https:\/\/persoclo.fr\/en\/wp-json\/wp\/v2\/product_brand?post=4045"},{"taxonomy":"product_cat","embeddable":true,"href":"https:\/\/persoclo.fr\/en\/wp-json\/wp\/v2\/product_cat?post=4045"},{"taxonomy":"product_tag","embeddable":true,"href":"https:\/\/persoclo.fr\/en\/wp-json\/wp\/v2\/product_tag?post=4045"}],"curies":[{"name":"wp","href":"https:\/\/api.w.org\/{rel}","templated":true}]}}