{"id":4019,"date":"2016-05-19T01:12:31","date_gmt":"2016-05-19T00:12:31","guid":{"rendered":"http:\/\/persoclo.fr\/?post_type=product&#038;p=4019"},"modified":"2017-08-30T03:00:45","modified_gmt":"2017-08-30T02:00:45","slug":"top-marino","status":"publish","type":"product","link":"https:\/\/persoclo.fr\/en\/shopping\/top-marino\/","title":{"rendered":"TOP &#8211; MARINO"},"content":{"rendered":"<div class=\"product-box-details\">\n<div class=\"collateral-contenu\">\n<p>&#8211; La top Marino est fabriqu\u00e9 avec amour, \u00e0 la main.<br \/>\n&#8211; Uni noir gaufr\u00e9 : 99% viscose 1% \u00e9lasthanne<br \/>\n&#8211; Dessin plac\u00e9 : 55% acrylique 7% polyamide 30% polyester 8% mohair<br \/>\n&#8211; Origine mati\u00e8res : R\u00e9gion Parisienne<br \/>\n&#8211; Marino se lave d\u00e9licatement \u00e0 l&#8217;envers \u00e0 30\u00b0C<br \/>\n<b>&#8211; 100% Made in France<\/b><\/p>\n<\/div>\n<\/div>\n<div class=\"product-box-description\">\n<div class=\"collateral-contenu\">\n<p>Livraison 72h &#8211; 3 jours ouvr\u00e9s<br \/>\nChaque pi\u00e8ce est fabriqu\u00e9e \u00e0 la main dans nos ateliers Proven\u00e7aux<br \/>\nL&#8217;ensemble des composantes du v\u00eatement (tissus, fils, boutons, \u00e9tiquettes &amp; accessoires) sont issues de fabriques Fran\u00e7aises.<br \/>\nRetour : sur simple demande par mail &#8211; voir conditions de vente.<\/p>\n<\/div>\n<\/div>\n","protected":false},"excerpt":{"rendered":"<p>La pi\u00e8ce embl\u00e9matique de l\u2019hiver ! Marino vous invite au r\u00eave et au voyage\u2026 Cette pi\u00e8ce artisanale incarne \u00e0 la perfection l\u2019identit\u00e9 f\u00e9minine de la maison par son jeu de tissage ton sur ton et sa subtile touche de dor\u00e9. Vous voulez \u00eatre la star de l\u2019Hiver ? Marino est faite pour vous !<\/p>\n<p><strong>Le petit mot de la Cr\u00e9atrice :<\/strong>Pour une silhouette moderne, portez Marino avec le pantalon Suzon.<\/p>\n<p>&#8211; Manches courtes<br \/>\n&#8211; Coupe loose<br \/>\n&#8211; Encolure arrondie<br \/>\n&#8211; Finitions pointe sur l&#8217;arri\u00e9re<br \/>\n&#8211; Tissage artisanal<br \/>\n<strong>&#8211; Marino est fabriqu\u00e9 en France<\/strong><\/p>\n<p><img loading=\"lazy\" decoding=\"async\" class=\"aligncenter size-full wp-image-3949\" src=\"http:\/\/persoclo.fr\/wp-content\/uploads\/2017\/05\/j.png\" alt=\"\" width=\"1144\" height=\"428\" srcset=\"https:\/\/persoclo.fr\/wp-content\/uploads\/2017\/05\/j.png 1144w, https:\/\/persoclo.fr\/wp-content\/uploads\/2017\/05\/j-600x224.png 600w, https:\/\/persoclo.fr\/wp-content\/uploads\/2017\/05\/j-300x112.png 300w, https:\/\/persoclo.fr\/wp-content\/uploads\/2017\/05\/j-768x287.png 768w, https:\/\/persoclo.fr\/wp-content\/uploads\/2017\/05\/j-1024x383.png 1024w\" sizes=\"auto, (max-width: 1144px) 100vw, 1144px\" \/><\/p>\n","protected":false},"featured_media":4021,"comment_status":"open","ping_status":"closed","template":"","meta":[],"product_brand":[],"product_cat":[84,6,18,42,215],"product_tag":[224],"class_list":{"0":"post-4019","1":"product","2":"type-product","3":"status-publish","4":"has-post-thumbnail","6":"product_cat-best-of","7":"product_cat-femme","8":"product_cat-haut-pour-elle","9":"product_cat-tout","10":"product_cat-vetements","11":"product_tag-maison-borelly","13":"first","14":"outofstock","15":"taxable","16":"shipping-taxable","17":"purchasable","18":"product-type-variable"},"translation":{"provider":"WPGlobus","version":"3.0.2","language":"en","enabled_languages":["fr","en"],"languages":{"fr":{"title":true,"content":true,"excerpt":true},"en":{"title":false,"content":false,"excerpt":false}}},"aioseo_notices":[],"_links":{"self":[{"href":"https:\/\/persoclo.fr\/en\/wp-json\/wp\/v2\/product\/4019","targetHints":{"allow":["GET"]}}],"collection":[{"href":"https:\/\/persoclo.fr\/en\/wp-json\/wp\/v2\/product"}],"about":[{"href":"https:\/\/persoclo.fr\/en\/wp-json\/wp\/v2\/types\/product"}],"replies":[{"embeddable":true,"href":"https:\/\/persoclo.fr\/en\/wp-json\/wp\/v2\/comments?post=4019"}],"wp:featuredmedia":[{"embeddable":true,"href":"https:\/\/persoclo.fr\/en\/wp-json\/wp\/v2\/media\/4021"}],"wp:attachment":[{"href":"https:\/\/persoclo.fr\/en\/wp-json\/wp\/v2\/media?parent=4019"}],"wp:term":[{"taxonomy":"product_brand","embeddable":true,"href":"https:\/\/persoclo.fr\/en\/wp-json\/wp\/v2\/product_brand?post=4019"},{"taxonomy":"product_cat","embeddable":true,"href":"https:\/\/persoclo.fr\/en\/wp-json\/wp\/v2\/product_cat?post=4019"},{"taxonomy":"product_tag","embeddable":true,"href":"https:\/\/persoclo.fr\/en\/wp-json\/wp\/v2\/product_tag?post=4019"}],"curies":[{"name":"wp","href":"https:\/\/api.w.org\/{rel}","templated":true}]}}