{"id":3991,"date":"2016-05-19T00:28:13","date_gmt":"2016-05-18T23:28:13","guid":{"rendered":"http:\/\/persoclo.fr\/?post_type=product&#038;p=3991"},"modified":"2017-08-30T03:03:23","modified_gmt":"2017-08-30T02:03:23","slug":"chale-cynthia","status":"publish","type":"product","link":"https:\/\/persoclo.fr\/en\/shopping\/chale-cynthia\/","title":{"rendered":"CH\u00c2LE &#8211; CYNTHIA"},"content":{"rendered":"<div class=\"product-box-details\">\n<div class=\"collateral-contenu\">\n<p>&#8211; Le ch\u00e2le Cynthia est fabriqu\u00e9 avec amour, \u00e0 la main.<br \/>\n&#8211;\u00a0Mohair : 32% laine, 32% mohair, 32% polyamide, 4% \u00e9lasthanne.<br \/>\n&#8211; Cynthia<strong>\u00a0se lave d\u00e9licatement \u00e0 la machine \u00e0 30\u00b0C<\/strong><br \/>\n&#8211; Origine mati\u00e8res : R\u00e9gion Lyonnaise<br \/>\n&#8211; 100% Made in France<\/p>\n<\/div>\n<\/div>\n<div class=\"product-box-description\">\n<div class=\"collateral-contenu\">\n<p>Livraison 72h &#8211; 3 jours ouvr\u00e9s<br \/>\nChaque pi\u00e8ce est fabriqu\u00e9e \u00e0 la main dans nos ateliers Proven\u00e7aux<br \/>\nL&#8217;ensemble des composantes du v\u00eatement (tissus, fils, boutons, \u00e9tiquettes &amp; accessoires) sont issues de fabriques Fran\u00e7aises.<br \/>\nRetour : sur simple demande par mail &#8211; voir conditions de vente.<\/p>\n<\/div>\n<\/div>\n","protected":false},"excerpt":{"rendered":"<p>Cynthia joue de motifs et de textures pour vous apporter le confort que vous avez toujours m\u00e9rit\u00e9. A la fois chic et d\u00e9contract\u00e9 avec son faux imprim\u00e9 peau de b\u00eate, ce ch\u00e2le en mohair se mariera \u00e9l\u00e9gamment avec toutes vos tenues. Port\u00e9 sur vos \u00e9paules il sera votre compagnon le plus fid\u00e8le pour vos longues soir\u00e9es.<\/p>\n<p><strong>Le petit mot de la cr\u00e9atrice :\u00a0<\/strong>Emmenez Cynthia partout avec vous, elle sera votre meilleure amie tout au long de la saison.<\/p>\n<p>&#8211; Dimensions 200&#215;70 cm<br \/>\n&#8211; Blason brod\u00e9<br \/>\n&#8211; Mati\u00e8re mohair<br \/>\n&#8211; Double face<br \/>\n&#8211; Cynthia est fabriqu\u00e9 en France<\/p>\n","protected":false},"featured_media":3992,"comment_status":"open","ping_status":"closed","template":"","meta":[],"product_brand":[],"product_cat":[21,6,42,215],"product_tag":[224],"class_list":{"0":"post-3991","1":"product","2":"type-product","3":"status-publish","4":"has-post-thumbnail","6":"product_cat-echarpes-foulard","7":"product_cat-femme","8":"product_cat-tout","9":"product_cat-vetements","10":"product_tag-maison-borelly","12":"first","13":"outofstock","14":"taxable","15":"shipping-taxable","16":"purchasable","17":"product-type-simple"},"translation":{"provider":"WPGlobus","version":"3.0.2","language":"en","enabled_languages":["fr","en"],"languages":{"fr":{"title":true,"content":true,"excerpt":true},"en":{"title":false,"content":false,"excerpt":false}}},"aioseo_notices":[],"_links":{"self":[{"href":"https:\/\/persoclo.fr\/en\/wp-json\/wp\/v2\/product\/3991","targetHints":{"allow":["GET"]}}],"collection":[{"href":"https:\/\/persoclo.fr\/en\/wp-json\/wp\/v2\/product"}],"about":[{"href":"https:\/\/persoclo.fr\/en\/wp-json\/wp\/v2\/types\/product"}],"replies":[{"embeddable":true,"href":"https:\/\/persoclo.fr\/en\/wp-json\/wp\/v2\/comments?post=3991"}],"wp:featuredmedia":[{"embeddable":true,"href":"https:\/\/persoclo.fr\/en\/wp-json\/wp\/v2\/media\/3992"}],"wp:attachment":[{"href":"https:\/\/persoclo.fr\/en\/wp-json\/wp\/v2\/media?parent=3991"}],"wp:term":[{"taxonomy":"product_brand","embeddable":true,"href":"https:\/\/persoclo.fr\/en\/wp-json\/wp\/v2\/product_brand?post=3991"},{"taxonomy":"product_cat","embeddable":true,"href":"https:\/\/persoclo.fr\/en\/wp-json\/wp\/v2\/product_cat?post=3991"},{"taxonomy":"product_tag","embeddable":true,"href":"https:\/\/persoclo.fr\/en\/wp-json\/wp\/v2\/product_tag?post=3991"}],"curies":[{"name":"wp","href":"https:\/\/api.w.org\/{rel}","templated":true}]}}