{"id":3977,"date":"2016-05-18T23:59:30","date_gmt":"2016-05-18T22:59:30","guid":{"rendered":"http:\/\/persoclo.fr\/?post_type=product&#038;p=3977"},"modified":"2018-09-08T22:34:12","modified_gmt":"2018-09-08T21:34:12","slug":"robe-rose","status":"publish","type":"product","link":"https:\/\/persoclo.fr\/en\/shopping\/robe-rose\/","title":{"rendered":"ROBE &#8211; ROSE"},"content":{"rendered":"<div class=\"product-box-details\">\n<div class=\"collateral-contenu\">\n<p>&#8211; La Robe Rose est fabriqu\u00e9e avec amour, \u00e0 la main.<br \/>\n&#8211; Uni rose poudr\u00e9 : 60%coton 37%polyamide 3% \u00e9lasthanne<br \/>\n&#8211; Imprim\u00e9 : 100% viscose<br \/>\n&#8211; Uni framboise : 55% ac\u00e9tate de cellulose 45% viscose<br \/>\n&#8211; Origine mati\u00e8res : R\u00e9gion Lyonnaise<br \/>\n&#8211; <b>Rose se nettoie d\u00e9licatement \u00e0 sec au pressing<\/b><br \/>\n&#8211; 100% Made in France<\/p>\n<\/div>\n<\/div>\n<div class=\"product-box-description\">\n<div class=\"collateral-contenu\">\n<p>Livraison 72h &#8211; 3 jours ouvr\u00e9s<br \/>\nChaque pi\u00e8ce est fabriqu\u00e9e \u00e0 la main dans nos ateliers Proven\u00e7aux<br \/>\nL&#8217;ensemble des composantes du v\u00eatement (tissus, fils, boutons, \u00e9tiquettes &amp; accessoires) sont issues de fabriques Fran\u00e7aises.<br \/>\nRetour : sur simple demande par mail &#8211; voir conditions de vente.<\/p>\n<\/div>\n<\/div>\n","protected":false},"excerpt":{"rendered":"<p>Cette robe, travaill\u00e9e \u00e0 la mani\u00e8re d&#8217;un bijou, assure une silhouette parfaite et lumineuse gr\u00e2ce \u00e0 un jeu de d\u00e9coupes graphiques. M\u00e9lange de mati\u00e8res, de couleurs et d\u2019imprim\u00e9es dans un cama\u00efeu de rose poudr\u00e9 et framboise. Rose offre un port\u00e9 facile \u00e0 vivre et un look d\u00e9finitivement f\u00e9minin.<\/p>\n<p><strong>Le petit mot de la Cr\u00e9atrice :<\/strong> Elle se marie parfaitement avec de jolies ballerines pour un esprit city ou des sandales ouvertes pour un style plus estival.<\/p>\n<p>Optez pour Rose pour un style plus romantique<\/p>\n<p>&#8211; Coupe droite<br \/>\n&#8211; Imprim\u00e9 exclusif d\u00e9velopp\u00e9 par La Maison Borrelly<br \/>\n&#8211; Encolure arrondie<br \/>\n&#8211; D\u00e9coupes graphiques \u00e0 l\u2019avant<br \/>\n&#8211; Fermeture invisible sur le c\u00f4t\u00e9<br \/>\n&#8211;<strong> Rose est fabriqu\u00e9e en France<\/strong><\/p>\n<p><img loading=\"lazy\" decoding=\"async\" class=\"aligncenter size-full wp-image-3949\" src=\"http:\/\/persoclo.fr\/wp-content\/uploads\/2017\/05\/j.png\" alt=\"\" width=\"1144\" height=\"428\" srcset=\"https:\/\/persoclo.fr\/wp-content\/uploads\/2017\/05\/j.png 1144w, https:\/\/persoclo.fr\/wp-content\/uploads\/2017\/05\/j-600x224.png 600w, https:\/\/persoclo.fr\/wp-content\/uploads\/2017\/05\/j-300x112.png 300w, https:\/\/persoclo.fr\/wp-content\/uploads\/2017\/05\/j-768x287.png 768w, https:\/\/persoclo.fr\/wp-content\/uploads\/2017\/05\/j-1024x383.png 1024w\" sizes=\"auto, (max-width: 1144px) 100vw, 1144px\" \/><\/p>\n","protected":false},"featured_media":3978,"comment_status":"open","ping_status":"closed","template":"","meta":[],"product_brand":[],"product_cat":[84,6,205,42,215],"product_tag":[224],"class_list":{"0":"post-3977","1":"product","2":"type-product","3":"status-publish","4":"has-post-thumbnail","6":"product_cat-best-of","7":"product_cat-femme","8":"product_cat-robes","9":"product_cat-tout","10":"product_cat-vetements","11":"product_tag-maison-borelly","13":"first","14":"outofstock","15":"taxable","16":"shipping-taxable","17":"purchasable","18":"product-type-variable"},"translation":{"provider":"WPGlobus","version":"3.0.2","language":"en","enabled_languages":["fr","en"],"languages":{"fr":{"title":true,"content":true,"excerpt":true},"en":{"title":false,"content":false,"excerpt":false}}},"aioseo_notices":[],"_links":{"self":[{"href":"https:\/\/persoclo.fr\/en\/wp-json\/wp\/v2\/product\/3977","targetHints":{"allow":["GET"]}}],"collection":[{"href":"https:\/\/persoclo.fr\/en\/wp-json\/wp\/v2\/product"}],"about":[{"href":"https:\/\/persoclo.fr\/en\/wp-json\/wp\/v2\/types\/product"}],"replies":[{"embeddable":true,"href":"https:\/\/persoclo.fr\/en\/wp-json\/wp\/v2\/comments?post=3977"}],"wp:featuredmedia":[{"embeddable":true,"href":"https:\/\/persoclo.fr\/en\/wp-json\/wp\/v2\/media\/3978"}],"wp:attachment":[{"href":"https:\/\/persoclo.fr\/en\/wp-json\/wp\/v2\/media?parent=3977"}],"wp:term":[{"taxonomy":"product_brand","embeddable":true,"href":"https:\/\/persoclo.fr\/en\/wp-json\/wp\/v2\/product_brand?post=3977"},{"taxonomy":"product_cat","embeddable":true,"href":"https:\/\/persoclo.fr\/en\/wp-json\/wp\/v2\/product_cat?post=3977"},{"taxonomy":"product_tag","embeddable":true,"href":"https:\/\/persoclo.fr\/en\/wp-json\/wp\/v2\/product_tag?post=3977"}],"curies":[{"name":"wp","href":"https:\/\/api.w.org\/{rel}","templated":true}]}}