{"id":3967,"date":"2016-05-18T23:22:54","date_gmt":"2016-05-18T22:22:54","guid":{"rendered":"http:\/\/persoclo.fr\/?post_type=product&#038;p=3967"},"modified":"2018-09-08T22:34:25","modified_gmt":"2018-09-08T21:34:25","slug":"bermuda-oxalis","status":"publish","type":"product","link":"https:\/\/persoclo.fr\/en\/shopping\/bermuda-oxalis\/","title":{"rendered":"BERMUDA &#8211; OXALIS"},"content":{"rendered":"<div class=\"product-box-details\">\n<div class=\"collateral-contenu\">\n<p>&#8211; Le Bermuda Oxalis est fabriqu\u00e9 avec amour, \u00e0 la main.<br \/>\n&#8211; Uni noir : 54% coton 29% polyamide 15% viscose 2% \u00e9lasthanne<br \/>\n&#8211; Doublure : 90% coton 10% \u00e9lasthanne<br \/>\n&#8211; Origine mati\u00e8re : R\u00e9gion Lyonnaise<br \/>\n<b>&#8211; Oxalis se nettoie\u00a0 au pressing \u00e0 sec<\/b><br \/>\n&#8211; 100% Made in France<\/p>\n<\/div>\n<\/div>\n<div class=\"product-box-description\">\n<div class=\"collateral-contenu\">\n<p>Livraison 72h &#8211; 3 jours ouvr\u00e9s<br \/>\nChaque pi\u00e8ce est fabriqu\u00e9e \u00e0 la main dans nos ateliers Proven\u00e7aux<br \/>\nL&#8217;ensemble des composantes du v\u00eatement (tissus, fils, boutons, \u00e9tiquettes &amp; accessoires) sont issues de fabriques Fran\u00e7aises.<br \/>\nRetour : sur simple demande par mail &#8211; voir conditions de vente.<\/p>\n<\/div>\n<\/div>\n","protected":false},"excerpt":{"rendered":"<p>Le bermuda, ind\u00e9tr\u00f4nable de votre garde-robe de cet \u00e9t\u00e9, profite d\u2019une taille descendue pour un style d\u00e9contract\u00e9 tout en gardant les codes classiques qui ont fait de cette pi\u00e8ce le succ\u00e8s connu de toutes.<\/p>\n<p><strong>Le petit mot de la Cr\u00e9atrice<\/strong> : A accessoiriser avec une ceinture pour un effet ajust\u00e9, un d\u00e9bardeur imprim\u00e9 peau de b\u00eate Lily pour un look habill\u00e9 ou avec notre t-shirt Jonquille pour un dimanche cosy.<\/p>\n<p>&#8211; Taille descendue<br \/>\n&#8211; Fermeture \u00e0 bouton dor\u00e9<br \/>\n&#8211; Fermeture \u00e9clair<br \/>\n&#8211; Devant : 2 poches italiennes<br \/>\n&#8211; Dos : 2 fausses poches passepoil\u00e9es<br \/>\n&#8211; Doublure poche coton noir<br \/>\n&#8211; Broderie blason<br \/>\n&#8211; <strong>Oxalis est fabriqu\u00e9 en France<\/strong><\/p>\n","protected":false},"featured_media":3969,"comment_status":"open","ping_status":"closed","template":"","meta":[],"product_brand":[],"product_cat":[6,27,42,215],"product_tag":[224],"class_list":{"0":"post-3967","1":"product","2":"type-product","3":"status-publish","4":"has-post-thumbnail","6":"product_cat-femme","7":"product_cat-pantalons-pour-elle","8":"product_cat-tout","9":"product_cat-vetements","10":"product_tag-maison-borelly","12":"first","13":"outofstock","14":"taxable","15":"shipping-taxable","16":"purchasable","17":"product-type-variable"},"translation":{"provider":"WPGlobus","version":"3.0.2","language":"en","enabled_languages":["fr","en"],"languages":{"fr":{"title":true,"content":true,"excerpt":true},"en":{"title":false,"content":false,"excerpt":false}}},"aioseo_notices":[],"_links":{"self":[{"href":"https:\/\/persoclo.fr\/en\/wp-json\/wp\/v2\/product\/3967","targetHints":{"allow":["GET"]}}],"collection":[{"href":"https:\/\/persoclo.fr\/en\/wp-json\/wp\/v2\/product"}],"about":[{"href":"https:\/\/persoclo.fr\/en\/wp-json\/wp\/v2\/types\/product"}],"replies":[{"embeddable":true,"href":"https:\/\/persoclo.fr\/en\/wp-json\/wp\/v2\/comments?post=3967"}],"wp:featuredmedia":[{"embeddable":true,"href":"https:\/\/persoclo.fr\/en\/wp-json\/wp\/v2\/media\/3969"}],"wp:attachment":[{"href":"https:\/\/persoclo.fr\/en\/wp-json\/wp\/v2\/media?parent=3967"}],"wp:term":[{"taxonomy":"product_brand","embeddable":true,"href":"https:\/\/persoclo.fr\/en\/wp-json\/wp\/v2\/product_brand?post=3967"},{"taxonomy":"product_cat","embeddable":true,"href":"https:\/\/persoclo.fr\/en\/wp-json\/wp\/v2\/product_cat?post=3967"},{"taxonomy":"product_tag","embeddable":true,"href":"https:\/\/persoclo.fr\/en\/wp-json\/wp\/v2\/product_tag?post=3967"}],"curies":[{"name":"wp","href":"https:\/\/api.w.org\/{rel}","templated":true}]}}