{"id":3961,"date":"2016-05-18T23:11:25","date_gmt":"2016-05-18T22:11:25","guid":{"rendered":"http:\/\/persoclo.fr\/?post_type=product&#038;p=3961"},"modified":"2018-09-08T22:34:38","modified_gmt":"2018-09-08T21:34:38","slug":"chemisier-impatiente","status":"publish","type":"product","link":"https:\/\/persoclo.fr\/en\/shopping\/chemisier-impatiente\/","title":{"rendered":"CHEMISIER &#8211; IMPATIENTE"},"content":{"rendered":"<p>&#8211; Le chemisier Impatiente est fabriqu\u00e9 avec amour, \u00e0 la main.<br \/>\n&#8211; Imprim\u00e9 : 100% viscose<br \/>\n&#8211; Uni noir : 100% viscose<br \/>\n&#8211; Origine mati\u00e8res : R\u00e9gion Lyonnaise<br \/>\n&#8211; <b>Impatiente se lave \u00e0 la machine \u00e0 30\u00b0C<\/b><br \/>\n&#8211; 100% Made in France<\/p>\n<p>Livraison 72h &#8211; 3 jours ouvr\u00e9s<br \/>\nChaque pi\u00e8ce est fabriqu\u00e9e \u00e0 la main dans nos ateliers Proven\u00e7aux<br \/>\nL&#8217;ensemble des composantes du v\u00eatement (tissus, fils, boutons, \u00e9tiquettes &amp; accessoires) sont issues de fabriques Fran\u00e7aises.<br \/>\nRetour : sur simple demande par mail &#8211; voir conditions de vente.<\/p>\n","protected":false},"excerpt":{"rendered":"<p>Impatiente, s\u2019impatiente de vous habiller. Ce chemisier vous s\u00e9duira par son imprim\u00e9 l\u00e9opard aux tendances animali\u00e8res de saison. Ses lignes fluides et l\u00e9g\u00e8res vous donneront une allure d\u00e9contract\u00e9e et glamour en m\u00eame temps.<\/p>\n<p><strong>Le petit mot de la Cr\u00e9atrice :<\/strong> Port\u00e9 avec le bermuda Oxalis, Impatiente vous offrira le look sauvage de l\u2019\u00e9t\u00e9.<\/p>\n<p>&#8211; Col chemisier<br \/>\n&#8211; Pattes de boutonnage milieu devant<br \/>\n&#8211; Boutons en nacre teint<br \/>\n&#8211; D\u00e9tails manches<br \/>\n&#8211; <strong>Impatiente est fabriqu\u00e9 en France<\/strong><\/p>\n","protected":false},"featured_media":3963,"comment_status":"open","ping_status":"closed","template":"","meta":[],"product_brand":[],"product_cat":[6,18,42,215],"product_tag":[224],"class_list":{"0":"post-3961","1":"product","2":"type-product","3":"status-publish","4":"has-post-thumbnail","6":"product_cat-femme","7":"product_cat-haut-pour-elle","8":"product_cat-tout","9":"product_cat-vetements","10":"product_tag-maison-borelly","12":"first","13":"outofstock","14":"taxable","15":"shipping-taxable","16":"purchasable","17":"product-type-variable"},"translation":{"provider":"WPGlobus","version":"3.0.2","language":"en","enabled_languages":["fr","en"],"languages":{"fr":{"title":true,"content":true,"excerpt":true},"en":{"title":false,"content":false,"excerpt":false}}},"aioseo_notices":[],"_links":{"self":[{"href":"https:\/\/persoclo.fr\/en\/wp-json\/wp\/v2\/product\/3961","targetHints":{"allow":["GET"]}}],"collection":[{"href":"https:\/\/persoclo.fr\/en\/wp-json\/wp\/v2\/product"}],"about":[{"href":"https:\/\/persoclo.fr\/en\/wp-json\/wp\/v2\/types\/product"}],"replies":[{"embeddable":true,"href":"https:\/\/persoclo.fr\/en\/wp-json\/wp\/v2\/comments?post=3961"}],"wp:featuredmedia":[{"embeddable":true,"href":"https:\/\/persoclo.fr\/en\/wp-json\/wp\/v2\/media\/3963"}],"wp:attachment":[{"href":"https:\/\/persoclo.fr\/en\/wp-json\/wp\/v2\/media?parent=3961"}],"wp:term":[{"taxonomy":"product_brand","embeddable":true,"href":"https:\/\/persoclo.fr\/en\/wp-json\/wp\/v2\/product_brand?post=3961"},{"taxonomy":"product_cat","embeddable":true,"href":"https:\/\/persoclo.fr\/en\/wp-json\/wp\/v2\/product_cat?post=3961"},{"taxonomy":"product_tag","embeddable":true,"href":"https:\/\/persoclo.fr\/en\/wp-json\/wp\/v2\/product_tag?post=3961"}],"curies":[{"name":"wp","href":"https:\/\/api.w.org\/{rel}","templated":true}]}}