{"id":3955,"date":"2016-05-18T18:11:19","date_gmt":"2016-05-18T17:11:19","guid":{"rendered":"http:\/\/persoclo.fr\/?post_type=product&#038;p=3955"},"modified":"2018-09-08T22:34:51","modified_gmt":"2018-09-08T21:34:51","slug":"top-ikiru","status":"publish","type":"product","link":"https:\/\/persoclo.fr\/en\/shopping\/top-ikiru\/","title":{"rendered":"Top &#8211; Ikiru"},"content":{"rendered":"<div class=\"wrapper\">\n<div class=\"page\">\n<div class=\"main-container col1-layout\">\n<div class=\"main\">\n<div class=\"col-main\">\n<div class=\"product-view\">\n<div class=\"product-box-details-conteneur\">\n<div class=\"product-box-details\">\n<div class=\"collateral-contenu\">\n<p style=\"text-align: center;\">&#8211; Le top Ikiru est fabriqu\u00e9 avec amour, \u00e0 la main.<br \/>\n&#8211; Jacquard : 60% coton 40% polyamide<br \/>\n&#8211; Origine mati\u00e8res : R\u00e9gion Lyonnaise<br \/>\n&#8211; Ikiru se lave d\u00e9licatement \u00e0 la machine \u00e0 30\u00b0C<br \/>\n<b>&#8211; 100% Made in France<\/b><\/p>\n<div class=\"wrapper\">\n<div class=\"page\">\n<div class=\"main-container col1-layout\">\n<div class=\"main\">\n<div class=\"col-main\">\n<div class=\"product-view\">\n<div class=\"product-box-details-conteneur\">\n<div class=\"product-box-description\">\n<div class=\"collateral-contenu\">\n<p>Livraison 72h &#8211; 3 jours ouvr\u00e9s<br \/>\nChaque pi\u00e8ce est fabriqu\u00e9e \u00e0 la main dans nos ateliers Proven\u00e7aux<br \/>\nL&#8217;ensemble des composantes du v\u00eatement (tissus, fils, boutons, \u00e9tiquettes &amp; accessoires) sont issues de fabriques Fran\u00e7aises.<br \/>\nRetour : sur simple demande par mail &#8211; voir conditions de vente.<\/p>\n<\/div>\n<\/div>\n<\/div>\n<\/div>\n<\/div>\n<\/div>\n<\/div>\n<\/div>\n<\/div>\n<\/div>\n<\/div>\n<\/div>\n<\/div>\n<\/div>\n<\/div>\n<\/div>\n<\/div>\n<\/div>\n","protected":false},"excerpt":{"rendered":"<p>R\u00e9f\u00e9rence incontournable de la Maison, Ikiru n\u2019aura aucun mal \u00e0 se faire une place parmi les chouchous de votre dressing. Son motif subtilement tiss\u00e9 lui procure un jeu de couleurs original qui attirera tous les regards.<\/p>\n<div class=\"wrapper\">\n<div class=\"page\">\n<div class=\"main-container col1-layout\">\n<div class=\"main\">\n<div class=\"col-main\">\n<div class=\"product-view\">\n<div class=\"product-essential\">\n<form id=\"product_addtocart_form\" action=\"http:\/\/www.lamaisonborrelly.com\/checkout\/cart\/add\/uenc\/aHR0cDovL3d3dy5sYW1haXNvbmJvcnJlbGx5LmNvbS9jb2xsZWN0aW9uLXByaW50ZW1wcy1ldGUtMjAxNS9pa2lydS5odG1sP19fX1NJRD1V\/product\/501\/form_key\/1FvVgSMMtVK2SL4L\/\" method=\"post\">\n<div class=\"product-shop\">\n<div class=\"short-description\">\n<div class=\"std\"><strong>Le petit mot de la Cr\u00e9atrice :<\/strong> Associez Ikiru avec un jean slim pour une tenue estivale d\u00e9contract\u00e9e ou avec un pantalon 7\/8 pour un look plus affirm\u00e9.- Manches courtes<br \/>\n&#8211; Petits plis sur le haut de la manche<br \/>\n&#8211; Encolure arrondie<br \/>\n&#8211; Haut du dos : petite goutte ferm\u00e9e par un bouton dor\u00e9<br \/>\n&#8211; Mati\u00e8re Jacquard relief\u00e9e<br \/>\n<strong>&#8211; Ikiru est fabriqu\u00e9 en France<\/strong><\/div>\n<\/div>\n<\/div>\n<\/form>\n<\/div>\n<\/div>\n<\/div>\n<\/div>\n<\/div>\n<\/div>\n<\/div>\n","protected":false},"featured_media":3957,"comment_status":"open","ping_status":"closed","template":"","meta":[],"product_brand":[],"product_cat":[6,18,42,215],"product_tag":[224],"class_list":{"0":"post-3955","1":"product","2":"type-product","3":"status-publish","4":"has-post-thumbnail","6":"product_cat-femme","7":"product_cat-haut-pour-elle","8":"product_cat-tout","9":"product_cat-vetements","10":"product_tag-maison-borelly","12":"first","13":"outofstock","14":"taxable","15":"shipping-taxable","16":"purchasable","17":"product-type-variable"},"translation":{"provider":"WPGlobus","version":"3.0.2","language":"en","enabled_languages":["fr","en"],"languages":{"fr":{"title":true,"content":true,"excerpt":true},"en":{"title":false,"content":false,"excerpt":false}}},"aioseo_notices":[],"_links":{"self":[{"href":"https:\/\/persoclo.fr\/en\/wp-json\/wp\/v2\/product\/3955","targetHints":{"allow":["GET"]}}],"collection":[{"href":"https:\/\/persoclo.fr\/en\/wp-json\/wp\/v2\/product"}],"about":[{"href":"https:\/\/persoclo.fr\/en\/wp-json\/wp\/v2\/types\/product"}],"replies":[{"embeddable":true,"href":"https:\/\/persoclo.fr\/en\/wp-json\/wp\/v2\/comments?post=3955"}],"wp:featuredmedia":[{"embeddable":true,"href":"https:\/\/persoclo.fr\/en\/wp-json\/wp\/v2\/media\/3957"}],"wp:attachment":[{"href":"https:\/\/persoclo.fr\/en\/wp-json\/wp\/v2\/media?parent=3955"}],"wp:term":[{"taxonomy":"product_brand","embeddable":true,"href":"https:\/\/persoclo.fr\/en\/wp-json\/wp\/v2\/product_brand?post=3955"},{"taxonomy":"product_cat","embeddable":true,"href":"https:\/\/persoclo.fr\/en\/wp-json\/wp\/v2\/product_cat?post=3955"},{"taxonomy":"product_tag","embeddable":true,"href":"https:\/\/persoclo.fr\/en\/wp-json\/wp\/v2\/product_tag?post=3955"}],"curies":[{"name":"wp","href":"https:\/\/api.w.org\/{rel}","templated":true}]}}