{"id":3948,"date":"2017-05-18T17:27:26","date_gmt":"2017-05-18T16:27:26","guid":{"rendered":"http:\/\/persoclo.fr\/?post_type=product&#038;p=3948"},"modified":"2018-09-08T22:28:14","modified_gmt":"2018-09-08T21:28:14","slug":"tee-shirt-meihle","status":"publish","type":"product","link":"https:\/\/persoclo.fr\/en\/shopping\/tee-shirt-meihle\/","title":{"rendered":"Tee-shirt &#8211; Meihle"},"content":{"rendered":"<p>&nbsp;<\/p>\n<div class=\"wrapper\">\n<div class=\"page\">\n<div class=\"main-container col1-layout\">\n<div class=\"main\">\n<div class=\"col-main\">\n<div class=\"product-view\">\n<div class=\"product-box-details-conteneur\">\n<div class=\"product-box-details\">\n<div class=\"collateral-contenu\">\n<p>&#8211; Le t-shirt Meihle est fabriqu\u00e9 avec amour, \u00e0 la main.<br \/>\n&#8211; Jersey coton: 92% coton 8% \u00e9lasthanne<br \/>\n&#8211; Jacquard \u00e0 pois dor\u00e9s : 46% coton 42% polyester 12% polyamide<br \/>\n&#8211; Origine mati\u00e8res : R\u00e9gion Lyonnaise<br \/>\n&#8211; <b>Meihle se lave \u00e0 la machine \u00e0 30\u00b0C\u00a0<\/b><br \/>\n&#8211; 100% Made in France<\/p>\n<\/div>\n<\/div>\n<\/div>\n<\/div>\n<\/div>\n<\/div>\n<\/div>\n<\/div>\n<\/div>\n","protected":false},"excerpt":{"rendered":"<p>Avec sa coupe loose, l\u00e9g\u00e8rement arrondie sur l\u2019avant et en pointe sur l\u2019arri\u00e8re, le t-shirt en coton noir Meihle vous hypnotisera par son l\u00e9ger jeu de transparence. Sa d\u00e9licate poche \u00e0 pois dor\u00e9s en fait une pi\u00e8ce a\u00e9rienne subtilement travaill\u00e9e.<\/p>\n<div class=\"wrapper\">\n<div class=\"page\">\n<div class=\"main-container col1-layout\">\n<div class=\"main\">\n<div class=\"col-main\">\n<div class=\"product-view\">\n<div class=\"product-essential\">\n<form id=\"product_addtocart_form\" action=\"http:\/\/www.lamaisonborrelly.com\/checkout\/cart\/add\/uenc\/aHR0cDovL3d3dy5sYW1haXNvbmJvcnJlbGx5LmNvbS9jb2xsZWN0aW9uLXByaW50ZW1wcy1ldGUtMjAxNS9tZWlobGUuaHRtbD9fX19TSUQ9VQ,,\/product\/365\/form_key\/Udct62kozPwvyj17\/\" method=\"post\">\n<div class=\"product-shop\">\n<div class=\"short-description\">\n<div class=\"std\"><strong>Le petit mot de la Cr\u00e9atrice :<\/strong> le t-shirt boyfriend r\u00eav\u00e9 qui vous accompagnera pendant tous vos weekend !- Encolure arrondie<br \/>\n&#8211; Manches courtes<br \/>\n&#8211; L\u00e9ger arrondi sur l\u2019avant<br \/>\n&#8211; En pointe sur l\u2019arri\u00e8re<br \/>\n&#8211; Petite poche poitrine<br \/>\n&#8211; Jacquard \u00e0 pois dor\u00e9s<br \/>\n&#8211; <strong>Meihle est fabriqu\u00e9 en France<\/strong><\/p>\n<\/div>\n<div class=\"std\"><img loading=\"lazy\" decoding=\"async\" class=\"aligncenter size-full wp-image-3949\" src=\"http:\/\/persoclo.fr\/wp-content\/uploads\/2017\/05\/j.png\" alt=\"\" width=\"1144\" height=\"428\" srcset=\"https:\/\/persoclo.fr\/wp-content\/uploads\/2017\/05\/j.png 1144w, https:\/\/persoclo.fr\/wp-content\/uploads\/2017\/05\/j-600x224.png 600w, https:\/\/persoclo.fr\/wp-content\/uploads\/2017\/05\/j-300x112.png 300w, https:\/\/persoclo.fr\/wp-content\/uploads\/2017\/05\/j-768x287.png 768w, https:\/\/persoclo.fr\/wp-content\/uploads\/2017\/05\/j-1024x383.png 1024w\" sizes=\"auto, (max-width: 1144px) 100vw, 1144px\" \/><\/div>\n<\/div>\n<\/div>\n<\/form>\n<\/div>\n<\/div>\n<\/div>\n<\/div>\n<\/div>\n<\/div>\n<\/div>\n","protected":false},"featured_media":3950,"comment_status":"open","ping_status":"closed","template":"","meta":[],"product_brand":[],"product_cat":[6,18,42,215],"product_tag":[224],"class_list":{"0":"post-3948","1":"product","2":"type-product","3":"status-publish","4":"has-post-thumbnail","6":"product_cat-femme","7":"product_cat-haut-pour-elle","8":"product_cat-tout","9":"product_cat-vetements","10":"product_tag-maison-borelly","11":"product_shipping_class-classe-1","13":"first","14":"outofstock","15":"taxable","16":"shipping-taxable","17":"purchasable","18":"product-type-variable"},"translation":{"provider":"WPGlobus","version":"3.0.2","language":"en","enabled_languages":["fr","en"],"languages":{"fr":{"title":true,"content":true,"excerpt":true},"en":{"title":false,"content":false,"excerpt":false}}},"aioseo_notices":[],"_links":{"self":[{"href":"https:\/\/persoclo.fr\/en\/wp-json\/wp\/v2\/product\/3948","targetHints":{"allow":["GET"]}}],"collection":[{"href":"https:\/\/persoclo.fr\/en\/wp-json\/wp\/v2\/product"}],"about":[{"href":"https:\/\/persoclo.fr\/en\/wp-json\/wp\/v2\/types\/product"}],"replies":[{"embeddable":true,"href":"https:\/\/persoclo.fr\/en\/wp-json\/wp\/v2\/comments?post=3948"}],"wp:featuredmedia":[{"embeddable":true,"href":"https:\/\/persoclo.fr\/en\/wp-json\/wp\/v2\/media\/3950"}],"wp:attachment":[{"href":"https:\/\/persoclo.fr\/en\/wp-json\/wp\/v2\/media?parent=3948"}],"wp:term":[{"taxonomy":"product_brand","embeddable":true,"href":"https:\/\/persoclo.fr\/en\/wp-json\/wp\/v2\/product_brand?post=3948"},{"taxonomy":"product_cat","embeddable":true,"href":"https:\/\/persoclo.fr\/en\/wp-json\/wp\/v2\/product_cat?post=3948"},{"taxonomy":"product_tag","embeddable":true,"href":"https:\/\/persoclo.fr\/en\/wp-json\/wp\/v2\/product_tag?post=3948"}],"curies":[{"name":"wp","href":"https:\/\/api.w.org\/{rel}","templated":true}]}}