{"id":3459,"date":"2016-01-01T14:42:58","date_gmt":"2016-01-01T13:42:58","guid":{"rendered":"http:\/\/persoclo.fr\/?post_type=product&#038;p=3459"},"modified":"2020-09-09T00:34:27","modified_gmt":"2020-09-08T23:34:27","slug":"tapis-100-made-in-france","status":"publish","type":"product","link":"https:\/\/persoclo.fr\/en\/shopping\/tapis-100-made-in-france\/","title":{"rendered":"Tapis Blanc"},"content":{"rendered":"<p>Le meilleur tapis du monde pour les enfants et pour la plan\u00e8te. Made in France.<\/p>\n","protected":false},"excerpt":{"rendered":"<p>Ce tapis rectangle ravira toute\u00a0la famille !<\/p>\n<p>Sa forme classique et son coloris blanc \u00e9l\u00e9gant donne du chic \u00e0 un salon, un bureau, une chambre de petit ou de grand.<\/p>\n<p>Dimensions: 140cm * 200cm<\/p>\n","protected":false},"featured_media":22477,"comment_status":"open","ping_status":"closed","template":"","meta":[],"product_brand":[],"product_cat":[25,84,220,42],"product_tag":[85],"class_list":{"0":"post-3459","1":"product","2":"type-product","3":"status-publish","4":"has-post-thumbnail","6":"product_cat-surprises","7":"product_cat-best-of","8":"product_cat-maison-deco","9":"product_cat-tout","10":"product_tag-pilepoil","12":"first","13":"instock","14":"taxable","15":"shipping-taxable","16":"purchasable","17":"product-type-simple"},"translation":{"provider":"WPGlobus","version":"3.0.2","language":"en","enabled_languages":["fr","en"],"languages":{"fr":{"title":true,"content":true,"excerpt":true},"en":{"title":false,"content":false,"excerpt":false}}},"aioseo_notices":[],"_links":{"self":[{"href":"https:\/\/persoclo.fr\/en\/wp-json\/wp\/v2\/product\/3459","targetHints":{"allow":["GET"]}}],"collection":[{"href":"https:\/\/persoclo.fr\/en\/wp-json\/wp\/v2\/product"}],"about":[{"href":"https:\/\/persoclo.fr\/en\/wp-json\/wp\/v2\/types\/product"}],"replies":[{"embeddable":true,"href":"https:\/\/persoclo.fr\/en\/wp-json\/wp\/v2\/comments?post=3459"}],"wp:featuredmedia":[{"embeddable":true,"href":"https:\/\/persoclo.fr\/en\/wp-json\/wp\/v2\/media\/22477"}],"wp:attachment":[{"href":"https:\/\/persoclo.fr\/en\/wp-json\/wp\/v2\/media?parent=3459"}],"wp:term":[{"taxonomy":"product_brand","embeddable":true,"href":"https:\/\/persoclo.fr\/en\/wp-json\/wp\/v2\/product_brand?post=3459"},{"taxonomy":"product_cat","embeddable":true,"href":"https:\/\/persoclo.fr\/en\/wp-json\/wp\/v2\/product_cat?post=3459"},{"taxonomy":"product_tag","embeddable":true,"href":"https:\/\/persoclo.fr\/en\/wp-json\/wp\/v2\/product_tag?post=3459"}],"curies":[{"name":"wp","href":"https:\/\/api.w.org\/{rel}","templated":true}]}}