{"id":3441,"date":"2015-12-01T10:28:42","date_gmt":"2015-12-01T09:28:42","guid":{"rendered":"http:\/\/persoclo.fr\/?post_type=product&#038;p=3441"},"modified":"2017-08-30T01:37:35","modified_gmt":"2017-08-30T00:37:35","slug":"pull-col-roule","status":"publish","type":"product","link":"https:\/\/persoclo.fr\/en\/shopping\/pull-col-roule\/","title":{"rendered":"Pull col roul\u00e9"},"content":{"rendered":"<form id=\"productForm\" action=\"http:\/\/www.directo-lemahieu.fr\/achel-climat\/chic-et-chaud\/sous-pull-col-roule-interlock-antimicrobien-496.html\" method=\"post\" name=\"productForm\">\n<div class=\"std-card detailed-card\">\n<div class=\"colset colset-2\">\n<div class=\"clr card-summary content-editor\">\n<table border=\"0\" width=\"100%\">\n<tbody>\n<tr>\n<td>\n<div align=\"left\">\n<h3 align=\"center\"><span style=\"color: #00ccff;\"><strong>Les plus Produit<\/strong><\/span><\/h3>\n<\/div>\n<\/td>\n<td>\n<h3 align=\"center\"><span style=\"color: #00ccff;\"><strong>Informations techniques<\/strong><\/span><\/h3>\n<\/td>\n<\/tr>\n<tr>\n<td><img loading=\"lazy\" decoding=\"async\" title=\"\" src=\"http:\/\/www.directo-lemahieu.fr\/images\/stories\/pro\/extensibilite-bonne.jpg\" alt=\"\" width=\"100\" height=\"100\" align=\"middle\" \/><img loading=\"lazy\" decoding=\"async\" title=\"\" src=\"http:\/\/www.directo-lemahieu.fr\/images\/stories\/pro\/antibacterien.jpg\" alt=\"\" width=\"100\" height=\"100\" align=\"middle\" \/><img loading=\"lazy\" decoding=\"async\" title=\"\" src=\"http:\/\/www.directo-lemahieu.fr\/images\/stories\/pro\/grand-froid.jpg\" alt=\"\" width=\"100\" height=\"100\" align=\"middle\" \/><img loading=\"lazy\" decoding=\"async\" title=\"\" src=\"http:\/\/www.directo-lemahieu.fr\/images\/stories\/pro\/ressenti-grand-froid.jpg\" alt=\"\" width=\"100\" height=\"100\" align=\"middle\" \/><img loading=\"lazy\" decoding=\"async\" title=\"\" src=\"http:\/\/www.directo-lemahieu.fr\/images\/stories\/pro\/respirabilite-forte.jpg\" alt=\"\" width=\"100\" height=\"100\" align=\"middle\" \/><img loading=\"lazy\" decoding=\"async\" class=\"\" title=\"\" src=\"http:\/\/www.directo-lemahieu.fr\/images\/stories\/pro\/actif.jpg\" alt=\"\" width=\"94\" height=\"94\" align=\"middle\" \/><img loading=\"lazy\" decoding=\"async\" title=\"\" src=\"http:\/\/www.directo-lemahieu.fr\/images\/stories\/pro\/dynamique.jpg\" alt=\"\" width=\"100\" height=\"100\" align=\"middle\" \/><\/td>\n<td>\n<ul>\n<li>\n<div align=\"left\">Interlock Tribothermic<\/div>\n<\/li>\n<li>\n<div align=\"left\">190g\/m\u00b2<\/div>\n<\/li>\n<li>\n<div align=\"left\">Traitement antimicrobien<\/div>\n<\/li>\n<li>\n<div align=\"left\">Niveau d&#8217;isolation thermique : Fort pour froid intense<\/div>\n<\/li>\n<li>\n<div align=\"left\">Confort doux, tr\u00e8s chaud et sec<\/div>\n<\/li>\n<li>\n<div align=\"left\">Entretien facile<\/div>\n<\/li>\n<li>\n<div align=\"left\">Lavage \u00e0 40 degr\u00e9s<\/div>\n<\/li>\n<li>\n<div align=\"left\">S\u00e9chage rapide<\/div>\n<\/li>\n<li>\n<div align=\"left\">Pas de s\u00e8che linge<\/div>\n<\/li>\n<li>\n<div align=\"left\">Pas de repassage<\/div>\n<\/li>\n<\/ul>\n<\/td>\n<\/tr>\n<\/tbody>\n<\/table>\n<\/div>\n<div class=\"clear\">\u00a0<img loading=\"lazy\" decoding=\"async\" class=\"wp-image-3445 size-full aligncenter\" src=\"http:\/\/persoclo.fr\/wp-content\/uploads\/2016\/12\/TAILLE.png\" alt=\"taille\" width=\"912\" height=\"401\" srcset=\"https:\/\/persoclo.fr\/wp-content\/uploads\/2016\/12\/TAILLE.png 912w, https:\/\/persoclo.fr\/wp-content\/uploads\/2016\/12\/TAILLE-600x264.png 600w, https:\/\/persoclo.fr\/wp-content\/uploads\/2016\/12\/TAILLE-300x132.png 300w, https:\/\/persoclo.fr\/wp-content\/uploads\/2016\/12\/TAILLE-768x338.png 768w\" sizes=\"auto, (max-width: 912px) 100vw, 912px\" \/><\/div>\n<\/div>\n<\/div>\n<div class=\"clear\"><\/div>\n<\/form>\n","protected":false},"excerpt":{"rendered":"<p>Sous-pull col roul\u00e9 manches longues pour femme.<br \/>\nA porter pr\u00e8s du corps pour une chaleur optimale<br \/>\nIl fait tr\u00e8s froid, mais votre activit\u00e9 est physique et vous am\u00e8ne \u00e0 transpirer<\/p>\n<p>La gamme Tribothermic Antimicrobien vous assure une protection optimale , tout en \u00e9vitant les d\u00e9sagr\u00e9ments de la transpiration<\/p>\n<p>Le traitement antimicrobien,, anti odeurs , de ces sous-v\u00eatements va emp\u00eacher la prolif\u00e9ration des bact\u00e9ries \u00e0 l&#8217;origine des odeurs .<\/p>\n<p>L&#8217;humidit\u00e9 va s&#8217;\u00e9vacuer vers l&#8217;ext\u00e9rieur et seule la chaleur vous procurera bien-\u00eatre et confort pour toute la journ\u00e9e<\/p>\n<p>Composition : Interlock :<\/p>\n<p>Pour le Ray\u00e9 Blazer : 43% chlorofibre , 57% acrylique<\/p>\n<p>Pour le Ray\u00e9 Noir et Chin\u00e9 Gris : 43% chlorofibre , 32% acrylique, 25% polyester<\/p>\n<p><img loading=\"lazy\" decoding=\"async\" class=\"aligncenter\" src=\"http:\/\/www.directo-lemahieu.fr\/images\/stories\/label_5cm.jpg\" width=\"182\" height=\"203\" \/><\/p>\n<p>&nbsp;<\/p>\n<p style=\"text-align: center;\"><span style=\"color: #3366ff;\"><strong>-Choisir les options pour ajouter au panier-<\/strong><\/span><\/p>\n","protected":false},"featured_media":3442,"comment_status":"open","ping_status":"closed","template":"","meta":[],"product_brand":[],"product_cat":[6,18,42,215],"product_tag":[504],"class_list":{"0":"post-3441","1":"product","2":"type-product","3":"status-publish","4":"has-post-thumbnail","6":"product_cat-femme","7":"product_cat-haut-pour-elle","8":"product_cat-tout","9":"product_cat-vetements","10":"product_tag-le-mahieu","12":"first","13":"instock","14":"taxable","15":"shipping-taxable","16":"purchasable","17":"product-type-variable"},"translation":{"provider":"WPGlobus","version":"3.0.2","language":"en","enabled_languages":["fr","en"],"languages":{"fr":{"title":true,"content":true,"excerpt":true},"en":{"title":false,"content":false,"excerpt":false}}},"aioseo_notices":[],"_links":{"self":[{"href":"https:\/\/persoclo.fr\/en\/wp-json\/wp\/v2\/product\/3441","targetHints":{"allow":["GET"]}}],"collection":[{"href":"https:\/\/persoclo.fr\/en\/wp-json\/wp\/v2\/product"}],"about":[{"href":"https:\/\/persoclo.fr\/en\/wp-json\/wp\/v2\/types\/product"}],"replies":[{"embeddable":true,"href":"https:\/\/persoclo.fr\/en\/wp-json\/wp\/v2\/comments?post=3441"}],"wp:featuredmedia":[{"embeddable":true,"href":"https:\/\/persoclo.fr\/en\/wp-json\/wp\/v2\/media\/3442"}],"wp:attachment":[{"href":"https:\/\/persoclo.fr\/en\/wp-json\/wp\/v2\/media?parent=3441"}],"wp:term":[{"taxonomy":"product_brand","embeddable":true,"href":"https:\/\/persoclo.fr\/en\/wp-json\/wp\/v2\/product_brand?post=3441"},{"taxonomy":"product_cat","embeddable":true,"href":"https:\/\/persoclo.fr\/en\/wp-json\/wp\/v2\/product_cat?post=3441"},{"taxonomy":"product_tag","embeddable":true,"href":"https:\/\/persoclo.fr\/en\/wp-json\/wp\/v2\/product_tag?post=3441"}],"curies":[{"name":"wp","href":"https:\/\/api.w.org\/{rel}","templated":true}]}}