{"id":3415,"date":"2016-11-25T18:53:21","date_gmt":"2016-11-25T17:53:21","guid":{"rendered":"http:\/\/persoclo.fr\/?post_type=product&#038;p=3415"},"modified":"2017-08-30T00:06:25","modified_gmt":"2017-08-29T23:06:25","slug":"foulard-cheche-coton-et-lin","status":"publish","type":"product","link":"https:\/\/persoclo.fr\/en\/shopping\/foulard-cheche-coton-et-lin\/","title":{"rendered":"Foulard Ch\u00e8che &#8211; Coton et Lin"},"content":{"rendered":"<section class=\"page-product-box\">\n<h3 class=\"page-product-heading\">FICHE TECHNIQUE<\/h3>\n<table class=\"table-data-sheet\">\n<tbody>\n<tr class=\"odd\">\n<td>Lavable en machine<\/td>\n<td>30\u00b0<\/td>\n<\/tr>\n<tr class=\"even\">\n<td>S\u00e8che linge<\/td>\n<td>Oui<\/td>\n<\/tr>\n<tr class=\"odd\">\n<td>Repassage<\/td>\n<td>\u2022\u2022<\/td>\n<\/tr>\n<tr class=\"even\">\n<td>Mati\u00e8res<\/td>\n<td>88% Coton 12% Lin<\/td>\n<\/tr>\n<tr class=\"odd\">\n<td>Taille<\/td>\n<td>Unique<\/td>\n<\/tr>\n<tr class=\"even\">\n<td>Dimension<\/td>\n<td>190cm X 45cm<\/td>\n<\/tr>\n<\/tbody>\n<\/table>\n<\/section>\n<section class=\"page-product-box\">\n<h3 class=\"page-product-heading\">EN SAVOIR PLUS<\/h3>\n<div class=\"rte\">\n<p>La fabrication des ch\u00e8ches GOHIA\u00ae a n\u00e9cessit\u00e9 l&#8217;intervention d&#8217; 1 bureau de style et de 3 ateliers de fabrication <strong>tous situ\u00e9s en France<\/strong> b\u00e9n\u00e9ficiant de labels d&#8217;excellence et engag\u00e9s pour:<\/p>\n<ul>\n<li>Un textile \u00e9thique \u00e9co-responsable<\/li>\n<li>Des textiles ne contenant\u00a0<strong>pas d\u2019\u00e9l\u00e9ments chimiques nocifs<\/strong> pour<strong>\u00a0<\/strong>la sant\u00e9 et la peau<\/li>\n<li>La ma\u00eetrise des impacts li\u00e9s \u00e0 l\u2019activit\u00e9 de l\u2019entreprise<\/li>\n<li>Le maintien des emplois en France<\/li>\n<li>La transmission du savoir-faire<\/li>\n<\/ul>\n<\/div>\n<\/section>\n","protected":false},"excerpt":{"rendered":"<p style=\"text-align: justify;\">Foulard Ch\u00e8che cr\u00eap\u00e9 avec fantaisies, compos\u00e9 de fils haut de gamme Coton 88% Lin 12% au coloris naturel. Tr\u00e8s doux, a\u00e9rien, tr\u00e8s agr\u00e9able \u00e0 porter.<\/p>\n<p style=\"text-align: left;\">Dimension: 190cm X 45cm.<\/p>\n<h5 style=\"text-align: center;\">Tissage ou tricotage : France<\/h5>\n<h5 style=\"text-align: center;\">Finition du tissu : France<\/h5>\n<h5 style=\"text-align: center;\">Confection : France<\/h5>\n<h5 style=\"text-align: center;\">\u00c9tiquettes : France<\/h5>\n<p style=\"text-align: center;\"><span style=\"color: #3366ff;\"><strong>-Choisir la couleur pour afficher la photo et ajouter au panier-<\/strong><\/span><\/p>\n","protected":false},"featured_media":3416,"comment_status":"open","ping_status":"closed","template":"","meta":[],"product_brand":[],"product_cat":[84,72,21,6,12,42,215],"product_tag":[160],"class_list":{"0":"post-3415","1":"product","2":"type-product","3":"status-publish","4":"has-post-thumbnail","6":"product_cat-best-of","7":"product_cat-echarpes-foulards-homme","8":"product_cat-echarpes-foulard","9":"product_cat-femme","10":"product_cat-homme","11":"product_cat-tout","12":"product_cat-vetements","13":"product_tag-gohia","15":"first","16":"instock","17":"taxable","18":"shipping-taxable","19":"purchasable","20":"product-type-variable"},"translation":{"provider":"WPGlobus","version":"3.0.2","language":"en","enabled_languages":["fr","en"],"languages":{"fr":{"title":true,"content":true,"excerpt":true},"en":{"title":false,"content":false,"excerpt":false}}},"aioseo_notices":[],"_links":{"self":[{"href":"https:\/\/persoclo.fr\/en\/wp-json\/wp\/v2\/product\/3415","targetHints":{"allow":["GET"]}}],"collection":[{"href":"https:\/\/persoclo.fr\/en\/wp-json\/wp\/v2\/product"}],"about":[{"href":"https:\/\/persoclo.fr\/en\/wp-json\/wp\/v2\/types\/product"}],"replies":[{"embeddable":true,"href":"https:\/\/persoclo.fr\/en\/wp-json\/wp\/v2\/comments?post=3415"}],"wp:featuredmedia":[{"embeddable":true,"href":"https:\/\/persoclo.fr\/en\/wp-json\/wp\/v2\/media\/3416"}],"wp:attachment":[{"href":"https:\/\/persoclo.fr\/en\/wp-json\/wp\/v2\/media?parent=3415"}],"wp:term":[{"taxonomy":"product_brand","embeddable":true,"href":"https:\/\/persoclo.fr\/en\/wp-json\/wp\/v2\/product_brand?post=3415"},{"taxonomy":"product_cat","embeddable":true,"href":"https:\/\/persoclo.fr\/en\/wp-json\/wp\/v2\/product_cat?post=3415"},{"taxonomy":"product_tag","embeddable":true,"href":"https:\/\/persoclo.fr\/en\/wp-json\/wp\/v2\/product_tag?post=3415"}],"curies":[{"name":"wp","href":"https:\/\/api.w.org\/{rel}","templated":true}]}}