{"id":3344,"date":"2016-09-03T02:24:37","date_gmt":"2016-09-03T01:24:37","guid":{"rendered":"http:\/\/persoclo.fr\/?post_type=product&#038;p=3344"},"modified":"2017-08-30T00:09:56","modified_gmt":"2017-08-29T23:09:56","slug":"pantalon-coton","status":"publish","type":"product","link":"https:\/\/persoclo.fr\/en\/shopping\/pantalon-coton\/","title":{"rendered":"Pantalon Coton"},"content":{"rendered":"<table border=\"0\" width=\"100%\">\n<tbody>\n<tr>\n<td>\n<div align=\"left\">\n<h5 align=\"center\">Les huiles essentielles et extraits de plantes<\/h5>\n<\/div>\n<\/td>\n<td>\n<h5 align=\"center\">R\u00e9sultats<\/h5>\n<\/td>\n<\/tr>\n<tr>\n<td>\n<p align=\"left\">Des extraits de plantes, contenus dans des microcapsules greff\u00e9es sur le textile, se diffusent progressivement, pour favoriser votre sommeil.<\/p>\n<div align=\"left\">\n<ul>\n<li>L\u2019extrait de Val\u00e9riane r\u00e9duit l\u2019agitation nerveuse et l\u2019anxi\u00e9t\u00e9.<\/li>\n<li>L\u2019extrait de Camomille romaine a une action calmante.<\/li>\n<li>L\u2019HE de Petit grain bigarade pacifie l\u2019exc\u00e8s de nervosit\u00e9.<\/li>\n<li>L\u2019HE de Lavande officinale d\u00e9contracte l\u2019ensemble de l\u2019organisme.<\/li>\n<li>L\u2019HE de Marjolaine \u00e0 coquilles g\u00e9n\u00e8re de la tranquillit\u00e9 mentale, r\u00e9duit le stress et l\u2019agitation.<\/li>\n<li>L\u2019HE de Ravintsara favorise le sommeil.<\/li>\n<li>Le beurre de karit\u00e9, l\u2019huile d\u2019abricot et de tournesol hydratent et r\u00e9g\u00e9n\u00e8rent la peau en douceur.<\/li>\n<\/ul>\n<p>Microcapsules : 100% de tol\u00e9rance dermatologique.<br \/>\nS\u00e9curit\u00e9 des ingr\u00e9dients certifi\u00e9e.<br \/>\nTra\u00e7abilit\u00e9 et contr\u00f4le qualit\u00e9 rigoureux.<strong><br \/>\n<\/strong><\/p>\n<\/div>\n<\/td>\n<td>\n<p align=\"left\">Chaque jour, gr\u00e2ce au principe de la microencapsulation et de l\u2019aromath\u00e9rapie, un m\u00e9lange d&#8217;extraits de plantes et d&#8217;huiles essentielles est lib\u00e9r\u00e9, afin de vous pr\u00e9parer \u00e0 un meilleur sommeil (67% du panel*).<\/p>\n<p align=\"left\">D\u00e8s 2 semaines d\u2019utilisation, l\u2019agitation nerveuse est r\u00e9duite (56% du panel*). D\u00e9tente (69% du panel*), calme et d\u00e9contraction (60% du panel*) sont favoris\u00e9s.<\/p>\n<blockquote>\n<p align=\"left\"><sub><sup>*Test d&#8217;usage aupr\u00e8s d&#8217;un panel de 16 personnes pendant 30 nuits.<\/sup><\/sub><\/p>\n<\/blockquote>\n<\/td>\n<\/tr>\n<\/tbody>\n<\/table>\n<h2 class=\"contentheading\">Am\u00e9liorateur de sommeil<\/h2>\n<h2 class=\"contentheading\">Actifs am\u00e9liorateurs de sommeil<\/h2>\n<div align=\"left\">\n<p style=\"text-align: justify;\" align=\"left\">Chaque jour, gr\u00e2ce au principe de la microencapsulation et de l\u2019aromath\u00e9rapie, un m\u00e9lange d&#8217;extraits de plantes et d&#8217;huiles essentielles est lib\u00e9r\u00e9, afin de vous pr\u00e9parer \u00e0 un meilleur sommeil (67% du panel*).<\/p>\n<p style=\"text-align: justify;\" align=\"left\">D\u00e8s 2 semaines d\u2019utilisation, l\u2019agitation nerveuse est r\u00e9duite (56% du panel*). D\u00e9tente (69% du panel*), calme et d\u00e9contraction (60% du panel*) sont favoris\u00e9s.<\/p>\n<ul style=\"text-align: justify;\">\n<li>L\u2019extrait de Val\u00e9riane r\u00e9duit l\u2019agitation nerveuse et l\u2019anxi\u00e9t\u00e9.<\/li>\n<li>L\u2019extrait de Camomille romaine a une action calmante.<\/li>\n<li>L\u2019HE de Petit grain bigarade pacifie l\u2019exc\u00e8s de nervosit\u00e9.<\/li>\n<li>L\u2019HE de Lavande officinale d\u00e9contracte l\u2019ensemble de l\u2019organisme.<\/li>\n<li>L\u2019HE de Marjolaine \u00e0 coquilles g\u00e9n\u00e8re de la tranquillit\u00e9 mentale, r\u00e9duit le stress et l\u2019agitation.<\/li>\n<li>L\u2019HE de Ravintsara favorise le sommeil.<\/li>\n<li>Le beurre de karit\u00e9, l\u2019huile d\u2019abricot et de tournesol hydratent et r\u00e9g\u00e9n\u00e8rent la peau en douceur.<\/li>\n<\/ul>\n<\/div>\n<div style=\"text-align: justify;\" align=\"left\"><\/div>\n<div style=\"text-align: justify;\" align=\"left\">\n<p>Une innovation fabriqu\u00e9e en France labellis\u00e9e \u201cOrigine France Garantie\u201d<\/p>\n<ul>\n<li>Une base textile en Coton majoritaire pour votre confort.<\/li>\n<li>Microcapsules : 100% de tol\u00e9rance dermatologique.<\/li>\n<li>S\u00e9curit\u00e9 des ingr\u00e9dients certifi\u00e9e.<\/li>\n<li>Tra\u00e7abilit\u00e9 et contr\u00f4le qualit\u00e9 rigoureux.<\/li>\n<\/ul>\n<p>D\u00e9conseill\u00e9 chez la femme enceinte<\/p>\n<\/div>\n<h3 style=\"text-align: justify;\" align=\"left\">Les actifs cosm\u00e9tiques<\/h3>\n<p style=\"text-align: justify;\" align=\"left\">Des extraits de plante, contenus dans des microcapsules greff\u00e9es sur le textile, se diffusent progressivement, pour favoriser votre sommeil.<\/p>\n<h3 style=\"text-align: justify;\" align=\"left\">Conseils d&#8217;utilisations :<\/h3>\n<p style=\"text-align: justify;\" align=\"left\">A porter chaque nuit.<\/p>\n<h3 style=\"text-align: justify;\" align=\"left\">Ingr\u00e9dients :<\/h3>\n<p style=\"text-align: justify;\" align=\"left\">butyrospermum parkii butter, prunus armeniaca kernel oil, helianthus annuus seed oil, citrus aurantium amara leaf\/twig oil, lavandula angustifolia oil, origanum majorana flower oil, cinnamomum camphora leaf oil, valeriana officinalis root extract, anthemis nobilis flower extract, tocopherol, glycine soja oil, linalol, geraniol, d-limonene<\/p>\n<h3 style=\"text-align: justify;\" align=\"left\">Conseils d&#8217;entretien :<\/h3>\n<p style=\"text-align: justify;\" align=\"left\">Lavage en machine \u00e0 30\u00b0, programme d\u00e9licat. S\u00e9chage \u00e0 plat pour pr\u00e9server les micro-capsules.<\/p>\n<p style=\"text-align: justify;\" align=\"left\">Pas d&#8217;assouplissant pour \u00e9viter de masquer les huiles essentielles.<\/p>\n<p style=\"text-align: justify;\" align=\"left\">Durabilit\u00e9 aux lavages en laboratoires : +de 20% de produit cosm\u00e9tique restant apr\u00e8s 30 cycles de lavage d\u00e9licat \u00e0 30\u00b0.<\/p>\n<p style=\"text-align: justify;\">\u00a0*Test d&#8217;usage aupr\u00e8s d&#8217;un panel de 16 personnes durant 30 nuits.<\/p>\n<h2 class=\"contentheading\">Guide des tailles &#8211; Homme<\/h2>\n<table border=\"1\" width=\"600\" cellspacing=\"0\" cellpadding=\"0\">\n<tbody>\n<tr align=\"center\">\n<td rowspan=\"2\"><strong>HOMME<\/strong><\/td>\n<td><strong>T2<\/strong><\/td>\n<td><strong>T3<\/strong><\/td>\n<td><strong>T4<\/strong><\/td>\n<td><strong>T5<\/strong><\/td>\n<td><strong>T6<\/strong><\/td>\n<td><strong>T7<\/strong><\/td>\n<td><strong>T8<\/strong><\/td>\n<td><strong>T9<\/strong><\/td>\n<td><strong>T10<\/strong><\/td>\n<\/tr>\n<tr align=\"center\">\n<td><strong>S<\/strong><\/td>\n<td><strong>M<\/strong><\/td>\n<td><strong>L<\/strong><\/td>\n<td><strong>XL<\/strong><\/td>\n<td><strong>2XL<\/strong><\/td>\n<td><strong>3XL<\/strong><\/td>\n<td><strong>4XL<\/strong><\/td>\n<td><strong>5XL<\/strong><\/td>\n<td><strong>6XL<\/strong><\/td>\n<\/tr>\n<tr align=\"center\">\n<td align=\"left\">Tour de poitrine (cm)<\/td>\n<td>88\/92<\/td>\n<td>96\/100<\/td>\n<td>104\/108<\/td>\n<td>112\/116<\/td>\n<td>120\/124<\/td>\n<td>128\/132<\/td>\n<td>136\/140<\/td>\n<td>144\/148<\/td>\n<td>152\/156<\/td>\n<\/tr>\n<tr align=\"center\">\n<td align=\"left\">Tour de taille (cm)<\/td>\n<td>80\/84<\/td>\n<td>88\/92<\/td>\n<td>96\/100<\/td>\n<td>104\/108<\/td>\n<td>112\/116<\/td>\n<td>120\/124<\/td>\n<td>128\/132<\/td>\n<td>136\/140<\/td>\n<td>144\/148<\/td>\n<\/tr>\n<tr align=\"center\">\n<td align=\"left\">Tour de bassin (cm)<\/td>\n<td>89\/93<\/td>\n<td>94\/98<\/td>\n<td>99\/103<\/td>\n<td>104\/108<\/td>\n<td>109\/113<\/td>\n<td>114\/118<\/td>\n<td>119\/123<\/td>\n<td>124\/128<\/td>\n<td>129\/133<\/td>\n<\/tr>\n<\/tbody>\n<\/table>\n<p><strong>Mesures adapt\u00e9es<\/strong><\/p>\n<table border=\"1\" width=\"600\" cellspacing=\"0\" cellpadding=\"0\">\n<tbody>\n<tr align=\"center\">\n<td><strong>HOMME<\/strong><\/td>\n<td>Mod\u00e8le court<\/td>\n<td>Mod\u00e8le standard<\/td>\n<td>Mod\u00e8le long<\/td>\n<\/tr>\n<tr align=\"center\">\n<td>Stature moyenne<\/td>\n<td>162 cm<\/td>\n<td>173 cm<\/td>\n<td>184 cm<\/td>\n<\/tr>\n<\/tbody>\n<\/table>\n","protected":false},"excerpt":{"rendered":"<div align=\"left\">\n<div style=\"text-align: justify;\" align=\"left\">Pantalon bicolore en coton<\/div>\n<\/div>\n<div style=\"text-align: justify;\" align=\"left\"><strong>\u00a0<\/strong><\/div>\n<div style=\"text-align: justify;\" align=\"left\"><strong>Composition <\/strong>: 100% coton peign\u00e9. Microcapsules d&#8217;actifs am\u00e9liorateurs de sommeil<\/div>\n<p style=\"text-align: justify;\" align=\"left\"><strong>\u00a0Tailles 3 \u00e0 6\u00a0<\/strong><\/p>\n<p style=\"text-align: justify;\" align=\"left\">D\u00e9conseill\u00e9 chez l&#8217;enfant.<\/p>\n<p style=\"text-align: justify;\" align=\"left\"><img loading=\"lazy\" decoding=\"async\" class=\"aligncenter size-full wp-image-3347\" src=\"http:\/\/persoclo.fr\/wp-content\/uploads\/2016\/11\/oi.png\" alt=\"oi\" width=\"206\" height=\"77\" \/><\/p>\n<p style=\"text-align: justify;\" align=\"left\"><strong>Entretien<\/strong> : Lavage d\u00e9licat en machine \u00e0 30\u00b0.Pas d&#8217;assouplissant pour \u00e9viter de masquer les huiles essentielles. S\u00e9chage \u00e0 plat pour pr\u00e9server les microcapsules.<\/p>\n<p style=\"text-align: justify;\" align=\"left\">Durabilit\u00e9 aux lavages en laboratoires : + de 20% d&#8217;actifs restant apr\u00e8s 30 cycles de lavages d\u00e9licat \u00e0 30\u00b0.<\/p>\n<p style=\"text-align: justify;\" align=\"left\"><strong>S&#8217;agissant de produits d&#8217;hygi\u00e8ne et param\u00e9dicaux, les produits Achel Sant\u00e9, ne peuvent \u00eatre ni repris ou \u00e9chang\u00e9s si les emballages sont ouverts.\u00a0<\/strong><\/p>\n<p style=\"text-align: justify;\" align=\"left\"><img decoding=\"async\" class=\"aligncenter\" src=\"http:\/\/www.directo-lemahieu.fr\/images\/stories\/Logo-OFG.jpg\" \/><\/p>\n","protected":false},"featured_media":3345,"comment_status":"open","ping_status":"closed","template":"","meta":[],"product_brand":[],"product_cat":[12,22,42,215],"product_tag":[504],"class_list":{"0":"post-3344","1":"product","2":"type-product","3":"status-publish","4":"has-post-thumbnail","6":"product_cat-homme","7":"product_cat-pantalons-pour-lui","8":"product_cat-tout","9":"product_cat-vetements","10":"product_tag-le-mahieu","12":"first","13":"instock","14":"taxable","15":"shipping-taxable","16":"purchasable","17":"product-type-variable"},"translation":{"provider":"WPGlobus","version":"3.0.2","language":"en","enabled_languages":["fr","en"],"languages":{"fr":{"title":true,"content":true,"excerpt":true},"en":{"title":false,"content":false,"excerpt":false}}},"aioseo_notices":[],"_links":{"self":[{"href":"https:\/\/persoclo.fr\/en\/wp-json\/wp\/v2\/product\/3344","targetHints":{"allow":["GET"]}}],"collection":[{"href":"https:\/\/persoclo.fr\/en\/wp-json\/wp\/v2\/product"}],"about":[{"href":"https:\/\/persoclo.fr\/en\/wp-json\/wp\/v2\/types\/product"}],"replies":[{"embeddable":true,"href":"https:\/\/persoclo.fr\/en\/wp-json\/wp\/v2\/comments?post=3344"}],"wp:featuredmedia":[{"embeddable":true,"href":"https:\/\/persoclo.fr\/en\/wp-json\/wp\/v2\/media\/3345"}],"wp:attachment":[{"href":"https:\/\/persoclo.fr\/en\/wp-json\/wp\/v2\/media?parent=3344"}],"wp:term":[{"taxonomy":"product_brand","embeddable":true,"href":"https:\/\/persoclo.fr\/en\/wp-json\/wp\/v2\/product_brand?post=3344"},{"taxonomy":"product_cat","embeddable":true,"href":"https:\/\/persoclo.fr\/en\/wp-json\/wp\/v2\/product_cat?post=3344"},{"taxonomy":"product_tag","embeddable":true,"href":"https:\/\/persoclo.fr\/en\/wp-json\/wp\/v2\/product_tag?post=3344"}],"curies":[{"name":"wp","href":"https:\/\/api.w.org\/{rel}","templated":true}]}}