{"id":3319,"date":"2015-11-02T23:10:43","date_gmt":"2015-11-02T22:10:43","guid":{"rendered":"http:\/\/persoclo.fr\/?post_type=product&#038;p=3319"},"modified":"2017-08-30T01:38:48","modified_gmt":"2017-08-30T00:38:48","slug":"tee-shirt-manches-longues","status":"publish","type":"product","link":"https:\/\/persoclo.fr\/en\/shopping\/tee-shirt-manches-longues\/","title":{"rendered":"Petit pull"},"content":{"rendered":"<h3 style=\"text-align: justify;\" align=\"left\"><\/h3>\n<h2 class=\"contentheading\">Guide des tailles &#8211; Gar\u00e7on<\/h2>\n<table border=\"1\" width=\"600\" cellspacing=\"0\" cellpadding=\"0\">\n<tbody>\n<tr align=\"center\">\n<td rowspan=\"2\"><strong>GARCON<\/strong><\/td>\n<td colspan=\"2\"><strong>2\/3 ans<\/strong><\/td>\n<td colspan=\"2\"><strong>4\/5 ans<\/strong><\/td>\n<td colspan=\"2\"><strong>6\/8 ans<\/strong><\/td>\n<td colspan=\"2\"><strong>10\/12 ans<\/strong><\/td>\n<td colspan=\"2\"><strong>14\/16 ans<\/strong><\/td>\n<\/tr>\n<tr align=\"center\">\n<td><strong>2 ans<\/strong><\/td>\n<td><strong>3 ans<\/strong><\/td>\n<td><strong>4 ans<\/strong><\/td>\n<td><strong>5 ans<\/strong><\/td>\n<td><strong>6 ans<\/strong><\/td>\n<td><strong>7-8 ans<\/strong><\/td>\n<td><strong>9-10 ans<\/strong><\/td>\n<td><strong>11-12 ans<\/strong><\/td>\n<td><strong>13-14 ans<\/strong><\/td>\n<td><strong>15-16 ans<\/strong><\/td>\n<\/tr>\n<tr align=\"center\">\n<td align=\"left\">Stature (cm)<\/td>\n<td>86<\/td>\n<td>94<\/td>\n<td>102<\/td>\n<td>108<\/td>\n<td>114<\/td>\n<td>126<\/td>\n<td>138<\/td>\n<td>150<\/td>\n<td>162<\/td>\n<td>174<\/td>\n<\/tr>\n<tr align=\"center\">\n<td align=\"left\">Tour de poitrine (cm)<\/td>\n<td>52<\/td>\n<td>54<\/td>\n<td>56<\/td>\n<td>58<\/td>\n<td>60<\/td>\n<td>64<\/td>\n<td>68<\/td>\n<td>75<\/td>\n<td>82<\/td>\n<td>88<\/td>\n<\/tr>\n<tr align=\"center\">\n<td align=\"left\">Tour de taille (cm)<\/td>\n<td>48<\/td>\n<td>50<\/td>\n<td>52<\/td>\n<td>53<\/td>\n<td>54<\/td>\n<td>56<\/td>\n<td>59<\/td>\n<td>63<\/td>\n<td>67<\/td>\n<td>71<\/td>\n<\/tr>\n<tr align=\"center\">\n<td align=\"left\">Tour de bassin (cm)<\/td>\n<td>56<\/td>\n<td>57<\/td>\n<td>58<\/td>\n<td>60<\/td>\n<td>62<\/td>\n<td>66<\/td>\n<td>71<\/td>\n<td>78<\/td>\n<td>85<\/td>\n<td>92<\/td>\n<\/tr>\n<\/tbody>\n<\/table>\n<p>&nbsp;<\/p>\n","protected":false},"excerpt":{"rendered":"<h3 align=\"left\">Tee-shirt manches longues pour gar\u00e7on<\/h3>\n<p align=\"left\">Le tee-shirt manches longues gar\u00e7on en laine\/coton\/ viscose.<img loading=\"lazy\" decoding=\"async\" class=\"aligncenter size-full wp-image-3321\" src=\"http:\/\/persoclo.fr\/wp-content\/uploads\/2016\/11\/k.png\" alt=\"k\" width=\"213\" height=\"75\" \/><\/p>\n<p align=\"left\">Ce joli t-shirt chaud pour gar\u00e7ons \u00e2g\u00e9s de 2 \u00e0 16 ans va leur apporter de la <strong>chaleur<\/strong>, du <strong>confort, <\/strong>de la fluidit\u00e9 pour un micro climat sec et sain sur la peau. Ce t-shirt chaud permettra \u00e0 votre enfant de ne plus avoir froid durant les long mois d\u2019hiver sans avoir besoin de mettre plusieurs couches de v\u00eatements. Votre enfant pourra profiter de la neige, skier toute la journ\u00e9e en \u00e9tant au chaud ou encore de passer de douces nuits !<\/p>\n<p align=\"left\">Achel a con\u00e7u une gamme de sous-v\u00eatements r\u00e9chauffant sp\u00e9cialement destin\u00e9 aux enfants avec des mati\u00e8res souples qui permettront \u00e0 votre enfant de s\u2019amuser sans prendre froid\u00a0! Sous-v\u00eatements de marque et de fabrication 100% fran\u00e7aise.<\/p>\n<div align=\"justify\">\n<ul>\n<li>\n<div align=\"left\">Disponible de la taille 2 \u00e0 16 ans<\/div>\n<\/li>\n<li>\n<div align=\"left\">Fabrication 100% fran\u00e7aise<\/div>\n<\/li>\n<li>\n<div align=\"left\">Composition : Laine &#8211; Coton &#8211; Viscose &#8220;Fibres naturelles&#8221; 50% coton peign\u00e9 &#8211; 35% viscose &#8211; 15% laine<\/div>\n<\/li>\n<\/ul>\n<\/div>\n<p align=\"left\"><em>Le tee-shirt manches longues Laine Coton Viscose est un produit de la marque fran\u00e7aise <strong>ACHEL Climat<\/strong>. ACHEL Climat se positionne comme l\u2019un des principaux fabricants fran\u00e7ais de tee-shirts manches longues qui permettent de lutter contre le froid pour un confort quotidien optimal. Tous nos produits sont fabriqu\u00e9s en France.<\/em><\/p>\n<p><img loading=\"lazy\" decoding=\"async\" class=\"aligncenter\" title=\"\" src=\"http:\/\/www.directo-lemahieu.fr\/images\/stories\/Logo-OFG.jpg\" alt=\"\" width=\"115\" height=\"115\" \/><\/p>\n","protected":false},"featured_media":3320,"comment_status":"open","ping_status":"closed","template":"","meta":[],"product_brand":[],"product_cat":[97,42,215],"product_tag":[504],"class_list":{"0":"post-3319","1":"product","2":"type-product","3":"status-publish","4":"has-post-thumbnail","6":"product_cat-enfant","7":"product_cat-tout","8":"product_cat-vetements","9":"product_tag-le-mahieu","11":"first","12":"instock","13":"taxable","14":"shipping-taxable","15":"purchasable","16":"product-type-variable"},"translation":{"provider":"WPGlobus","version":"3.0.2","language":"en","enabled_languages":["fr","en"],"languages":{"fr":{"title":true,"content":true,"excerpt":true},"en":{"title":false,"content":false,"excerpt":false}}},"aioseo_notices":[],"_links":{"self":[{"href":"https:\/\/persoclo.fr\/en\/wp-json\/wp\/v2\/product\/3319","targetHints":{"allow":["GET"]}}],"collection":[{"href":"https:\/\/persoclo.fr\/en\/wp-json\/wp\/v2\/product"}],"about":[{"href":"https:\/\/persoclo.fr\/en\/wp-json\/wp\/v2\/types\/product"}],"replies":[{"embeddable":true,"href":"https:\/\/persoclo.fr\/en\/wp-json\/wp\/v2\/comments?post=3319"}],"wp:featuredmedia":[{"embeddable":true,"href":"https:\/\/persoclo.fr\/en\/wp-json\/wp\/v2\/media\/3320"}],"wp:attachment":[{"href":"https:\/\/persoclo.fr\/en\/wp-json\/wp\/v2\/media?parent=3319"}],"wp:term":[{"taxonomy":"product_brand","embeddable":true,"href":"https:\/\/persoclo.fr\/en\/wp-json\/wp\/v2\/product_brand?post=3319"},{"taxonomy":"product_cat","embeddable":true,"href":"https:\/\/persoclo.fr\/en\/wp-json\/wp\/v2\/product_cat?post=3319"},{"taxonomy":"product_tag","embeddable":true,"href":"https:\/\/persoclo.fr\/en\/wp-json\/wp\/v2\/product_tag?post=3319"}],"curies":[{"name":"wp","href":"https:\/\/api.w.org\/{rel}","templated":true}]}}