{"id":3273,"date":"2016-11-02T03:07:01","date_gmt":"2016-11-02T02:07:01","guid":{"rendered":"http:\/\/persoclo.fr\/?post_type=product&#038;p=3273"},"modified":"2017-08-30T00:06:42","modified_gmt":"2017-08-29T23:06:42","slug":"tee-shirt-manches-courtes-coton","status":"publish","type":"product","link":"https:\/\/persoclo.fr\/en\/shopping\/tee-shirt-manches-courtes-coton\/","title":{"rendered":"Tee-shirt manches courtes Coton"},"content":{"rendered":"<p><img decoding=\"async\" src=\"http:\/\/www.directo-lemahieu.fr\/images\/neocommerce\/cofreet\/sechage\/sechage-machine-interdit.jpg\" alt=\"S\u00e9chage\" \/>\u00a0\u00a0<img decoding=\"async\" src=\"http:\/\/www.directo-lemahieu.fr\/images\/neocommerce\/cofreet\/lavage\/lavage-40.jpg\" alt=\"Lavage\" \/>\u00a0\u00a0<img decoding=\"async\" src=\"http:\/\/www.directo-lemahieu.fr\/images\/neocommerce\/cofreet\/blanchiment\/blanchiment-interdit.jpg\" alt=\"Blanchiment\" \/>\u00a0\u00a0<img loading=\"lazy\" decoding=\"async\" class=\"\" src=\"http:\/\/www.directo-lemahieu.fr\/images\/neocommerce\/cofreet\/repassage\/repassage-1.jpg\" alt=\"Repassage\" width=\"29\" height=\"24\" \/>\u00a0\u00a0<img loading=\"lazy\" decoding=\"async\" class=\"\" src=\"http:\/\/www.directo-lemahieu.fr\/images\/neocommerce\/cofreet\/nettoyage\/nettoyage-sec-P.jpg\" alt=\"Nettoyage \u00e0 sec\" width=\"25\" height=\"25\" \/><\/p>\n<p><img loading=\"lazy\" decoding=\"async\" class=\"aligncenter size-full wp-image-3238\" src=\"http:\/\/persoclo.fr\/wp-content\/uploads\/2016\/11\/Taille.png\" alt=\"taille\" width=\"616\" height=\"356\" srcset=\"https:\/\/persoclo.fr\/wp-content\/uploads\/2016\/11\/Taille.png 616w, https:\/\/persoclo.fr\/wp-content\/uploads\/2016\/11\/Taille-600x347.png 600w, https:\/\/persoclo.fr\/wp-content\/uploads\/2016\/11\/Taille-300x173.png 300w\" sizes=\"auto, (max-width: 616px) 100vw, 616px\" \/><\/p>\n","protected":false},"excerpt":{"rendered":"<p align=\"left\">Tee-shirt manches courtes en coton ray\u00e9.<\/p>\n<p align=\"left\">Encolure arrondie.<\/p>\n<p align=\"left\">C\u00f4te 1&#215;1 l\u00e9g\u00e8re<\/p>\n<p align=\"left\">Composition : 100% coton peign\u00e9<\/p>\n<p align=\"left\">Bord c\u00f4te contrastant \u00e0 l&#8217;encolure et aux emmanchures.<\/p>\n<p align=\"left\"><img decoding=\"async\" class=\"aligncenter\" src=\"http:\/\/www.directo-lemahieu.fr\/images\/stories\/Logo-OFG.jpg\" \/><\/p>\n","protected":false},"featured_media":3274,"comment_status":"open","ping_status":"closed","template":"","meta":[],"product_brand":[],"product_cat":[12,38,42,215],"product_tag":[504],"class_list":{"0":"post-3273","1":"product","2":"type-product","3":"status-publish","4":"has-post-thumbnail","6":"product_cat-homme","7":"product_cat-tee-shirts-pour-lui","8":"product_cat-tout","9":"product_cat-vetements","10":"product_tag-le-mahieu","12":"first","13":"instock","14":"taxable","15":"shipping-taxable","16":"purchasable","17":"product-type-variable"},"translation":{"provider":"WPGlobus","version":"3.0.2","language":"en","enabled_languages":["fr","en"],"languages":{"fr":{"title":true,"content":true,"excerpt":true},"en":{"title":false,"content":false,"excerpt":false}}},"aioseo_notices":[],"_links":{"self":[{"href":"https:\/\/persoclo.fr\/en\/wp-json\/wp\/v2\/product\/3273","targetHints":{"allow":["GET"]}}],"collection":[{"href":"https:\/\/persoclo.fr\/en\/wp-json\/wp\/v2\/product"}],"about":[{"href":"https:\/\/persoclo.fr\/en\/wp-json\/wp\/v2\/types\/product"}],"replies":[{"embeddable":true,"href":"https:\/\/persoclo.fr\/en\/wp-json\/wp\/v2\/comments?post=3273"}],"wp:featuredmedia":[{"embeddable":true,"href":"https:\/\/persoclo.fr\/en\/wp-json\/wp\/v2\/media\/3274"}],"wp:attachment":[{"href":"https:\/\/persoclo.fr\/en\/wp-json\/wp\/v2\/media?parent=3273"}],"wp:term":[{"taxonomy":"product_brand","embeddable":true,"href":"https:\/\/persoclo.fr\/en\/wp-json\/wp\/v2\/product_brand?post=3273"},{"taxonomy":"product_cat","embeddable":true,"href":"https:\/\/persoclo.fr\/en\/wp-json\/wp\/v2\/product_cat?post=3273"},{"taxonomy":"product_tag","embeddable":true,"href":"https:\/\/persoclo.fr\/en\/wp-json\/wp\/v2\/product_tag?post=3273"}],"curies":[{"name":"wp","href":"https:\/\/api.w.org\/{rel}","templated":true}]}}