{"id":3270,"date":"2016-11-02T02:53:45","date_gmt":"2016-11-02T01:53:45","guid":{"rendered":"http:\/\/persoclo.fr\/?post_type=product&#038;p=3270"},"modified":"2017-08-30T00:07:00","modified_gmt":"2017-08-29T23:07:00","slug":"tee-shirt-sans-manches-coton","status":"publish","type":"product","link":"https:\/\/persoclo.fr\/en\/shopping\/tee-shirt-sans-manches-coton\/","title":{"rendered":"Tee-shirt sans manches  Coton"},"content":{"rendered":"<h2 class=\"contentheading\">Guide des tailles &#8211; Homme<\/h2>\n<table border=\"1\" width=\"600\" cellspacing=\"0\" cellpadding=\"0\">\n<tbody>\n<tr align=\"center\">\n<td rowspan=\"2\"><strong>HOMME<\/strong><\/td>\n<td><strong>T2<\/strong><\/td>\n<td><strong>T3<\/strong><\/td>\n<td><strong>T4<\/strong><\/td>\n<td><strong>T5<\/strong><\/td>\n<td><strong>T6<\/strong><\/td>\n<td><strong>T7<\/strong><\/td>\n<td><strong>T8<\/strong><\/td>\n<td><strong>T9<\/strong><\/td>\n<td><strong>T10<\/strong><\/td>\n<\/tr>\n<tr align=\"center\">\n<td><strong>S<\/strong><\/td>\n<td><strong>M<\/strong><\/td>\n<td><strong>L<\/strong><\/td>\n<td><strong>XL<\/strong><\/td>\n<td><strong>2XL<\/strong><\/td>\n<td><strong>3XL<\/strong><\/td>\n<td><strong>4XL<\/strong><\/td>\n<td><strong>5XL<\/strong><\/td>\n<td><strong>6XL<\/strong><\/td>\n<\/tr>\n<tr align=\"center\">\n<td align=\"left\">Tour de poitrine (cm)<\/td>\n<td>88\/92<\/td>\n<td>96\/100<\/td>\n<td>104\/108<\/td>\n<td>112\/116<\/td>\n<td>120\/124<\/td>\n<td>128\/132<\/td>\n<td>136\/140<\/td>\n<td>144\/148<\/td>\n<td>152\/156<\/td>\n<\/tr>\n<tr align=\"center\">\n<td align=\"left\">Tour de taille (cm)<\/td>\n<td>80\/84<\/td>\n<td>88\/92<\/td>\n<td>96\/100<\/td>\n<td>104\/108<\/td>\n<td>112\/116<\/td>\n<td>120\/124<\/td>\n<td>128\/132<\/td>\n<td>136\/140<\/td>\n<td>144\/148<\/td>\n<\/tr>\n<tr align=\"center\">\n<td align=\"left\">Tour de bassin (cm)<\/td>\n<td>89\/93<\/td>\n<td>94\/98<\/td>\n<td>99\/103<\/td>\n<td>104\/108<\/td>\n<td>109\/113<\/td>\n<td>114\/118<\/td>\n<td>119\/123<\/td>\n<td>124\/128<\/td>\n<td>129\/133<\/td>\n<\/tr>\n<\/tbody>\n<\/table>\n<p><strong>Mesures adapt\u00e9es<\/strong><\/p>\n<table border=\"1\" width=\"600\" cellspacing=\"0\" cellpadding=\"0\">\n<tbody>\n<tr align=\"center\">\n<td><strong>HOMME<\/strong><\/td>\n<td>Mod\u00e8le court<\/td>\n<td>Mod\u00e8le standard<\/td>\n<td>Mod\u00e8le long<\/td>\n<\/tr>\n<tr align=\"center\">\n<td>Stature moyenne<\/td>\n<td>162 cm<\/td>\n<td>173 cm<\/td>\n<td>184 cm<\/td>\n<\/tr>\n<\/tbody>\n<\/table>\n","protected":false},"excerpt":{"rendered":"<p align=\"left\">Tee-shirt sans manches en coton fines rayures.<\/p>\n<p align=\"left\">C\u00f4te 1&#215;1 l\u00e9g\u00e8re<\/p>\n<p align=\"left\">Composition : 100% coton peign\u00e9<\/p>\n<p align=\"left\">Encolure arrondie.<\/p>\n<p align=\"left\">Bord c\u00f4te contrastant \u00e0 l&#8217;encolure et aux emmanchures.<\/p>\n<p align=\"left\"><img decoding=\"async\" class=\"aligncenter\" src=\"http:\/\/www.directo-lemahieu.fr\/images\/stories\/Logo-OFG.jpg\" \/><\/p>\n","protected":false},"featured_media":3271,"comment_status":"open","ping_status":"closed","template":"","meta":[],"product_brand":[],"product_cat":[12,38,215],"product_tag":[504],"class_list":{"0":"post-3270","1":"product","2":"type-product","3":"status-publish","4":"has-post-thumbnail","6":"product_cat-homme","7":"product_cat-tee-shirts-pour-lui","8":"product_cat-vetements","9":"product_tag-le-mahieu","11":"first","12":"instock","13":"taxable","14":"shipping-taxable","15":"purchasable","16":"product-type-variable"},"translation":{"provider":"WPGlobus","version":"3.0.2","language":"en","enabled_languages":["fr","en"],"languages":{"fr":{"title":true,"content":true,"excerpt":true},"en":{"title":false,"content":false,"excerpt":false}}},"aioseo_notices":[],"_links":{"self":[{"href":"https:\/\/persoclo.fr\/en\/wp-json\/wp\/v2\/product\/3270","targetHints":{"allow":["GET"]}}],"collection":[{"href":"https:\/\/persoclo.fr\/en\/wp-json\/wp\/v2\/product"}],"about":[{"href":"https:\/\/persoclo.fr\/en\/wp-json\/wp\/v2\/types\/product"}],"replies":[{"embeddable":true,"href":"https:\/\/persoclo.fr\/en\/wp-json\/wp\/v2\/comments?post=3270"}],"wp:featuredmedia":[{"embeddable":true,"href":"https:\/\/persoclo.fr\/en\/wp-json\/wp\/v2\/media\/3271"}],"wp:attachment":[{"href":"https:\/\/persoclo.fr\/en\/wp-json\/wp\/v2\/media?parent=3270"}],"wp:term":[{"taxonomy":"product_brand","embeddable":true,"href":"https:\/\/persoclo.fr\/en\/wp-json\/wp\/v2\/product_brand?post=3270"},{"taxonomy":"product_cat","embeddable":true,"href":"https:\/\/persoclo.fr\/en\/wp-json\/wp\/v2\/product_cat?post=3270"},{"taxonomy":"product_tag","embeddable":true,"href":"https:\/\/persoclo.fr\/en\/wp-json\/wp\/v2\/product_tag?post=3270"}],"curies":[{"name":"wp","href":"https:\/\/api.w.org\/{rel}","templated":true}]}}