{"id":3243,"date":"2016-11-02T01:26:31","date_gmt":"2016-11-02T00:26:31","guid":{"rendered":"http:\/\/persoclo.fr\/?post_type=product&#038;p=3243"},"modified":"2017-08-30T02:23:10","modified_gmt":"2017-08-30T01:23:10","slug":"nuisette-amincissante","status":"publish","type":"product","link":"https:\/\/persoclo.fr\/en\/shopping\/nuisette-amincissante\/","title":{"rendered":"Nuisette amincissante"},"content":{"rendered":"<h3 style=\"text-align: center;\" align=\"left\"><\/h3>\n<table border=\"0\" width=\"100%\">\n<tbody>\n<tr>\n<td>\n<div align=\"left\">\n<h5 align=\"center\">Description<\/h5>\n<\/div>\n<\/td>\n<td colspan=\"1\">\n<h5 align=\"center\">R\u00e9sultats<\/h5>\n<\/td>\n<\/tr>\n<tr>\n<td>\n<p align=\"left\">Nuisette amincissante en maille c\u00f4tel\u00e9e<\/p>\n<p align=\"left\">Mincir sans en avoir l&#8217;air, c&#8217;est possible gr\u00e2ce \u00e0 cette nuisette amincissante!<\/p>\n<p align=\"left\">Broderie boutons de fleurs dans l&#8217;encolure<\/p>\n<div align=\"left\">Composition :<\/div>\n<p align=\"left\">100% coton peign\u00e9<\/p>\n<p align=\"left\">Tailles 1 \u00e0 4<\/p>\n<p align=\"left\">Existe en\u00a0 Noir et en Blanc<\/p>\n<p align=\"left\"><strong>N&#8217;h\u00e9sitez pas \u00e0 consulter notre guide des tailles, s&#8217;agissant de cosm\u00e9totextiles, les produits Raison d&#8217;\u00eatre, ne peuvent \u00eatre ni repris ou \u00e9chang\u00e9s si les emballages sont ouverts. <\/strong><\/p>\n<\/td>\n<td colspan=\"1\">\n<ul>\n<li>\n<div align=\"left\">80% du panel* pr\u00e9sente une diminution des capitons au niveau des cuisses, jusqu&#8217;\u00e0 20% de la diminution de l&#8217;aspect &#8220;Peau d&#8217;orange&#8221;<\/div>\n<\/li>\n<li>\n<div align=\"left\">76% du panel* pr\u00e9sente une perte centim\u00e9trique, jusqu&#8217;\u00e0 2.5 cm au niveau des cuisses.<\/div>\n<\/li>\n<li>\n<div align=\"left\">80% du panel** pr\u00e9sente une perte centim\u00e9trique, jusqu&#8217;\u00e0 2 cm au niveau des hanches.<\/div>\n<\/li>\n<li>\n<div align=\"left\">70% du panel* pr\u00e9sente une perte centim\u00e9trique, jusqu&#8217;\u00e0 3.5 cm au niveau du ventre.<\/div>\n<\/li>\n<\/ul>\n<p>&nbsp;<\/td>\n<\/tr>\n<\/tbody>\n<\/table>\n<p style=\"text-align: justify;\" align=\"left\">*Test\u00e9 par un laboratoire agr\u00e9\u00e9 aupr\u00e8s d\u2019un panel de 30 personnes, durant 28 jours pour un port du v\u00eatement minimum de 7 heures\/jour. ** Test\u00e9 par laboratoire agr\u00e9\u00e9 aupr\u00e8s d&#8217;un panel de 10 personnes, durant 28 jours pour un port du v\u00eatement minimum de 7 heures\/jour.<\/p>\n<table border=\"0\" width=\"100%\" cellspacing=\"0\" cellpadding=\"0\" align=\"center\">\n<tbody align=\"left\">\n<tr>\n<td>\n<h2>Lingerie cosm\u00e9tique Amincissante<\/h2>\n<\/td>\n<td rowspan=\"2\"><\/td>\n<\/tr>\n<tr>\n<td>\n<ul>\n<li>\n<div align=\"left\">80% du panel* pr\u00e9sente une diminution des capitons au niveau des cuisses,<\/div>\n<\/li>\n<\/ul>\n<div align=\"left\">\n<blockquote>\n<blockquote>\n<div>jusqu&#8217;\u00e0 20% de la diminution de l&#8217;aspect &#8220;Peau d&#8217;orange&#8221;.<\/div>\n<\/blockquote>\n<\/blockquote>\n<ul>\n<li>76% du panel* pr\u00e9sente une perte centim\u00e9trique,jusqu&#8217;\u00e0 2.5 cm au niveau des cuisses.<\/li>\n<\/ul>\n<ul>\n<li>80% du panel** pr\u00e9sente une perte centim\u00e9trique,<\/li>\n<\/ul>\n<blockquote>\n<blockquote><p>jusqu&#8217;\u00e0 2 cm au niveau des hanches.<\/p><\/blockquote>\n<\/blockquote>\n<ul>\n<li>70% du panel* pr\u00e9sente une perte centim\u00e9trique,jusqu&#8217;\u00e0 3.5 cm au niveau du ventre.<\/li>\n<\/ul>\n<\/div>\n<p align=\"left\">La peau est plus lisse, plus douce, plus ferme et mieux hydrat\u00e9e*, sans effort.<\/p>\n<div align=\"left\">Une innovation fabriqu\u00e9e en France labellis\u00e9e \u201cOrigine France Garantie\u201d<\/p>\n<ul>\n<li>Une base textile en Coton majoritaire pour votre confort.<\/li>\n<li>Une coupe ergonomique, bien ajust\u00e9e pour r\u00e9v\u00e9ler abdominaux et pectoraux.<\/li>\n<li>Microcapsules : 100% de tol\u00e9rance dermatologique.<\/li>\n<li>S\u00e9curit\u00e9 des ingr\u00e9dients certifi\u00e9e.<\/li>\n<li>Tra\u00e7abilit\u00e9 et contr\u00f4le qualit\u00e9 rigoureux.<\/li>\n<\/ul>\n<\/div>\n<h3 align=\"left\">Les actifs cosm\u00e9tiques<\/h3>\n<p align=\"left\">Un actif cosm\u00e9tique, \u00e0 base de caf\u00e9ine pour ses propri\u00e9t\u00e9s amincissantes et anti-capitons, d&#8217;huile de chanvre hydratante, et de vitamine E anti-oxydante, contenu dans des microcapsules greff\u00e9es sur le tissu, est diffus\u00e9 progressivement, par contact sur votre peau, \u00e0 chacun de vos mouvements<\/p>\n<h3 align=\"left\">Conseils d&#8217;utilisations :<\/h3>\n<p align=\"left\">A porter\u00a0 bien ajust\u00e9, 7 jours sur 7 \u00e0 raison de 7 heures minimum par jour pendant 28 jours.<\/p>\n<h3 align=\"left\">Ingr\u00e9dients :<\/h3>\n<p align=\"left\">Cannabis sativa seed oil, benzyl salicylate, caffeine, glycine soja oil, C12-15 alkyl lactate, tocopheryl acetate, benzyl alcohol.<\/p>\n<h3 align=\"left\">Conseils d&#8217;entretien :<\/h3>\n<p align=\"left\">Lavage en machine \u00e0 30\u00b0, programme d\u00e9licat. S\u00e9chage \u00e0 plat pour pr\u00e9server les microcapsules.<\/p>\n<p align=\"left\">Durabilit\u00e9 aux lavages en laboratoires : +de 20% de produit cosm\u00e9tique restant apr\u00e8s 30 cycles de lavage d\u00e9licat \u00e0 30\u00b0.<\/p>\n<p>*Test\u00e9 par un laboratoire agr\u00e9\u00e9 aupr\u00e8s d\u2019un panel de 30 personnes, durant 28 jours pour un port du v\u00eatement minimum de 7 heures\/jour.<\/p>\n<p>** Test\u00e9 par laboratoire agr\u00e9\u00e9 aupr\u00e8s d&#8217;un panel de 10 personnes, durant 28 jours pour un port du v\u00eatement minimum de 7 heures\/jour.<\/td>\n<\/tr>\n<\/tbody>\n<\/table>\n","protected":false},"excerpt":{"rendered":"<h3 align=\"left\">Nuisette Cosm\u00e9totextile Amincissante avec dentelle fleurs<\/h3>\n<h5 align=\"center\">Les actifs cosm\u00e9tiques<\/h5>\n<p align=\"left\">Un actif cosm\u00e9tique, \u00e0 base de caf\u00e9ine pour ses propri\u00e9t\u00e9s amincissantes et anti-capitons, d&#8217;huile de chanvre hydratante, et de vitamine E anti-oxydante, contenu dans des microcapsules greff\u00e9es sur le tissu, est diffus\u00e9 progressivement, par contact sur votre peau, \u00e0 chacun de vos mouvements.<\/p>\n<p align=\"left\"><img decoding=\"async\" class=\"aligncenter\" src=\"http:\/\/www.directo-lemahieu.fr\/images\/stories\/Logo-OFG.jpg\" \/><img loading=\"lazy\" decoding=\"async\" class=\"aligncenter size-full wp-image-3250\" src=\"http:\/\/persoclo.fr\/wp-content\/uploads\/2016\/11\/dd.png\" alt=\"dd\" width=\"216\" height=\"82\" \/><\/p>\n","protected":false},"featured_media":3247,"comment_status":"open","ping_status":"closed","template":"","meta":[],"product_brand":[],"product_cat":[148,6,505,42,215],"product_tag":[504],"class_list":{"0":"post-3243","1":"product","2":"type-product","3":"status-publish","4":"has-post-thumbnail","6":"product_cat-cosmetique","7":"product_cat-femme","8":"product_cat-sous-vetements","9":"product_cat-tout","10":"product_cat-vetements","11":"product_tag-le-mahieu","12":"product_shipping_class-classe-1","14":"first","15":"instock","16":"taxable","17":"shipping-taxable","18":"purchasable","19":"product-type-variable"},"translation":{"provider":"WPGlobus","version":"3.0.2","language":"en","enabled_languages":["fr","en"],"languages":{"fr":{"title":true,"content":true,"excerpt":true},"en":{"title":false,"content":false,"excerpt":false}}},"aioseo_notices":[],"_links":{"self":[{"href":"https:\/\/persoclo.fr\/en\/wp-json\/wp\/v2\/product\/3243","targetHints":{"allow":["GET"]}}],"collection":[{"href":"https:\/\/persoclo.fr\/en\/wp-json\/wp\/v2\/product"}],"about":[{"href":"https:\/\/persoclo.fr\/en\/wp-json\/wp\/v2\/types\/product"}],"replies":[{"embeddable":true,"href":"https:\/\/persoclo.fr\/en\/wp-json\/wp\/v2\/comments?post=3243"}],"wp:featuredmedia":[{"embeddable":true,"href":"https:\/\/persoclo.fr\/en\/wp-json\/wp\/v2\/media\/3247"}],"wp:attachment":[{"href":"https:\/\/persoclo.fr\/en\/wp-json\/wp\/v2\/media?parent=3243"}],"wp:term":[{"taxonomy":"product_brand","embeddable":true,"href":"https:\/\/persoclo.fr\/en\/wp-json\/wp\/v2\/product_brand?post=3243"},{"taxonomy":"product_cat","embeddable":true,"href":"https:\/\/persoclo.fr\/en\/wp-json\/wp\/v2\/product_cat?post=3243"},{"taxonomy":"product_tag","embeddable":true,"href":"https:\/\/persoclo.fr\/en\/wp-json\/wp\/v2\/product_tag?post=3243"}],"curies":[{"name":"wp","href":"https:\/\/api.w.org\/{rel}","templated":true}]}}