{"id":3169,"date":"2016-10-29T19:48:30","date_gmt":"2016-10-29T18:48:30","guid":{"rendered":"http:\/\/persoclo.fr\/?post_type=product&#038;p=3169"},"modified":"2017-08-30T00:07:50","modified_gmt":"2017-08-29T23:07:50","slug":"foulard-echarpe-king-chine-noir","status":"publish","type":"product","link":"https:\/\/persoclo.fr\/en\/shopping\/foulard-echarpe-king-chine-noir\/","title":{"rendered":"Foulard \u00c9charpe KING Chin\u00e9 noir"},"content":{"rendered":"<p>La fabrication des \u00e9charpes GOHIA\u00ae a n\u00e9cessit\u00e9 l&#8217;intervention de 3 ateliers de fabrication <strong>tous situ\u00e9s en France<\/strong> b\u00e9n\u00e9ficiant de labels d&#8217;excellence et engag\u00e9s pour:<\/p>\n<ul>\n<li>Un textile \u00e9thique \u00e9co-responsable<\/li>\n<li>Des textiles ne contenant\u00a0<strong>pas d\u2019\u00e9l\u00e9ments chimiques nocifs<\/strong> pour<strong>\u00a0<\/strong>la sant\u00e9 et la peau<\/li>\n<li>La ma\u00eetrise des impacts li\u00e9s \u00e0 l\u2019activit\u00e9 de l\u2019entreprise<\/li>\n<li>Le maintien des emplois en France<\/li>\n<li>La transmission du savoir-faire<\/li>\n<\/ul>\n<ul class=\"block_content bullet\">\n<li>\n<h3>Tissage ou tricotage : France<\/h3>\n<\/li>\n<li>\n<h3>Impression ou teinture : France<\/h3>\n<\/li>\n<li>\n<h3>Confection : France<\/h3>\n<\/li>\n<li>\n<h3>\u00c9tiquettes : France<\/h3>\n<\/li>\n<\/ul>\n","protected":false},"excerpt":{"rendered":"<p>Le Foulard \u00c9charpe chin\u00e9 noir KING est compos\u00e9 de fils haut de gamme 51% Laine 8% Cachemire 22% Coton 19% Polyamide. Cette \u00e9charpe au\u00a0style\u00a0unique et exclusif GOHIA, vous tiendra chaud tout l&#8217;hiver.<\/p>\n<p>Foulard \u00e9charpe\u00a0de fabrication totale en France. 190cm X 40cm<\/p>\n<h3 class=\"page-product-heading\">FICHE TECHNIQUE<\/h3>\n<table class=\"table-data-sheet\">\n<tbody>\n<tr class=\"odd\">\n<td>Lavable en machine<\/td>\n<td>30\u00b0<\/td>\n<\/tr>\n<tr class=\"even\">\n<td>Repassage<\/td>\n<td>\u2022<\/td>\n<\/tr>\n<tr class=\"odd\">\n<td>Mati\u00e8res<\/td>\n<td>Laine 51%, Cachemire 8%, Coton 22%, polyamide 19%<\/td>\n<\/tr>\n<tr class=\"even\">\n<td>Taille<\/td>\n<td>Unique<\/td>\n<\/tr>\n<tr class=\"odd\">\n<td>Dimension<\/td>\n<td>190cm X 40cm<\/td>\n<\/tr>\n<\/tbody>\n<\/table>\n<p><span style=\"color: #0000ff;\"><strong>\u00a0 \u00a0 \u00a0 \u00a0 \u00a0 \u00a0 \u00a0 \u00a0 \u00a0 \u00a0 \u00a0 \u00a0 \u00a0 -Choisir une couleur pour afficher l&#8217;image correspondante &#8211;\u00a0<\/strong><\/span><\/p>\n","protected":false},"featured_media":3170,"comment_status":"open","ping_status":"closed","template":"","meta":[],"product_brand":[],"product_cat":[84,72,21,6,12,42,215],"product_tag":[160],"class_list":{"0":"post-3169","1":"product","2":"type-product","3":"status-publish","4":"has-post-thumbnail","6":"product_cat-best-of","7":"product_cat-echarpes-foulards-homme","8":"product_cat-echarpes-foulard","9":"product_cat-femme","10":"product_cat-homme","11":"product_cat-tout","12":"product_cat-vetements","13":"product_tag-gohia","15":"first","16":"instock","17":"taxable","18":"shipping-taxable","19":"purchasable","20":"product-type-variable"},"translation":{"provider":"WPGlobus","version":"3.0.2","language":"en","enabled_languages":["fr","en"],"languages":{"fr":{"title":true,"content":true,"excerpt":true},"en":{"title":false,"content":false,"excerpt":false}}},"aioseo_notices":[],"_links":{"self":[{"href":"https:\/\/persoclo.fr\/en\/wp-json\/wp\/v2\/product\/3169","targetHints":{"allow":["GET"]}}],"collection":[{"href":"https:\/\/persoclo.fr\/en\/wp-json\/wp\/v2\/product"}],"about":[{"href":"https:\/\/persoclo.fr\/en\/wp-json\/wp\/v2\/types\/product"}],"replies":[{"embeddable":true,"href":"https:\/\/persoclo.fr\/en\/wp-json\/wp\/v2\/comments?post=3169"}],"wp:featuredmedia":[{"embeddable":true,"href":"https:\/\/persoclo.fr\/en\/wp-json\/wp\/v2\/media\/3170"}],"wp:attachment":[{"href":"https:\/\/persoclo.fr\/en\/wp-json\/wp\/v2\/media?parent=3169"}],"wp:term":[{"taxonomy":"product_brand","embeddable":true,"href":"https:\/\/persoclo.fr\/en\/wp-json\/wp\/v2\/product_brand?post=3169"},{"taxonomy":"product_cat","embeddable":true,"href":"https:\/\/persoclo.fr\/en\/wp-json\/wp\/v2\/product_cat?post=3169"},{"taxonomy":"product_tag","embeddable":true,"href":"https:\/\/persoclo.fr\/en\/wp-json\/wp\/v2\/product_tag?post=3169"}],"curies":[{"name":"wp","href":"https:\/\/api.w.org\/{rel}","templated":true}]}}