{"id":3163,"date":"2016-10-29T19:24:50","date_gmt":"2016-10-29T18:24:50","guid":{"rendered":"http:\/\/persoclo.fr\/?post_type=product&#038;p=3163"},"modified":"2017-08-30T00:08:04","modified_gmt":"2017-08-29T23:08:04","slug":"foulard-a-pois-coton-et-soie","status":"publish","type":"product","link":"https:\/\/persoclo.fr\/en\/shopping\/foulard-a-pois-coton-et-soie\/","title":{"rendered":"Foulard \u00e0 pois &#8211; coton et soie"},"content":{"rendered":"<h3 class=\"page-product-heading\">FICHE TECHNIQUE<\/h3>\n<table class=\"table-data-sheet\">\n<tbody>\n<tr class=\"odd\">\n<td>Lavable en machine<\/td>\n<td>30\u00b0<\/td>\n<\/tr>\n<tr class=\"even\">\n<td>S\u00e8che linge<\/td>\n<td>Non<\/td>\n<\/tr>\n<tr class=\"odd\">\n<td>Repassage<\/td>\n<td>\u2022<\/td>\n<\/tr>\n<tr class=\"even\">\n<td>Mati\u00e8res<\/td>\n<td>65% coton, 35% soie<\/td>\n<\/tr>\n<tr class=\"odd\">\n<td>Taille<\/td>\n<td>Unique<\/td>\n<\/tr>\n<tr class=\"even\">\n<td>Dimension<\/td>\n<td>165 cm X 44 cm<\/td>\n<\/tr>\n<\/tbody>\n<\/table>\n","protected":false},"excerpt":{"rendered":"<p>Confortable et l\u00e9ger, ce foulard en soie et coton est id\u00e9al au quotidien.<\/p>\n<p>D\u00e9clin\u00e9 dans un noir \u00e9clatant et dans un rouge rayonnant, c&#8217;est l&#8217;accessoire incontournable pour ajouter une touche de couleur \u00e0 n&#8217;importe quelle tenue.<\/p>\n<p>Placez le autour du cou et c&#8217;est parti\u00a0!<\/p>\n<p>Imprim\u00e9 et confectionn\u00e9 en France.<\/p>\n","protected":false},"featured_media":3164,"comment_status":"open","ping_status":"closed","template":"","meta":[],"product_brand":[],"product_cat":[25,72,21,6,12,42,215],"product_tag":[160],"class_list":{"0":"post-3163","1":"product","2":"type-product","3":"status-publish","4":"has-post-thumbnail","6":"product_cat-surprises","7":"product_cat-echarpes-foulards-homme","8":"product_cat-echarpes-foulard","9":"product_cat-femme","10":"product_cat-homme","11":"product_cat-tout","12":"product_cat-vetements","13":"product_tag-gohia","15":"first","16":"instock","17":"taxable","18":"shipping-taxable","19":"purchasable","20":"product-type-variable"},"translation":{"provider":"WPGlobus","version":"3.0.2","language":"en","enabled_languages":["fr","en"],"languages":{"fr":{"title":true,"content":true,"excerpt":true},"en":{"title":false,"content":false,"excerpt":false}}},"aioseo_notices":[],"_links":{"self":[{"href":"https:\/\/persoclo.fr\/en\/wp-json\/wp\/v2\/product\/3163","targetHints":{"allow":["GET"]}}],"collection":[{"href":"https:\/\/persoclo.fr\/en\/wp-json\/wp\/v2\/product"}],"about":[{"href":"https:\/\/persoclo.fr\/en\/wp-json\/wp\/v2\/types\/product"}],"replies":[{"embeddable":true,"href":"https:\/\/persoclo.fr\/en\/wp-json\/wp\/v2\/comments?post=3163"}],"wp:featuredmedia":[{"embeddable":true,"href":"https:\/\/persoclo.fr\/en\/wp-json\/wp\/v2\/media\/3164"}],"wp:attachment":[{"href":"https:\/\/persoclo.fr\/en\/wp-json\/wp\/v2\/media?parent=3163"}],"wp:term":[{"taxonomy":"product_brand","embeddable":true,"href":"https:\/\/persoclo.fr\/en\/wp-json\/wp\/v2\/product_brand?post=3163"},{"taxonomy":"product_cat","embeddable":true,"href":"https:\/\/persoclo.fr\/en\/wp-json\/wp\/v2\/product_cat?post=3163"},{"taxonomy":"product_tag","embeddable":true,"href":"https:\/\/persoclo.fr\/en\/wp-json\/wp\/v2\/product_tag?post=3163"}],"curies":[{"name":"wp","href":"https:\/\/api.w.org\/{rel}","templated":true}]}}